{"id":953,"date":"2024-09-25T11:31:37","date_gmt":"2024-09-25T09:31:37","guid":{"rendered":"https:\/\/digitalsignage4.com\/produit\/installation-commissioning\/"},"modified":"2025-05-14T15:18:53","modified_gmt":"2025-05-14T13:18:53","slug":"installation-commissioning","status":"publish","type":"product","link":"https:\/\/productvideo.io\/en\/acheter-plugin-productvideogenerator\/installation-service\/installation-commissioning\/","title":{"rendered":"Installation &#8211; Commissioning"},"content":{"rendered":"<p><p>Install Product Video Generator with AI.<\/p>\n<p>Start generating your videos very quickly!<\/p>\n<p>Choose the \u201cInstallation &#8211; Commissioning\u201d option so that the team takes care of installing Product Video Generator for you. W<\/p>\n<p>hether you don\u2019t have the time, the skills or the desire to take care of the installation and configuration. Our team of experts takes care of everything, up to the creation of your first video. The operation is very simple.<\/p>\n<p>Upon purchase, you will receive an email with the necessary information for the installation. Then, we will set up an appointment for an expert to take care of installing Product Video Generator and explain to you how to use all the features of the tool according to your activity and store.<\/p>\n<p>The goal is to provide you with a turnkey integration of the solution in your WooCommerce or Prestashop store. With \u201cWe install Product Video Generator for you\u201d, save time and focus on the essential: your sales!<\/p>\n<h4>Options<\/h4>\n<p>Other additional options are also available to improve your use of Product Video Generator!<\/p>\n<p>Do you want to increase your presence on social networks? It is possible with <a href=\"https:\/\/productvideo.io\/en\/acheter-plugin-productvideogenerator\/options-and-additional-products\/social-sharing\/\">Product Video Generator social sharing.<\/a>This option allows you to share your videos generated by the tool everywhere. In addition, you will also have the possibility to publish them automatically on YouTube, without doing anything!<\/p>\n<p>You will regularly benefit from new video models adapted to commercial events (Black Friday, Christmas, birthdays, etc.).<\/p>\n<p>If you consume the entire quota of videos included in your package. You have the possibility of acquiring <a href=\"https:\/\/productvideo.io\/produit\/pack-de-videos-automatiques\/\">additional video packs<\/a> to continue to put the products of your store on your site.<\/p>\n<p><em>Start now to boost your store, increase your sales and keep your visitors on your product pages without worrying about installation! <\/em><\/p>\n<p><em>* To benefit from an additional video pack, you must first have a Product Video Generator package which you can find directly in<\/em><a href=\"https:\/\/productvideo.io\/acheter-plugin-digitalsignage4\/\"><em>our store<\/em><\/a><em>or <\/em><a href=\"https:\/\/productvideo.io\/tarifs-digitalsignage4-prestashop-et-woocommerce\/\"><em>our pricing page<\/em><\/a><em>. <\/em><\/p>\n<p>","protected":false},"excerpt":{"rendered":"<p>Do you want to start using Product Video Generator quickly and optimally? Make it easier for yourself with the \u201cInstallation &#8211; Commissioning\u201d option. Our team of experts will install the module in your e-shop, configure it and create your first video! Don\u2019t let the technical aspects hold you back and stand out as quickly as possible!<\/p>\n","protected":false},"featured_media":837,"comment_status":"open","ping_status":"closed","template":"","meta":[],"product_brand":[],"product_cat":[40],"product_tag":[],"class_list":{"0":"post-953","1":"product","2":"type-product","3":"status-publish","4":"has-post-thumbnail","6":"product_cat-installation-service","8":"first","9":"instock","10":"virtual","11":"taxable","12":"purchasable","13":"product-type-simple"},"yoast_head":"<!-- This site is optimized with the Yoast SEO plugin v27.1.1 - https:\/\/yoast.com\/product\/yoast-seo-wordpress\/ -->\n<title>Install Product Video Generator with AI<\/title>\n<meta name=\"description\" content=\"Our teams install and configure DigitalSignage4 for you, the automatic creation tool for product sheet videos. Install Product Video Generator\" \/>\n<meta name=\"robots\" content=\"index, follow, max-snippet:-1, max-image-preview:large, max-video-preview:-1\" \/>\n<link rel=\"canonical\" href=\"https:\/\/productvideo.io\/en\/acheter-plugin-productvideogenerator\/installation-service\/installation-commissioning\/\" \/>\n<meta property=\"og:locale\" content=\"en_US\" \/>\n<meta property=\"og:type\" content=\"article\" \/>\n<meta property=\"og:title\" content=\"Install Product Video Generator with AI\" \/>\n<meta property=\"og:description\" content=\"Our teams install and configure DigitalSignage4 for you, the automatic creation tool for product sheet videos. Install Product Video Generator\" \/>\n<meta property=\"og:url\" content=\"https:\/\/productvideo.io\/en\/acheter-plugin-productvideogenerator\/installation-service\/installation-commissioning\/\" \/>\n<meta property=\"og:site_name\" content=\"Product Video Generator with AI\" \/>\n<meta property=\"article:modified_time\" content=\"2025-05-14T13:18:53+00:00\" \/>\n<meta property=\"og:image\" content=\"https:\/\/i0.wp.com\/productvideo.io\/wp-content\/uploads\/2024\/09\/Service-Mise-en-service-et-installation.png?fit=700%2C700&ssl=1\" \/>\n\t<meta property=\"og:image:width\" content=\"700\" \/>\n\t<meta property=\"og:image:height\" content=\"700\" \/>\n\t<meta property=\"og:image:type\" content=\"image\/png\" \/>\n<meta name=\"twitter:card\" content=\"summary_large_image\" \/>\n<meta name=\"twitter:label1\" content=\"Est. reading time\" \/>\n\t<meta name=\"twitter:data1\" content=\"2 minutes\" \/>\n<script type=\"application\/ld+json\" class=\"yoast-schema-graph\">{\"@context\":\"https:\/\/schema.org\",\"@graph\":[{\"@type\":\"WebPage\",\"@id\":\"https:\/\/productvideo.io\/en\/acheter-plugin-productvideogenerator\/installation-service\/installation-commissioning\/\",\"url\":\"https:\/\/productvideo.io\/en\/acheter-plugin-productvideogenerator\/installation-service\/installation-commissioning\/\",\"name\":\"Install Product Video Generator with AI\",\"isPartOf\":{\"@id\":\"https:\/\/productvideo.io\/en\/#website\"},\"primaryImageOfPage\":{\"@id\":\"https:\/\/productvideo.io\/en\/acheter-plugin-productvideogenerator\/installation-service\/installation-commissioning\/#primaryimage\"},\"image\":{\"@id\":\"https:\/\/productvideo.io\/en\/acheter-plugin-productvideogenerator\/installation-service\/installation-commissioning\/#primaryimage\"},\"thumbnailUrl\":\"https:\/\/i0.wp.com\/productvideo.io\/wp-content\/uploads\/2024\/09\/Service-Mise-en-service-et-installation.png?fit=700%2C700&ssl=1\",\"datePublished\":\"2024-09-25T09:31:37+00:00\",\"dateModified\":\"2025-05-14T13:18:53+00:00\",\"description\":\"Our teams install and configure DigitalSignage4 for you, the automatic creation tool for product sheet videos. Install Product Video Generator\",\"breadcrumb\":{\"@id\":\"https:\/\/productvideo.io\/en\/acheter-plugin-productvideogenerator\/installation-service\/installation-commissioning\/#breadcrumb\"},\"inLanguage\":\"en-US\",\"potentialAction\":[{\"@type\":\"ReadAction\",\"target\":[\"https:\/\/productvideo.io\/en\/acheter-plugin-productvideogenerator\/installation-service\/installation-commissioning\/\"]}]},{\"@type\":\"ImageObject\",\"inLanguage\":\"en-US\",\"@id\":\"https:\/\/productvideo.io\/en\/acheter-plugin-productvideogenerator\/installation-service\/installation-commissioning\/#primaryimage\",\"url\":\"https:\/\/i0.wp.com\/productvideo.io\/wp-content\/uploads\/2024\/09\/Service-Mise-en-service-et-installation.png?fit=700%2C700&ssl=1\",\"contentUrl\":\"https:\/\/i0.wp.com\/productvideo.io\/wp-content\/uploads\/2024\/09\/Service-Mise-en-service-et-installation.png?fit=700%2C700&ssl=1\",\"width\":700,\"height\":700,\"caption\":\"DigitalSignage4 - Install DigitalSignage4\"},{\"@type\":\"BreadcrumbList\",\"@id\":\"https:\/\/productvideo.io\/en\/acheter-plugin-productvideogenerator\/installation-service\/installation-commissioning\/#breadcrumb\",\"itemListElement\":[{\"@type\":\"ListItem\",\"position\":1,\"name\":\"Accueil\",\"item\":\"https:\/\/productvideo.io\/en\/\"},{\"@type\":\"ListItem\",\"position\":2,\"name\":\"Store\",\"item\":\"https:\/\/productvideo.io\/en\/shop\/\"},{\"@type\":\"ListItem\",\"position\":3,\"name\":\"Installation &#8211; Commissioning\"}]},{\"@type\":\"WebSite\",\"@id\":\"https:\/\/productvideo.io\/en\/#website\",\"url\":\"https:\/\/productvideo.io\/en\/\",\"name\":\"Product Video Generator With AI\",\"description\":\"G\u00e9n\u00e9ration de vid\u00e9os pour vos produits e-commerce\",\"publisher\":{\"@id\":\"https:\/\/productvideo.io\/en\/#organization\"},\"alternateName\":\"PVG\",\"potentialAction\":[{\"@type\":\"SearchAction\",\"target\":{\"@type\":\"EntryPoint\",\"urlTemplate\":\"https:\/\/productvideo.io\/en\/?s={search_term_string}\"},\"query-input\":{\"@type\":\"PropertyValueSpecification\",\"valueRequired\":true,\"valueName\":\"search_term_string\"}}],\"inLanguage\":\"en-US\"},{\"@type\":\"Organization\",\"@id\":\"https:\/\/productvideo.io\/en\/#organization\",\"name\":\"I.R.C. Ouest Acacia Dynamic\",\"url\":\"https:\/\/productvideo.io\/en\/\",\"logo\":{\"@type\":\"ImageObject\",\"inLanguage\":\"en-US\",\"@id\":\"https:\/\/productvideo.io\/en\/#\/schema\/logo\/image\/\",\"url\":\"https:\/\/i0.wp.com\/productvideo.io\/wp-content\/uploads\/2024\/09\/cropped-1563199803621.jpg?fit=200%2C133&ssl=1\",\"contentUrl\":\"https:\/\/i0.wp.com\/productvideo.io\/wp-content\/uploads\/2024\/09\/cropped-1563199803621.jpg?fit=200%2C133&ssl=1\",\"width\":200,\"height\":133,\"caption\":\"I.R.C. Ouest Acacia Dynamic\"},\"image\":{\"@id\":\"https:\/\/productvideo.io\/en\/#\/schema\/logo\/image\/\"}}]}<\/script>\n<!-- \/ Yoast SEO plugin. -->","yoast_head_json":{"title":"Install Product Video Generator with AI","description":"Our teams install and configure DigitalSignage4 for you, the automatic creation tool for product sheet videos. Install Product Video Generator","robots":{"index":"index","follow":"follow","max-snippet":"max-snippet:-1","max-image-preview":"max-image-preview:large","max-video-preview":"max-video-preview:-1"},"canonical":"https:\/\/productvideo.io\/en\/acheter-plugin-productvideogenerator\/installation-service\/installation-commissioning\/","og_locale":"en_US","og_type":"article","og_title":"Install Product Video Generator with AI","og_description":"Our teams install and configure DigitalSignage4 for you, the automatic creation tool for product sheet videos. Install Product Video Generator","og_url":"https:\/\/productvideo.io\/en\/acheter-plugin-productvideogenerator\/installation-service\/installation-commissioning\/","og_site_name":"Product Video Generator with AI","article_modified_time":"2025-05-14T13:18:53+00:00","og_image":[{"width":700,"height":700,"url":"https:\/\/i0.wp.com\/productvideo.io\/wp-content\/uploads\/2024\/09\/Service-Mise-en-service-et-installation.png?fit=700%2C700&ssl=1","type":"image\/png"}],"twitter_card":"summary_large_image","twitter_misc":{"Est. reading time":"2 minutes"},"schema":{"@context":"https:\/\/schema.org","@graph":[{"@type":"WebPage","@id":"https:\/\/productvideo.io\/en\/acheter-plugin-productvideogenerator\/installation-service\/installation-commissioning\/","url":"https:\/\/productvideo.io\/en\/acheter-plugin-productvideogenerator\/installation-service\/installation-commissioning\/","name":"Install Product Video Generator with AI","isPartOf":{"@id":"https:\/\/productvideo.io\/en\/#website"},"primaryImageOfPage":{"@id":"https:\/\/productvideo.io\/en\/acheter-plugin-productvideogenerator\/installation-service\/installation-commissioning\/#primaryimage"},"image":{"@id":"https:\/\/productvideo.io\/en\/acheter-plugin-productvideogenerator\/installation-service\/installation-commissioning\/#primaryimage"},"thumbnailUrl":"https:\/\/i0.wp.com\/productvideo.io\/wp-content\/uploads\/2024\/09\/Service-Mise-en-service-et-installation.png?fit=700%2C700&ssl=1","datePublished":"2024-09-25T09:31:37+00:00","dateModified":"2025-05-14T13:18:53+00:00","description":"Our teams install and configure DigitalSignage4 for you, the automatic creation tool for product sheet videos. Install Product Video Generator","breadcrumb":{"@id":"https:\/\/productvideo.io\/en\/acheter-plugin-productvideogenerator\/installation-service\/installation-commissioning\/#breadcrumb"},"inLanguage":"en-US","potentialAction":[{"@type":"ReadAction","target":["https:\/\/productvideo.io\/en\/acheter-plugin-productvideogenerator\/installation-service\/installation-commissioning\/"]}]},{"@type":"ImageObject","inLanguage":"en-US","@id":"https:\/\/productvideo.io\/en\/acheter-plugin-productvideogenerator\/installation-service\/installation-commissioning\/#primaryimage","url":"https:\/\/i0.wp.com\/productvideo.io\/wp-content\/uploads\/2024\/09\/Service-Mise-en-service-et-installation.png?fit=700%2C700&ssl=1","contentUrl":"https:\/\/i0.wp.com\/productvideo.io\/wp-content\/uploads\/2024\/09\/Service-Mise-en-service-et-installation.png?fit=700%2C700&ssl=1","width":700,"height":700,"caption":"DigitalSignage4 - Install DigitalSignage4"},{"@type":"BreadcrumbList","@id":"https:\/\/productvideo.io\/en\/acheter-plugin-productvideogenerator\/installation-service\/installation-commissioning\/#breadcrumb","itemListElement":[{"@type":"ListItem","position":1,"name":"Accueil","item":"https:\/\/productvideo.io\/en\/"},{"@type":"ListItem","position":2,"name":"Store","item":"https:\/\/productvideo.io\/en\/shop\/"},{"@type":"ListItem","position":3,"name":"Installation &#8211; Commissioning"}]},{"@type":"WebSite","@id":"https:\/\/productvideo.io\/en\/#website","url":"https:\/\/productvideo.io\/en\/","name":"Product Video Generator With AI","description":"G\u00e9n\u00e9ration de vid\u00e9os pour vos produits e-commerce","publisher":{"@id":"https:\/\/productvideo.io\/en\/#organization"},"alternateName":"PVG","potentialAction":[{"@type":"SearchAction","target":{"@type":"EntryPoint","urlTemplate":"https:\/\/productvideo.io\/en\/?s={search_term_string}"},"query-input":{"@type":"PropertyValueSpecification","valueRequired":true,"valueName":"search_term_string"}}],"inLanguage":"en-US"},{"@type":"Organization","@id":"https:\/\/productvideo.io\/en\/#organization","name":"I.R.C. Ouest Acacia Dynamic","url":"https:\/\/productvideo.io\/en\/","logo":{"@type":"ImageObject","inLanguage":"en-US","@id":"https:\/\/productvideo.io\/en\/#\/schema\/logo\/image\/","url":"https:\/\/i0.wp.com\/productvideo.io\/wp-content\/uploads\/2024\/09\/cropped-1563199803621.jpg?fit=200%2C133&ssl=1","contentUrl":"https:\/\/i0.wp.com\/productvideo.io\/wp-content\/uploads\/2024\/09\/cropped-1563199803621.jpg?fit=200%2C133&ssl=1","width":200,"height":133,"caption":"I.R.C. Ouest Acacia Dynamic"},"image":{"@id":"https:\/\/productvideo.io\/en\/#\/schema\/logo\/image\/"}}]}},"_links":{"self":[{"href":"https:\/\/productvideo.io\/en\/wp-json\/wp\/v2\/product\/953","targetHints":{"allow":["GET"]}}],"collection":[{"href":"https:\/\/productvideo.io\/en\/wp-json\/wp\/v2\/product"}],"about":[{"href":"https:\/\/productvideo.io\/en\/wp-json\/wp\/v2\/types\/product"}],"replies":[{"embeddable":true,"href":"https:\/\/productvideo.io\/en\/wp-json\/wp\/v2\/comments?post=953"}],"version-history":[{"count":2,"href":"https:\/\/productvideo.io\/en\/wp-json\/wp\/v2\/product\/953\/revisions"}],"predecessor-version":[{"id":1753,"href":"https:\/\/productvideo.io\/en\/wp-json\/wp\/v2\/product\/953\/revisions\/1753"}],"wp:featuredmedia":[{"embeddable":true,"href":"https:\/\/productvideo.io\/en\/wp-json\/wp\/v2\/media\/837"}],"wp:attachment":[{"href":"https:\/\/productvideo.io\/en\/wp-json\/wp\/v2\/media?parent=953"}],"wp:term":[{"taxonomy":"product_brand","embeddable":true,"href":"https:\/\/productvideo.io\/en\/wp-json\/wp\/v2\/product_brand?post=953"},{"taxonomy":"product_cat","embeddable":true,"href":"https:\/\/productvideo.io\/en\/wp-json\/wp\/v2\/product_cat?post=953"},{"taxonomy":"product_tag","embeddable":true,"href":"https:\/\/productvideo.io\/en\/wp-json\/wp\/v2\/product_tag?post=953"}],"curies":[{"name":"wp","href":"https:\/\/api.w.org\/{rel}","templated":true}]}}