{"id":951,"date":"2024-09-23T17:36:43","date_gmt":"2024-09-23T15:36:43","guid":{"rendered":"https:\/\/digitalsignage4.com\/produit\/social-sharing\/"},"modified":"2025-05-14T15:25:29","modified_gmt":"2025-05-14T13:25:29","slug":"social-sharing","status":"publish","type":"product","link":"https:\/\/productvideo.io\/en\/acheter-plugin-productvideogenerator\/options-and-additional-products\/social-sharing\/","title":{"rendered":"Social sharing"},"content":{"rendered":"<p><p>Share videos on social networks.<\/p>\n<p>Want to share videos on social media?<\/p>\n<p>The &#8220;social sharing&#8221; option for Product Video Generator allows you to meet consumer expectations.<\/p>\n<p>Thanks to this, publish your videos generated with the tool on your social networks and stand out from the competition. You can publish your videos on all the platforms you use (Facebook, Instagram, TikTok, YouTube, etc.).The videos are belonging to you and you can therefore use them however you wish.<\/p>\n<p>Today and more than ever, being present on social networks is essential for an e-commerce business. To capture the attention of customers, it is necessary to understand their expectations. Currently, video is trendy and 86% of consumers want to see more of it (Source: Wyzolw).<\/p>\n<p>With your &#8220;social sharing&#8221;, in addition to sharing your videos on social networks, you can also automate the publication of videos on your YouTube channel. Once they are generated by Product Video Generator, they will be directly posted on this social network.<\/p>\n<h4>Options<\/h4>\n<p>Other additional options are also available to improve your daily use of Product Video Generator!<\/p>\n<p>If you consume the entire quota of videos included in your package. You have the possibility to purchase<a href=\"https:\/\/productvideo.io\/produit\/pack-10-videos\/\">packs of 10 additional vid\u00e9os<\/a> to continue to put the products of your store on your site.<\/p>\n<p>For an optimal start, the Product Video Generator team can <a href=\"https:\/\/productvideo.io\/produit\/installer-digitalsignage4\/\">install the module for you<\/a>. The team then installs the extension on your site and takes care of the configuration. We also take care of creating your first video!<\/p>\n<p><em>Activate your option now* to improve your presence on social networks! <\/em><\/p>\n<p><em>To activate this option, you must first have a Digital Signage 4 plan. You can find them directly in <a href=\"https:\/\/productvideo.io\/acheter-plugin-digitalsignage4\/\">our e-shop<\/a> ou <a href=\"https:\/\/productvideo.io\/tarifs\/\">our pricing page<\/a>. <\/em><\/p>\n<p>","protected":false},"excerpt":{"rendered":"<p>With social sharing, connect Product Video Generator to your social networks! You may know, but video is the most viewed format on social networks. In addition, Internet users watch videos for 16 hours per week on average (Source: Semrush). Thanks to the &#8220;social sharing&#8221; option, stand out from your competitors with your videos generated by Product Video Generator. By subscribing to this option, you can publish your videos, Reels, Stories or Shorts on all your social networks. It is also possible to link your YouTube channel with the tool to automatically publish your videos on this social network. They will be added as soon as they are created on Product Video Generator. Without extra effort, be more present on social networks by activating the option!<\/p>\n","protected":false},"featured_media":886,"comment_status":"open","ping_status":"closed","template":"","meta":[],"product_brand":[],"product_cat":[39],"product_tag":[],"class_list":{"0":"post-951","1":"product","2":"type-product","3":"status-publish","4":"has-post-thumbnail","6":"product_cat-options-and-additional-products","8":"first","9":"instock","10":"virtual","11":"taxable","12":"purchasable","13":"product-type-subscription"},"yoast_head":"<!-- This site is optimized with the Yoast SEO plugin v27.1.1 - https:\/\/yoast.com\/product\/yoast-seo-wordpress\/ -->\n<title>Share videos on social networks - Product Video Generator with AI<\/title>\n<meta name=\"description\" content=\"Share videos on social networks. Publish videos, Reels, Stories or Shorts on all your social networks and also on your YouTube channel.\" \/>\n<meta name=\"robots\" content=\"index, follow, max-snippet:-1, max-image-preview:large, max-video-preview:-1\" \/>\n<link rel=\"canonical\" href=\"https:\/\/productvideo.io\/en\/acheter-plugin-productvideogenerator\/options-and-additional-products\/social-sharing\/\" \/>\n<meta property=\"og:locale\" content=\"en_US\" \/>\n<meta property=\"og:type\" content=\"article\" \/>\n<meta property=\"og:title\" content=\"Share videos on social networks - Product Video Generator with AI\" \/>\n<meta property=\"og:description\" content=\"Share videos on social networks. Publish videos, Reels, Stories or Shorts on all your social networks and also on your YouTube channel.\" \/>\n<meta property=\"og:url\" content=\"https:\/\/productvideo.io\/en\/acheter-plugin-productvideogenerator\/options-and-additional-products\/social-sharing\/\" \/>\n<meta property=\"og:site_name\" content=\"Product Video Generator with AI\" \/>\n<meta property=\"article:modified_time\" content=\"2025-05-14T13:25:29+00:00\" \/>\n<meta property=\"og:image\" content=\"https:\/\/i0.wp.com\/productvideo.io\/wp-content\/uploads\/2024\/10\/Service-Partage-social.png?fit=700%2C700&ssl=1\" \/>\n\t<meta property=\"og:image:width\" content=\"700\" \/>\n\t<meta property=\"og:image:height\" content=\"700\" \/>\n\t<meta property=\"og:image:type\" content=\"image\/png\" \/>\n<meta name=\"twitter:card\" content=\"summary_large_image\" \/>\n<meta name=\"twitter:label1\" content=\"Est. reading time\" \/>\n\t<meta name=\"twitter:data1\" content=\"2 minutes\" \/>\n<script type=\"application\/ld+json\" class=\"yoast-schema-graph\">{\"@context\":\"https:\/\/schema.org\",\"@graph\":[{\"@type\":\"WebPage\",\"@id\":\"https:\/\/productvideo.io\/en\/acheter-plugin-productvideogenerator\/options-and-additional-products\/social-sharing\/\",\"url\":\"https:\/\/productvideo.io\/en\/acheter-plugin-productvideogenerator\/options-and-additional-products\/social-sharing\/\",\"name\":\"Share videos on social networks - Product Video Generator with AI\",\"isPartOf\":{\"@id\":\"https:\/\/productvideo.io\/en\/#website\"},\"primaryImageOfPage\":{\"@id\":\"https:\/\/productvideo.io\/en\/acheter-plugin-productvideogenerator\/options-and-additional-products\/social-sharing\/#primaryimage\"},\"image\":{\"@id\":\"https:\/\/productvideo.io\/en\/acheter-plugin-productvideogenerator\/options-and-additional-products\/social-sharing\/#primaryimage\"},\"thumbnailUrl\":\"https:\/\/i0.wp.com\/productvideo.io\/wp-content\/uploads\/2024\/10\/Service-Partage-social.png?fit=700%2C700&ssl=1\",\"datePublished\":\"2024-09-23T15:36:43+00:00\",\"dateModified\":\"2025-05-14T13:25:29+00:00\",\"description\":\"Share videos on social networks. Publish videos, Reels, Stories or Shorts on all your social networks and also on your YouTube channel.\",\"breadcrumb\":{\"@id\":\"https:\/\/productvideo.io\/en\/acheter-plugin-productvideogenerator\/options-and-additional-products\/social-sharing\/#breadcrumb\"},\"inLanguage\":\"en-US\",\"potentialAction\":[{\"@type\":\"ReadAction\",\"target\":[\"https:\/\/productvideo.io\/en\/acheter-plugin-productvideogenerator\/options-and-additional-products\/social-sharing\/\"]}]},{\"@type\":\"ImageObject\",\"inLanguage\":\"en-US\",\"@id\":\"https:\/\/productvideo.io\/en\/acheter-plugin-productvideogenerator\/options-and-additional-products\/social-sharing\/#primaryimage\",\"url\":\"https:\/\/i0.wp.com\/productvideo.io\/wp-content\/uploads\/2024\/10\/Service-Partage-social.png?fit=700%2C700&ssl=1\",\"contentUrl\":\"https:\/\/i0.wp.com\/productvideo.io\/wp-content\/uploads\/2024\/10\/Service-Partage-social.png?fit=700%2C700&ssl=1\",\"width\":700,\"height\":700,\"caption\":\"DigitalSignage4 - Share videos on social networks\"},{\"@type\":\"BreadcrumbList\",\"@id\":\"https:\/\/productvideo.io\/en\/acheter-plugin-productvideogenerator\/options-and-additional-products\/social-sharing\/#breadcrumb\",\"itemListElement\":[{\"@type\":\"ListItem\",\"position\":1,\"name\":\"Accueil\",\"item\":\"https:\/\/productvideo.io\/en\/\"},{\"@type\":\"ListItem\",\"position\":2,\"name\":\"Store\",\"item\":\"https:\/\/productvideo.io\/en\/shop\/\"},{\"@type\":\"ListItem\",\"position\":3,\"name\":\"Social sharing\"}]},{\"@type\":\"WebSite\",\"@id\":\"https:\/\/productvideo.io\/en\/#website\",\"url\":\"https:\/\/productvideo.io\/en\/\",\"name\":\"Product Video Generator With AI\",\"description\":\"G\u00e9n\u00e9ration de vid\u00e9os pour vos produits e-commerce\",\"publisher\":{\"@id\":\"https:\/\/productvideo.io\/en\/#organization\"},\"alternateName\":\"PVG\",\"potentialAction\":[{\"@type\":\"SearchAction\",\"target\":{\"@type\":\"EntryPoint\",\"urlTemplate\":\"https:\/\/productvideo.io\/en\/?s={search_term_string}\"},\"query-input\":{\"@type\":\"PropertyValueSpecification\",\"valueRequired\":true,\"valueName\":\"search_term_string\"}}],\"inLanguage\":\"en-US\"},{\"@type\":\"Organization\",\"@id\":\"https:\/\/productvideo.io\/en\/#organization\",\"name\":\"I.R.C. Ouest Acacia Dynamic\",\"url\":\"https:\/\/productvideo.io\/en\/\",\"logo\":{\"@type\":\"ImageObject\",\"inLanguage\":\"en-US\",\"@id\":\"https:\/\/productvideo.io\/en\/#\/schema\/logo\/image\/\",\"url\":\"https:\/\/i0.wp.com\/productvideo.io\/wp-content\/uploads\/2024\/09\/cropped-1563199803621.jpg?fit=200%2C133&ssl=1\",\"contentUrl\":\"https:\/\/i0.wp.com\/productvideo.io\/wp-content\/uploads\/2024\/09\/cropped-1563199803621.jpg?fit=200%2C133&ssl=1\",\"width\":200,\"height\":133,\"caption\":\"I.R.C. Ouest Acacia Dynamic\"},\"image\":{\"@id\":\"https:\/\/productvideo.io\/en\/#\/schema\/logo\/image\/\"}}]}<\/script>\n<!-- \/ Yoast SEO plugin. -->","yoast_head_json":{"title":"Share videos on social networks - Product Video Generator with AI","description":"Share videos on social networks. Publish videos, Reels, Stories or Shorts on all your social networks and also on your YouTube channel.","robots":{"index":"index","follow":"follow","max-snippet":"max-snippet:-1","max-image-preview":"max-image-preview:large","max-video-preview":"max-video-preview:-1"},"canonical":"https:\/\/productvideo.io\/en\/acheter-plugin-productvideogenerator\/options-and-additional-products\/social-sharing\/","og_locale":"en_US","og_type":"article","og_title":"Share videos on social networks - Product Video Generator with AI","og_description":"Share videos on social networks. Publish videos, Reels, Stories or Shorts on all your social networks and also on your YouTube channel.","og_url":"https:\/\/productvideo.io\/en\/acheter-plugin-productvideogenerator\/options-and-additional-products\/social-sharing\/","og_site_name":"Product Video Generator with AI","article_modified_time":"2025-05-14T13:25:29+00:00","og_image":[{"width":700,"height":700,"url":"https:\/\/i0.wp.com\/productvideo.io\/wp-content\/uploads\/2024\/10\/Service-Partage-social.png?fit=700%2C700&ssl=1","type":"image\/png"}],"twitter_card":"summary_large_image","twitter_misc":{"Est. reading time":"2 minutes"},"schema":{"@context":"https:\/\/schema.org","@graph":[{"@type":"WebPage","@id":"https:\/\/productvideo.io\/en\/acheter-plugin-productvideogenerator\/options-and-additional-products\/social-sharing\/","url":"https:\/\/productvideo.io\/en\/acheter-plugin-productvideogenerator\/options-and-additional-products\/social-sharing\/","name":"Share videos on social networks - Product Video Generator with AI","isPartOf":{"@id":"https:\/\/productvideo.io\/en\/#website"},"primaryImageOfPage":{"@id":"https:\/\/productvideo.io\/en\/acheter-plugin-productvideogenerator\/options-and-additional-products\/social-sharing\/#primaryimage"},"image":{"@id":"https:\/\/productvideo.io\/en\/acheter-plugin-productvideogenerator\/options-and-additional-products\/social-sharing\/#primaryimage"},"thumbnailUrl":"https:\/\/i0.wp.com\/productvideo.io\/wp-content\/uploads\/2024\/10\/Service-Partage-social.png?fit=700%2C700&ssl=1","datePublished":"2024-09-23T15:36:43+00:00","dateModified":"2025-05-14T13:25:29+00:00","description":"Share videos on social networks. Publish videos, Reels, Stories or Shorts on all your social networks and also on your YouTube channel.","breadcrumb":{"@id":"https:\/\/productvideo.io\/en\/acheter-plugin-productvideogenerator\/options-and-additional-products\/social-sharing\/#breadcrumb"},"inLanguage":"en-US","potentialAction":[{"@type":"ReadAction","target":["https:\/\/productvideo.io\/en\/acheter-plugin-productvideogenerator\/options-and-additional-products\/social-sharing\/"]}]},{"@type":"ImageObject","inLanguage":"en-US","@id":"https:\/\/productvideo.io\/en\/acheter-plugin-productvideogenerator\/options-and-additional-products\/social-sharing\/#primaryimage","url":"https:\/\/i0.wp.com\/productvideo.io\/wp-content\/uploads\/2024\/10\/Service-Partage-social.png?fit=700%2C700&ssl=1","contentUrl":"https:\/\/i0.wp.com\/productvideo.io\/wp-content\/uploads\/2024\/10\/Service-Partage-social.png?fit=700%2C700&ssl=1","width":700,"height":700,"caption":"DigitalSignage4 - Share videos on social networks"},{"@type":"BreadcrumbList","@id":"https:\/\/productvideo.io\/en\/acheter-plugin-productvideogenerator\/options-and-additional-products\/social-sharing\/#breadcrumb","itemListElement":[{"@type":"ListItem","position":1,"name":"Accueil","item":"https:\/\/productvideo.io\/en\/"},{"@type":"ListItem","position":2,"name":"Store","item":"https:\/\/productvideo.io\/en\/shop\/"},{"@type":"ListItem","position":3,"name":"Social sharing"}]},{"@type":"WebSite","@id":"https:\/\/productvideo.io\/en\/#website","url":"https:\/\/productvideo.io\/en\/","name":"Product Video Generator With AI","description":"G\u00e9n\u00e9ration de vid\u00e9os pour vos produits e-commerce","publisher":{"@id":"https:\/\/productvideo.io\/en\/#organization"},"alternateName":"PVG","potentialAction":[{"@type":"SearchAction","target":{"@type":"EntryPoint","urlTemplate":"https:\/\/productvideo.io\/en\/?s={search_term_string}"},"query-input":{"@type":"PropertyValueSpecification","valueRequired":true,"valueName":"search_term_string"}}],"inLanguage":"en-US"},{"@type":"Organization","@id":"https:\/\/productvideo.io\/en\/#organization","name":"I.R.C. Ouest Acacia Dynamic","url":"https:\/\/productvideo.io\/en\/","logo":{"@type":"ImageObject","inLanguage":"en-US","@id":"https:\/\/productvideo.io\/en\/#\/schema\/logo\/image\/","url":"https:\/\/i0.wp.com\/productvideo.io\/wp-content\/uploads\/2024\/09\/cropped-1563199803621.jpg?fit=200%2C133&ssl=1","contentUrl":"https:\/\/i0.wp.com\/productvideo.io\/wp-content\/uploads\/2024\/09\/cropped-1563199803621.jpg?fit=200%2C133&ssl=1","width":200,"height":133,"caption":"I.R.C. Ouest Acacia Dynamic"},"image":{"@id":"https:\/\/productvideo.io\/en\/#\/schema\/logo\/image\/"}}]}},"_links":{"self":[{"href":"https:\/\/productvideo.io\/en\/wp-json\/wp\/v2\/product\/951","targetHints":{"allow":["GET"]}}],"collection":[{"href":"https:\/\/productvideo.io\/en\/wp-json\/wp\/v2\/product"}],"about":[{"href":"https:\/\/productvideo.io\/en\/wp-json\/wp\/v2\/types\/product"}],"replies":[{"embeddable":true,"href":"https:\/\/productvideo.io\/en\/wp-json\/wp\/v2\/comments?post=951"}],"version-history":[{"count":2,"href":"https:\/\/productvideo.io\/en\/wp-json\/wp\/v2\/product\/951\/revisions"}],"predecessor-version":[{"id":1755,"href":"https:\/\/productvideo.io\/en\/wp-json\/wp\/v2\/product\/951\/revisions\/1755"}],"wp:featuredmedia":[{"embeddable":true,"href":"https:\/\/productvideo.io\/en\/wp-json\/wp\/v2\/media\/886"}],"wp:attachment":[{"href":"https:\/\/productvideo.io\/en\/wp-json\/wp\/v2\/media?parent=951"}],"wp:term":[{"taxonomy":"product_brand","embeddable":true,"href":"https:\/\/productvideo.io\/en\/wp-json\/wp\/v2\/product_brand?post=951"},{"taxonomy":"product_cat","embeddable":true,"href":"https:\/\/productvideo.io\/en\/wp-json\/wp\/v2\/product_cat?post=951"},{"taxonomy":"product_tag","embeddable":true,"href":"https:\/\/productvideo.io\/en\/wp-json\/wp\/v2\/product_tag?post=951"}],"curies":[{"name":"wp","href":"https:\/\/api.w.org\/{rel}","templated":true}]}}