{"id":949,"date":"2024-09-25T11:46:15","date_gmt":"2024-09-25T09:46:15","guid":{"rendered":"https:\/\/digitalsignage4.com\/produit\/digitalsignage4-custom-made\/"},"modified":"2025-05-14T15:13:45","modified_gmt":"2025-05-14T13:13:45","slug":"product-video-generator-custom-made","status":"publish","type":"product","link":"https:\/\/productvideo.io\/en\/acheter-plugin-productvideogenerator\/plans\/product-video-generator-custom-made\/","title":{"rendered":"Product Video Generator Custom-made"},"content":{"rendered":"<p><p>E-commerce video generation with AI.<\/p>\n<p>Are you looking for a <strong>solution adapted to your needs to boost your sales<\/strong>?<\/p>\n<p>Product Video Generator Custom is the automatic video extension for e-commerce that you need!<\/p>\n<p>Thanks to this tool compatible with WooCommerce and PrestaShop. So you can automatically create personalized videos to highlight your products.<\/p>\n<p>Studies have shown that the presence of a video on a web page can <strong>increase conversion rates by 60%<\/strong> compared to a page without animated content.<\/p>\n<p>With Product Video Generator, you can therefore <strong>animate your product pages without doing anything<\/strong>. The automatic video tool for e-commerce allows you to very easily create your videos one by one or your series of videos (according to criteria such as category or price).<\/p>\n<p>In addition, you can also let Product Video Generator automate the creation of videos for your most popular products or the latest products added to your store.<\/p>\n<p>Unlike other Silver, Gold and Premium subscriptions, <a href=\"https:\/\/productvideo.io\/produit\/digitalsignage4-silver\/\">Silver<\/a>, <a href=\"https:\/\/productvideo.io\/produit\/digitalsignage4-gold\/\">Gold<\/a> and <a href=\"https:\/\/productvideo.io\/produit\/digitalsignage4-premium-videos-de-fiches-produits\/\">Premium<\/a>, <strong>Product Video Generator Custom <\/strong>is adapted to your specific needs.<\/p>\n<p>Therefore, this is the subscription you need if you want to have <strong>more active videos<\/strong> per month, <strong>templates adapted to your graphic charter<\/strong> or if you <strong>use another CMS<\/strong>. To best meet your needs, <a href=\"https:\/\/productvideo.io\/contact\/\">contact us<\/a> and tell us your wishes.<\/p>\n<p>We will then carry out a study to provide you with a <strong>free and complete quote<\/strong> for your personalized plugin.<\/p>\n<p>Finally, you will regularly benefit from new video models adapted to commercial events (Black Friday, Christmas, birthdays, etc.).<\/p>\n<h4>Option<\/h4>\n<p>Also discover in <a href=\"https:\/\/ds4.dev.acacia-dynamic.com\/boutique\/\">our store<\/a> our additional options that allow you to improve your experience and broadcast your videos everywhere. Among these options, you can <a href=\"https:\/\/productvideo.io\/produit\/option-partage-social\/\">publish your videos on social networks<\/a> and automate their uploading to YouTube..<\/p>\n<p>For better handling, the Product Video Generator team can <a href=\"https:\/\/ds4.dev.acacia-dynamic.com\/boutique\/service\/installation-mise-en-service\/\">install the plugin for you<\/a>. The team will configure the extension and create your first video. You are only a few clicks away from <strong>increasing your conversion rates and sales<\/strong>. Don&#8217;t wait any longer and <a href=\"https:\/\/ds4.dev.acacia-dynamic.com\/contact\/\">contact us<\/a> to animate your online store with <strong>Product Video Generator Custom.<\/strong><\/p>\n<p>","protected":false},"excerpt":{"rendered":"<p>Automatic e-commerce video: Boost your sales with Product Video Generator. The extension that adapts to your needs! Start now to automatically <strong>produce animated and personalized videos<\/strong> from your product sheets. We carry out a <strong>tailor-made study<\/strong> to adapt the plugin to your needs. Do you need <strong>more active videos<\/strong> per month? Do you want to have your <strong>personalized models<\/strong> adapted to your graphic charter? Do you use a <strong>CMS<\/strong> other than WooCommerce and PrestaShop? The Product Video Generator team offers you a <strong>free and complete quote <\/strong>adapted to your request. Optimize your store today and <a href=\"https:\/\/productvideo.io\/contact\/\">contact us<\/a> so that we can study your needs and quickly start using <strong>Product Video Generator Custom<\/strong> !<\/p>\n","protected":false},"featured_media":1616,"comment_status":"open","ping_status":"closed","template":"","meta":[],"product_brand":[],"product_cat":[37],"product_tag":[],"class_list":{"0":"post-949","1":"product","2":"type-product","3":"status-publish","4":"has-post-thumbnail","6":"product_cat-plans","8":"first","9":"instock","10":"virtual","11":"taxable","12":"product-type-simple"},"yoast_head":"<!-- This site is optimized with the Yoast SEO plugin v27.1.1 - https:\/\/yoast.com\/product\/yoast-seo-wordpress\/ -->\n<title>E-commerce video generation with AI<\/title>\n<meta name=\"description\" content=\"E-commerce video generation with AI. Product Video Generator, the extension that automatically produces personalized videos from your product sheets.\" \/>\n<meta name=\"robots\" content=\"index, follow, max-snippet:-1, max-image-preview:large, max-video-preview:-1\" \/>\n<link rel=\"canonical\" href=\"https:\/\/productvideo.io\/en\/acheter-plugin-productvideogenerator\/plans\/product-video-generator-custom-made\/\" \/>\n<meta property=\"og:locale\" content=\"en_US\" \/>\n<meta property=\"og:type\" content=\"article\" \/>\n<meta property=\"og:title\" content=\"E-commerce video generation with AI\" \/>\n<meta property=\"og:description\" content=\"E-commerce video generation with AI. Product Video Generator, the extension that automatically produces personalized videos from your product sheets.\" \/>\n<meta property=\"og:url\" content=\"https:\/\/productvideo.io\/en\/acheter-plugin-productvideogenerator\/plans\/product-video-generator-custom-made\/\" \/>\n<meta property=\"og:site_name\" content=\"Product Video Generator with AI\" \/>\n<meta property=\"article:modified_time\" content=\"2025-05-14T13:13:45+00:00\" \/>\n<meta property=\"og:image\" content=\"https:\/\/i0.wp.com\/productvideo.io\/wp-content\/uploads\/2025\/04\/Logo-Abonnement-Sur-mesure-T.png?fit=700%2C700&ssl=1\" \/>\n\t<meta property=\"og:image:width\" content=\"700\" \/>\n\t<meta property=\"og:image:height\" content=\"700\" \/>\n\t<meta property=\"og:image:type\" content=\"image\/png\" \/>\n<meta name=\"twitter:card\" content=\"summary_large_image\" \/>\n<meta name=\"twitter:label1\" content=\"Est. reading time\" \/>\n\t<meta name=\"twitter:data1\" content=\"2 minutes\" \/>\n<script type=\"application\/ld+json\" class=\"yoast-schema-graph\">{\"@context\":\"https:\/\/schema.org\",\"@graph\":[{\"@type\":\"WebPage\",\"@id\":\"https:\/\/productvideo.io\/en\/acheter-plugin-productvideogenerator\/plans\/product-video-generator-custom-made\/\",\"url\":\"https:\/\/productvideo.io\/en\/acheter-plugin-productvideogenerator\/plans\/product-video-generator-custom-made\/\",\"name\":\"E-commerce video generation with AI\",\"isPartOf\":{\"@id\":\"https:\/\/productvideo.io\/en\/#website\"},\"primaryImageOfPage\":{\"@id\":\"https:\/\/productvideo.io\/en\/acheter-plugin-productvideogenerator\/plans\/product-video-generator-custom-made\/#primaryimage\"},\"image\":{\"@id\":\"https:\/\/productvideo.io\/en\/acheter-plugin-productvideogenerator\/plans\/product-video-generator-custom-made\/#primaryimage\"},\"thumbnailUrl\":\"https:\/\/i0.wp.com\/productvideo.io\/wp-content\/uploads\/2025\/04\/Logo-Abonnement-Sur-mesure-T.png?fit=700%2C700&ssl=1\",\"datePublished\":\"2024-09-25T09:46:15+00:00\",\"dateModified\":\"2025-05-14T13:13:45+00:00\",\"description\":\"E-commerce video generation with AI. Product Video Generator, the extension that automatically produces personalized videos from your product sheets.\",\"breadcrumb\":{\"@id\":\"https:\/\/productvideo.io\/en\/acheter-plugin-productvideogenerator\/plans\/product-video-generator-custom-made\/#breadcrumb\"},\"inLanguage\":\"en-US\",\"potentialAction\":[{\"@type\":\"ReadAction\",\"target\":[\"https:\/\/productvideo.io\/en\/acheter-plugin-productvideogenerator\/plans\/product-video-generator-custom-made\/\"]}]},{\"@type\":\"ImageObject\",\"inLanguage\":\"en-US\",\"@id\":\"https:\/\/productvideo.io\/en\/acheter-plugin-productvideogenerator\/plans\/product-video-generator-custom-made\/#primaryimage\",\"url\":\"https:\/\/i0.wp.com\/productvideo.io\/wp-content\/uploads\/2025\/04\/Logo-Abonnement-Sur-mesure-T.png?fit=700%2C700&ssl=1\",\"contentUrl\":\"https:\/\/i0.wp.com\/productvideo.io\/wp-content\/uploads\/2025\/04\/Logo-Abonnement-Sur-mesure-T.png?fit=700%2C700&ssl=1\",\"width\":700,\"height\":700,\"caption\":\"Product Video Generator Abonnement-sur-mesure-Video automatique e-commerce\"},{\"@type\":\"BreadcrumbList\",\"@id\":\"https:\/\/productvideo.io\/en\/acheter-plugin-productvideogenerator\/plans\/product-video-generator-custom-made\/#breadcrumb\",\"itemListElement\":[{\"@type\":\"ListItem\",\"position\":1,\"name\":\"Accueil\",\"item\":\"https:\/\/productvideo.io\/en\/\"},{\"@type\":\"ListItem\",\"position\":2,\"name\":\"Store\",\"item\":\"https:\/\/productvideo.io\/en\/shop\/\"},{\"@type\":\"ListItem\",\"position\":3,\"name\":\"Product Video Generator Custom-made\"}]},{\"@type\":\"WebSite\",\"@id\":\"https:\/\/productvideo.io\/en\/#website\",\"url\":\"https:\/\/productvideo.io\/en\/\",\"name\":\"Product Video Generator With AI\",\"description\":\"G\u00e9n\u00e9ration de vid\u00e9os pour vos produits e-commerce\",\"publisher\":{\"@id\":\"https:\/\/productvideo.io\/en\/#organization\"},\"alternateName\":\"PVG\",\"potentialAction\":[{\"@type\":\"SearchAction\",\"target\":{\"@type\":\"EntryPoint\",\"urlTemplate\":\"https:\/\/productvideo.io\/en\/?s={search_term_string}\"},\"query-input\":{\"@type\":\"PropertyValueSpecification\",\"valueRequired\":true,\"valueName\":\"search_term_string\"}}],\"inLanguage\":\"en-US\"},{\"@type\":\"Organization\",\"@id\":\"https:\/\/productvideo.io\/en\/#organization\",\"name\":\"I.R.C. Ouest Acacia Dynamic\",\"url\":\"https:\/\/productvideo.io\/en\/\",\"logo\":{\"@type\":\"ImageObject\",\"inLanguage\":\"en-US\",\"@id\":\"https:\/\/productvideo.io\/en\/#\/schema\/logo\/image\/\",\"url\":\"https:\/\/i0.wp.com\/productvideo.io\/wp-content\/uploads\/2024\/09\/cropped-1563199803621.jpg?fit=200%2C133&ssl=1\",\"contentUrl\":\"https:\/\/i0.wp.com\/productvideo.io\/wp-content\/uploads\/2024\/09\/cropped-1563199803621.jpg?fit=200%2C133&ssl=1\",\"width\":200,\"height\":133,\"caption\":\"I.R.C. Ouest Acacia Dynamic\"},\"image\":{\"@id\":\"https:\/\/productvideo.io\/en\/#\/schema\/logo\/image\/\"}}]}<\/script>\n<!-- \/ Yoast SEO plugin. -->","yoast_head_json":{"title":"E-commerce video generation with AI","description":"E-commerce video generation with AI. Product Video Generator, the extension that automatically produces personalized videos from your product sheets.","robots":{"index":"index","follow":"follow","max-snippet":"max-snippet:-1","max-image-preview":"max-image-preview:large","max-video-preview":"max-video-preview:-1"},"canonical":"https:\/\/productvideo.io\/en\/acheter-plugin-productvideogenerator\/plans\/product-video-generator-custom-made\/","og_locale":"en_US","og_type":"article","og_title":"E-commerce video generation with AI","og_description":"E-commerce video generation with AI. Product Video Generator, the extension that automatically produces personalized videos from your product sheets.","og_url":"https:\/\/productvideo.io\/en\/acheter-plugin-productvideogenerator\/plans\/product-video-generator-custom-made\/","og_site_name":"Product Video Generator with AI","article_modified_time":"2025-05-14T13:13:45+00:00","og_image":[{"width":700,"height":700,"url":"https:\/\/i0.wp.com\/productvideo.io\/wp-content\/uploads\/2025\/04\/Logo-Abonnement-Sur-mesure-T.png?fit=700%2C700&ssl=1","type":"image\/png"}],"twitter_card":"summary_large_image","twitter_misc":{"Est. reading time":"2 minutes"},"schema":{"@context":"https:\/\/schema.org","@graph":[{"@type":"WebPage","@id":"https:\/\/productvideo.io\/en\/acheter-plugin-productvideogenerator\/plans\/product-video-generator-custom-made\/","url":"https:\/\/productvideo.io\/en\/acheter-plugin-productvideogenerator\/plans\/product-video-generator-custom-made\/","name":"E-commerce video generation with AI","isPartOf":{"@id":"https:\/\/productvideo.io\/en\/#website"},"primaryImageOfPage":{"@id":"https:\/\/productvideo.io\/en\/acheter-plugin-productvideogenerator\/plans\/product-video-generator-custom-made\/#primaryimage"},"image":{"@id":"https:\/\/productvideo.io\/en\/acheter-plugin-productvideogenerator\/plans\/product-video-generator-custom-made\/#primaryimage"},"thumbnailUrl":"https:\/\/i0.wp.com\/productvideo.io\/wp-content\/uploads\/2025\/04\/Logo-Abonnement-Sur-mesure-T.png?fit=700%2C700&ssl=1","datePublished":"2024-09-25T09:46:15+00:00","dateModified":"2025-05-14T13:13:45+00:00","description":"E-commerce video generation with AI. Product Video Generator, the extension that automatically produces personalized videos from your product sheets.","breadcrumb":{"@id":"https:\/\/productvideo.io\/en\/acheter-plugin-productvideogenerator\/plans\/product-video-generator-custom-made\/#breadcrumb"},"inLanguage":"en-US","potentialAction":[{"@type":"ReadAction","target":["https:\/\/productvideo.io\/en\/acheter-plugin-productvideogenerator\/plans\/product-video-generator-custom-made\/"]}]},{"@type":"ImageObject","inLanguage":"en-US","@id":"https:\/\/productvideo.io\/en\/acheter-plugin-productvideogenerator\/plans\/product-video-generator-custom-made\/#primaryimage","url":"https:\/\/i0.wp.com\/productvideo.io\/wp-content\/uploads\/2025\/04\/Logo-Abonnement-Sur-mesure-T.png?fit=700%2C700&ssl=1","contentUrl":"https:\/\/i0.wp.com\/productvideo.io\/wp-content\/uploads\/2025\/04\/Logo-Abonnement-Sur-mesure-T.png?fit=700%2C700&ssl=1","width":700,"height":700,"caption":"Product Video Generator Abonnement-sur-mesure-Video automatique e-commerce"},{"@type":"BreadcrumbList","@id":"https:\/\/productvideo.io\/en\/acheter-plugin-productvideogenerator\/plans\/product-video-generator-custom-made\/#breadcrumb","itemListElement":[{"@type":"ListItem","position":1,"name":"Accueil","item":"https:\/\/productvideo.io\/en\/"},{"@type":"ListItem","position":2,"name":"Store","item":"https:\/\/productvideo.io\/en\/shop\/"},{"@type":"ListItem","position":3,"name":"Product Video Generator Custom-made"}]},{"@type":"WebSite","@id":"https:\/\/productvideo.io\/en\/#website","url":"https:\/\/productvideo.io\/en\/","name":"Product Video Generator With AI","description":"G\u00e9n\u00e9ration de vid\u00e9os pour vos produits e-commerce","publisher":{"@id":"https:\/\/productvideo.io\/en\/#organization"},"alternateName":"PVG","potentialAction":[{"@type":"SearchAction","target":{"@type":"EntryPoint","urlTemplate":"https:\/\/productvideo.io\/en\/?s={search_term_string}"},"query-input":{"@type":"PropertyValueSpecification","valueRequired":true,"valueName":"search_term_string"}}],"inLanguage":"en-US"},{"@type":"Organization","@id":"https:\/\/productvideo.io\/en\/#organization","name":"I.R.C. Ouest Acacia Dynamic","url":"https:\/\/productvideo.io\/en\/","logo":{"@type":"ImageObject","inLanguage":"en-US","@id":"https:\/\/productvideo.io\/en\/#\/schema\/logo\/image\/","url":"https:\/\/i0.wp.com\/productvideo.io\/wp-content\/uploads\/2024\/09\/cropped-1563199803621.jpg?fit=200%2C133&ssl=1","contentUrl":"https:\/\/i0.wp.com\/productvideo.io\/wp-content\/uploads\/2024\/09\/cropped-1563199803621.jpg?fit=200%2C133&ssl=1","width":200,"height":133,"caption":"I.R.C. Ouest Acacia Dynamic"},"image":{"@id":"https:\/\/productvideo.io\/en\/#\/schema\/logo\/image\/"}}]}},"_links":{"self":[{"href":"https:\/\/productvideo.io\/en\/wp-json\/wp\/v2\/product\/949","targetHints":{"allow":["GET"]}}],"collection":[{"href":"https:\/\/productvideo.io\/en\/wp-json\/wp\/v2\/product"}],"about":[{"href":"https:\/\/productvideo.io\/en\/wp-json\/wp\/v2\/types\/product"}],"replies":[{"embeddable":true,"href":"https:\/\/productvideo.io\/en\/wp-json\/wp\/v2\/comments?post=949"}],"version-history":[{"count":2,"href":"https:\/\/productvideo.io\/en\/wp-json\/wp\/v2\/product\/949\/revisions"}],"predecessor-version":[{"id":1750,"href":"https:\/\/productvideo.io\/en\/wp-json\/wp\/v2\/product\/949\/revisions\/1750"}],"wp:featuredmedia":[{"embeddable":true,"href":"https:\/\/productvideo.io\/en\/wp-json\/wp\/v2\/media\/1616"}],"wp:attachment":[{"href":"https:\/\/productvideo.io\/en\/wp-json\/wp\/v2\/media?parent=949"}],"wp:term":[{"taxonomy":"product_brand","embeddable":true,"href":"https:\/\/productvideo.io\/en\/wp-json\/wp\/v2\/product_brand?post=949"},{"taxonomy":"product_cat","embeddable":true,"href":"https:\/\/productvideo.io\/en\/wp-json\/wp\/v2\/product_cat?post=949"},{"taxonomy":"product_tag","embeddable":true,"href":"https:\/\/productvideo.io\/en\/wp-json\/wp\/v2\/product_tag?post=949"}],"curies":[{"name":"wp","href":"https:\/\/api.w.org\/{rel}","templated":true}]}}