{"id":948,"date":"2024-10-21T10:40:10","date_gmt":"2024-10-21T08:40:10","guid":{"rendered":"https:\/\/digitalsignage4.com\/produit\/digitalsignage4-silver-monthly\/"},"modified":"2025-10-22T12:00:06","modified_gmt":"2025-10-22T10:00:06","slug":"product-video-generator-silver-monthly","status":"publish","type":"product","link":"https:\/\/productvideo.io\/en\/acheter-plugin-productvideogenerator\/plans\/product-video-generator-silver-monthly\/","title":{"rendered":"Product Video Generator Silver &#8211; Monthly"},"content":{"rendered":"<p><p>E-commerce video automatic.<\/p>\n<p>Are you looking for the perfect plugin to <strong>increase your sales<\/strong> and <strong>optimisze your product pages<\/strong> easily?<\/p>\n<p>Product Video Generator Silver is the e-commerce video automation tool you need! It is<strong> compatible with WooCommerce et Prestashop. <\/strong>So, you can automatically create your animated videos from your product sheets and boost your store.<\/p>\n<p>Studies have shown that the presence of a video on a web page <strong>increases conversion rates by 60% <\/strong>compared to a page without animated content.<\/p>\n<p>With <strong>Product Video Generator Silver<\/strong>, you can <strong>create and manage up to 30 active videos per month<\/strong>. To meet your specific needs, the tool allows you to easily create your videos one by one or your series of videos (on criteria such as category or price) thanks to e-commerce video automation technology.<\/p>\n<p>In addition, you can also let Product Video Generator automate the creation of videos of your best-selling products or the latest additions to your store.<\/p>\n<h4>Options<\/h4>\n<p>Also you will find in <a href=\"https:\/\/productvideo.io\/boutique\/\">our store <\/a>our additional options that allow you to improve your experience and broadcast your videos everywhere.<\/p>\n<p>Among these options, you can <a href=\"https:\/\/productvideo.io\/produit\/partager-des-videos-sur-les-reseaux-sociaux\/\">publish the videos on your social networks<\/a> like Facebook, Instagram, Tik Tok. You ca also automate their publication on YouTube.<\/p>\n<p>If you consume your entire package of 30 videos. You have the possibility to purchase <a href=\"https:\/\/productvideo.io\/produit\/pack-10-videos\/\">additional video packs<\/a> to continue to promote your products.<\/p>\n<p>Finally, you will regularly benefit from new video models adapted to commercial events (Black Friday, Christmas, birthdays, new collection, etc.).<\/p>\n<p>For an optimal start, the Product Video Generator team can <a href=\"https:\/\/productvideo.io\/produit\/installer-digitalsignage4\/\">install the plugin for you<\/a>. The extension configuration and the creation of the first video will <strong>be done for you<\/strong>. You are just a few clicks away from <strong>increasing your conversions rates and your sales<\/strong>. Don\u2019t wait any longer to animate your e-commerce store with <strong>Product Video Generator Silver<\/strong>.<\/p>\n<p>","protected":false},"excerpt":{"rendered":"<p>Boost your conversion rate with Product Video Generator and its video automation technology for e-commerce. Our tool allows you to <strong>automatically create your animated product sheets<\/strong> in the form of high-quality videos. With <strong>Product Video Generator Silver<\/strong>, easily generate <strong>up to 30 videos per month<\/strong> to highlight your products and increase your sales. Would you like us to install and configure the module for you? This is possible with the &#8220;<a href=\"https:\/\/productvideo.io\/produit\/installer-digitalsignage4\/\">Installation-setting<\/a>&#8221; option. Start boosting your store now with <strong>Product Video Generator Silver<\/strong> !<\/p>\n","protected":false},"featured_media":1614,"comment_status":"open","ping_status":"closed","template":"","meta":[],"product_brand":[],"product_cat":[37],"product_tag":[],"class_list":{"0":"post-948","1":"product","2":"type-product","3":"status-publish","4":"has-post-thumbnail","6":"product_cat-plans","8":"first","9":"instock","10":"taxable","11":"shipping-taxable","12":"purchasable","13":"product-type-subscription"},"yoast_head":"<!-- This site is optimized with the Yoast SEO plugin v27.1.1 - https:\/\/yoast.com\/product\/yoast-seo-wordpress\/ -->\n<title>E-commerce video automatic with Product Video Generator<\/title>\n<meta name=\"description\" content=\"E-commerce video automatic. Compatible with WooCommerce et Prestashop, automatically create your animated videos from your product sheets.\" \/>\n<meta name=\"robots\" content=\"index, follow, max-snippet:-1, max-image-preview:large, max-video-preview:-1\" \/>\n<link rel=\"canonical\" href=\"https:\/\/productvideo.io\/en\/acheter-plugin-productvideogenerator\/plans\/product-video-generator-silver-monthly\/\" \/>\n<meta property=\"og:locale\" content=\"en_US\" \/>\n<meta property=\"og:type\" content=\"article\" \/>\n<meta property=\"og:title\" content=\"E-commerce video automatic with Product Video Generator\" \/>\n<meta property=\"og:description\" content=\"E-commerce video automatic. Compatible with WooCommerce et Prestashop, automatically create your animated videos from your product sheets.\" \/>\n<meta property=\"og:url\" content=\"https:\/\/productvideo.io\/en\/acheter-plugin-productvideogenerator\/plans\/product-video-generator-silver-monthly\/\" \/>\n<meta property=\"og:site_name\" content=\"Product Video Generator with AI\" \/>\n<meta property=\"article:modified_time\" content=\"2025-10-22T10:00:06+00:00\" \/>\n<meta property=\"og:image\" content=\"https:\/\/productvideo.io\/wp-content\/uploads\/2025\/04\/Logo-Abonnement-Silver-T.png\" \/>\n\t<meta property=\"og:image:width\" content=\"700\" \/>\n\t<meta property=\"og:image:height\" content=\"700\" \/>\n\t<meta property=\"og:image:type\" content=\"image\/png\" \/>\n<meta name=\"twitter:card\" content=\"summary_large_image\" \/>\n<meta name=\"twitter:label1\" content=\"Est. reading time\" \/>\n\t<meta name=\"twitter:data1\" content=\"2 minutes\" \/>\n<script type=\"application\/ld+json\" class=\"yoast-schema-graph\">{\"@context\":\"https:\/\/schema.org\",\"@graph\":[{\"@type\":\"WebPage\",\"@id\":\"https:\/\/productvideo.io\/en\/acheter-plugin-productvideogenerator\/plans\/product-video-generator-silver-monthly\/\",\"url\":\"https:\/\/productvideo.io\/en\/acheter-plugin-productvideogenerator\/plans\/product-video-generator-silver-monthly\/\",\"name\":\"E-commerce video automatic with Product Video Generator\",\"isPartOf\":{\"@id\":\"https:\/\/productvideo.io\/en\/#website\"},\"primaryImageOfPage\":{\"@id\":\"https:\/\/productvideo.io\/en\/acheter-plugin-productvideogenerator\/plans\/product-video-generator-silver-monthly\/#primaryimage\"},\"image\":{\"@id\":\"https:\/\/productvideo.io\/en\/acheter-plugin-productvideogenerator\/plans\/product-video-generator-silver-monthly\/#primaryimage\"},\"thumbnailUrl\":\"https:\/\/i0.wp.com\/productvideo.io\/wp-content\/uploads\/2025\/04\/Logo-Abonnement-Silver-T.png?fit=700%2C700&ssl=1\",\"datePublished\":\"2024-10-21T08:40:10+00:00\",\"dateModified\":\"2025-10-22T10:00:06+00:00\",\"description\":\"E-commerce video automatic. Compatible with WooCommerce et Prestashop, automatically create your animated videos from your product sheets.\",\"breadcrumb\":{\"@id\":\"https:\/\/productvideo.io\/en\/acheter-plugin-productvideogenerator\/plans\/product-video-generator-silver-monthly\/#breadcrumb\"},\"inLanguage\":\"en-US\",\"potentialAction\":[{\"@type\":\"ReadAction\",\"target\":[\"https:\/\/productvideo.io\/en\/acheter-plugin-productvideogenerator\/plans\/product-video-generator-silver-monthly\/\"]}]},{\"@type\":\"ImageObject\",\"inLanguage\":\"en-US\",\"@id\":\"https:\/\/productvideo.io\/en\/acheter-plugin-productvideogenerator\/plans\/product-video-generator-silver-monthly\/#primaryimage\",\"url\":\"https:\/\/i0.wp.com\/productvideo.io\/wp-content\/uploads\/2025\/04\/Logo-Abonnement-Silver-T.png?fit=700%2C700&ssl=1\",\"contentUrl\":\"https:\/\/i0.wp.com\/productvideo.io\/wp-content\/uploads\/2025\/04\/Logo-Abonnement-Silver-T.png?fit=700%2C700&ssl=1\",\"width\":700,\"height\":700,\"caption\":\"Product Video Generator Abonnement-silver-Video automatique e-commerce\"},{\"@type\":\"BreadcrumbList\",\"@id\":\"https:\/\/productvideo.io\/en\/acheter-plugin-productvideogenerator\/plans\/product-video-generator-silver-monthly\/#breadcrumb\",\"itemListElement\":[{\"@type\":\"ListItem\",\"position\":1,\"name\":\"Accueil\",\"item\":\"https:\/\/productvideo.io\/en\/\"},{\"@type\":\"ListItem\",\"position\":2,\"name\":\"Store\",\"item\":\"https:\/\/productvideo.io\/en\/shop\/\"},{\"@type\":\"ListItem\",\"position\":3,\"name\":\"Product Video Generator Silver &#8211; Monthly\"}]},{\"@type\":\"WebSite\",\"@id\":\"https:\/\/productvideo.io\/en\/#website\",\"url\":\"https:\/\/productvideo.io\/en\/\",\"name\":\"Product Video Generator With AI\",\"description\":\"G\u00e9n\u00e9ration de vid\u00e9os pour vos produits e-commerce\",\"publisher\":{\"@id\":\"https:\/\/productvideo.io\/en\/#organization\"},\"alternateName\":\"PVG\",\"potentialAction\":[{\"@type\":\"SearchAction\",\"target\":{\"@type\":\"EntryPoint\",\"urlTemplate\":\"https:\/\/productvideo.io\/en\/?s={search_term_string}\"},\"query-input\":{\"@type\":\"PropertyValueSpecification\",\"valueRequired\":true,\"valueName\":\"search_term_string\"}}],\"inLanguage\":\"en-US\"},{\"@type\":\"Organization\",\"@id\":\"https:\/\/productvideo.io\/en\/#organization\",\"name\":\"I.R.C. Ouest Acacia Dynamic\",\"url\":\"https:\/\/productvideo.io\/en\/\",\"logo\":{\"@type\":\"ImageObject\",\"inLanguage\":\"en-US\",\"@id\":\"https:\/\/productvideo.io\/en\/#\/schema\/logo\/image\/\",\"url\":\"https:\/\/i0.wp.com\/productvideo.io\/wp-content\/uploads\/2024\/09\/cropped-1563199803621.jpg?fit=200%2C133&ssl=1\",\"contentUrl\":\"https:\/\/i0.wp.com\/productvideo.io\/wp-content\/uploads\/2024\/09\/cropped-1563199803621.jpg?fit=200%2C133&ssl=1\",\"width\":200,\"height\":133,\"caption\":\"I.R.C. Ouest Acacia Dynamic\"},\"image\":{\"@id\":\"https:\/\/productvideo.io\/en\/#\/schema\/logo\/image\/\"}}]}<\/script>\n<!-- \/ Yoast SEO plugin. -->","yoast_head_json":{"title":"E-commerce video automatic with Product Video Generator","description":"E-commerce video automatic. Compatible with WooCommerce et Prestashop, automatically create your animated videos from your product sheets.","robots":{"index":"index","follow":"follow","max-snippet":"max-snippet:-1","max-image-preview":"max-image-preview:large","max-video-preview":"max-video-preview:-1"},"canonical":"https:\/\/productvideo.io\/en\/acheter-plugin-productvideogenerator\/plans\/product-video-generator-silver-monthly\/","og_locale":"en_US","og_type":"article","og_title":"E-commerce video automatic with Product Video Generator","og_description":"E-commerce video automatic. Compatible with WooCommerce et Prestashop, automatically create your animated videos from your product sheets.","og_url":"https:\/\/productvideo.io\/en\/acheter-plugin-productvideogenerator\/plans\/product-video-generator-silver-monthly\/","og_site_name":"Product Video Generator with AI","article_modified_time":"2025-10-22T10:00:06+00:00","og_image":[{"width":700,"height":700,"url":"https:\/\/productvideo.io\/wp-content\/uploads\/2025\/04\/Logo-Abonnement-Silver-T.png","type":"image\/png"}],"twitter_card":"summary_large_image","twitter_misc":{"Est. reading time":"2 minutes"},"schema":{"@context":"https:\/\/schema.org","@graph":[{"@type":"WebPage","@id":"https:\/\/productvideo.io\/en\/acheter-plugin-productvideogenerator\/plans\/product-video-generator-silver-monthly\/","url":"https:\/\/productvideo.io\/en\/acheter-plugin-productvideogenerator\/plans\/product-video-generator-silver-monthly\/","name":"E-commerce video automatic with Product Video Generator","isPartOf":{"@id":"https:\/\/productvideo.io\/en\/#website"},"primaryImageOfPage":{"@id":"https:\/\/productvideo.io\/en\/acheter-plugin-productvideogenerator\/plans\/product-video-generator-silver-monthly\/#primaryimage"},"image":{"@id":"https:\/\/productvideo.io\/en\/acheter-plugin-productvideogenerator\/plans\/product-video-generator-silver-monthly\/#primaryimage"},"thumbnailUrl":"https:\/\/i0.wp.com\/productvideo.io\/wp-content\/uploads\/2025\/04\/Logo-Abonnement-Silver-T.png?fit=700%2C700&ssl=1","datePublished":"2024-10-21T08:40:10+00:00","dateModified":"2025-10-22T10:00:06+00:00","description":"E-commerce video automatic. Compatible with WooCommerce et Prestashop, automatically create your animated videos from your product sheets.","breadcrumb":{"@id":"https:\/\/productvideo.io\/en\/acheter-plugin-productvideogenerator\/plans\/product-video-generator-silver-monthly\/#breadcrumb"},"inLanguage":"en-US","potentialAction":[{"@type":"ReadAction","target":["https:\/\/productvideo.io\/en\/acheter-plugin-productvideogenerator\/plans\/product-video-generator-silver-monthly\/"]}]},{"@type":"ImageObject","inLanguage":"en-US","@id":"https:\/\/productvideo.io\/en\/acheter-plugin-productvideogenerator\/plans\/product-video-generator-silver-monthly\/#primaryimage","url":"https:\/\/i0.wp.com\/productvideo.io\/wp-content\/uploads\/2025\/04\/Logo-Abonnement-Silver-T.png?fit=700%2C700&ssl=1","contentUrl":"https:\/\/i0.wp.com\/productvideo.io\/wp-content\/uploads\/2025\/04\/Logo-Abonnement-Silver-T.png?fit=700%2C700&ssl=1","width":700,"height":700,"caption":"Product Video Generator Abonnement-silver-Video automatique e-commerce"},{"@type":"BreadcrumbList","@id":"https:\/\/productvideo.io\/en\/acheter-plugin-productvideogenerator\/plans\/product-video-generator-silver-monthly\/#breadcrumb","itemListElement":[{"@type":"ListItem","position":1,"name":"Accueil","item":"https:\/\/productvideo.io\/en\/"},{"@type":"ListItem","position":2,"name":"Store","item":"https:\/\/productvideo.io\/en\/shop\/"},{"@type":"ListItem","position":3,"name":"Product Video Generator Silver &#8211; Monthly"}]},{"@type":"WebSite","@id":"https:\/\/productvideo.io\/en\/#website","url":"https:\/\/productvideo.io\/en\/","name":"Product Video Generator With AI","description":"G\u00e9n\u00e9ration de vid\u00e9os pour vos produits e-commerce","publisher":{"@id":"https:\/\/productvideo.io\/en\/#organization"},"alternateName":"PVG","potentialAction":[{"@type":"SearchAction","target":{"@type":"EntryPoint","urlTemplate":"https:\/\/productvideo.io\/en\/?s={search_term_string}"},"query-input":{"@type":"PropertyValueSpecification","valueRequired":true,"valueName":"search_term_string"}}],"inLanguage":"en-US"},{"@type":"Organization","@id":"https:\/\/productvideo.io\/en\/#organization","name":"I.R.C. Ouest Acacia Dynamic","url":"https:\/\/productvideo.io\/en\/","logo":{"@type":"ImageObject","inLanguage":"en-US","@id":"https:\/\/productvideo.io\/en\/#\/schema\/logo\/image\/","url":"https:\/\/i0.wp.com\/productvideo.io\/wp-content\/uploads\/2024\/09\/cropped-1563199803621.jpg?fit=200%2C133&ssl=1","contentUrl":"https:\/\/i0.wp.com\/productvideo.io\/wp-content\/uploads\/2024\/09\/cropped-1563199803621.jpg?fit=200%2C133&ssl=1","width":200,"height":133,"caption":"I.R.C. Ouest Acacia Dynamic"},"image":{"@id":"https:\/\/productvideo.io\/en\/#\/schema\/logo\/image\/"}}]}},"_links":{"self":[{"href":"https:\/\/productvideo.io\/en\/wp-json\/wp\/v2\/product\/948","targetHints":{"allow":["GET"]}}],"collection":[{"href":"https:\/\/productvideo.io\/en\/wp-json\/wp\/v2\/product"}],"about":[{"href":"https:\/\/productvideo.io\/en\/wp-json\/wp\/v2\/types\/product"}],"replies":[{"embeddable":true,"href":"https:\/\/productvideo.io\/en\/wp-json\/wp\/v2\/comments?post=948"}],"version-history":[{"count":2,"href":"https:\/\/productvideo.io\/en\/wp-json\/wp\/v2\/product\/948\/revisions"}],"predecessor-version":[{"id":1748,"href":"https:\/\/productvideo.io\/en\/wp-json\/wp\/v2\/product\/948\/revisions\/1748"}],"wp:featuredmedia":[{"embeddable":true,"href":"https:\/\/productvideo.io\/en\/wp-json\/wp\/v2\/media\/1614"}],"wp:attachment":[{"href":"https:\/\/productvideo.io\/en\/wp-json\/wp\/v2\/media?parent=948"}],"wp:term":[{"taxonomy":"product_brand","embeddable":true,"href":"https:\/\/productvideo.io\/en\/wp-json\/wp\/v2\/product_brand?post=948"},{"taxonomy":"product_cat","embeddable":true,"href":"https:\/\/productvideo.io\/en\/wp-json\/wp\/v2\/product_cat?post=948"},{"taxonomy":"product_tag","embeddable":true,"href":"https:\/\/productvideo.io\/en\/wp-json\/wp\/v2\/product_tag?post=948"}],"curies":[{"name":"wp","href":"https:\/\/api.w.org\/{rel}","templated":true}]}}