{"id":926,"date":"2024-10-21T10:46:10","date_gmt":"2024-10-21T08:46:10","guid":{"rendered":"https:\/\/digitalsignage4.com\/produit\/digitalsignage4-gold-yearly\/"},"modified":"2025-05-14T14:34:22","modified_gmt":"2025-05-14T12:34:22","slug":"product-video-generator-gold-yearly","status":"publish","type":"product","link":"https:\/\/productvideo.io\/en\/acheter-plugin-productvideogenerator\/plans\/product-video-generator-gold-yearly\/","title":{"rendered":"Product Video Generator Gold &#8211; Yearly"},"content":{"rendered":"<p><p>Create animated product sheets.<\/p>\n<p>Are you looking to create animated product sheets to <strong>boost your sales and optimize your product pages simply<\/strong>?<\/p>\n<p>Product Video Generator Gold is the ideal plugin for you! It is compatible with <strong>WooCommerce et PrestaShop. <\/strong>Automatically generate your animated videos from your product sheets and boost your store.<\/p>\n<p>Studies have shown that a video on a web page <strong>increases conversion rates by 60%<\/strong> compared to a page without animation.<\/p>\n<p>With Product Video Generator Gold, follow this trend by <strong>creating and managing up to 70 active videos each month on your e-shop.<\/strong> To meet your specific needs, the tool allows you to easily create your animated product sheet videos one by one or in series (based on criteria such as category or price).<\/p>\n<p>In addition, you can also let Product Video Generator automate the creation of videos for your best-selling or newly added products.<\/p>\n<h4>Options<\/h4>\n<p>Also discover in<a href=\"https:\/\/productvideo.io\/boutique\/\"> our store<\/a> our additional options that improve your experience and broadcast your videos everywhere. Among these options, <a href=\"https:\/\/productvideo.io\/produit\/partager-des-videos-sur-les-reseaux-sociaux\/\">share your videos<\/a> on your social networks and automate their distribution on Youtube.<\/p>\n<p>If you consume your quota of 70 videos, you can buy <a href=\"https:\/\/productvideo.io\/produit\/pack-10-videos\/\">additional packs <\/a> to continue to promote your products. You can also subscribe at any time to a higher subscription such as:<a href=\"https:\/\/productvideo.io\/en\/acheter-plugin-productvideogenerator\/plans\/product-video-generator-premium-yearly\/\">Product Video Generator Premium<\/a> or <a href=\"https:\/\/productvideo.io\/en\/acheter-plugin-productvideogenerator\/plans\/digitalsignage4-custom-made\/\">Product Video Generator Sur-mesure<\/a> !<\/p>\n<p>Finally, you will regularly benefit from new video models adapted to commercial events (Black Friday, Christmas, birthdays, etc.).<\/p>\n<p>For an optimal start, the Product Video Generator team can <a href=\"https:\/\/productvideo.io\/produit\/installer-digitalsignage4\/\">install the plugin for you<\/a>. The configuration and creation of your first video will <strong>be done for you<\/strong>. An expert will also explain how the tool works. You are just a few clicks away from <strong>increasing your conversions and sales<\/strong>. Don&#8217;t wait any longer to animate your store with Product Video Generator Gold.<\/p>\n<p>","protected":false},"excerpt":{"rendered":"<p>You are able to improve your conversion rate with Product Video Generator. Our solution allows you to automatically <strong>create animated product sheets<\/strong> in the form of high-quality videos. With <strong>Product Video Generator Gold<\/strong>, easily produce <strong>up to 70 videos per month<\/strong> to showcase your products and increase your sales. Would you like the team to install, configure and create your first video for you? This is possible thanks to the &#8220;<a href=\"https:\/\/productvideo.io\/produit\/installer-digitalsignage4\/\">Installation &#8211; setting<\/a>&#8221; option. Start boosting your store now with <strong>Product Video Generator Gold<\/strong>!<\/p>\n","protected":false},"featured_media":1612,"comment_status":"open","ping_status":"closed","template":"","meta":[],"product_brand":[],"product_cat":[37],"product_tag":[],"class_list":{"0":"post-926","1":"product","2":"type-product","3":"status-publish","4":"has-post-thumbnail","6":"product_cat-plans","8":"first","9":"instock","10":"taxable","11":"shipping-taxable","12":"purchasable","13":"product-type-subscription"},"yoast_head":"<!-- This site is optimized with the Yoast SEO plugin v27.1.1 - https:\/\/yoast.com\/product\/yoast-seo-wordpress\/ -->\n<title>Create animated product sheets with video and AI<\/title>\n<meta name=\"description\" content=\"Create animated product sheets automatically as high-quality videos with DigitalSignage4. Your online sales site is highlighted\" \/>\n<meta name=\"robots\" content=\"index, follow, max-snippet:-1, max-image-preview:large, max-video-preview:-1\" \/>\n<link rel=\"canonical\" href=\"https:\/\/productvideo.io\/en\/acheter-plugin-productvideogenerator\/plans\/product-video-generator-gold-yearly\/\" \/>\n<meta property=\"og:locale\" content=\"en_US\" \/>\n<meta property=\"og:type\" content=\"article\" \/>\n<meta property=\"og:title\" content=\"Create animated product sheets with video and AI\" \/>\n<meta property=\"og:description\" content=\"Create animated product sheets automatically as high-quality videos with DigitalSignage4. Your online sales site is highlighted\" \/>\n<meta property=\"og:url\" content=\"https:\/\/productvideo.io\/en\/acheter-plugin-productvideogenerator\/plans\/product-video-generator-gold-yearly\/\" \/>\n<meta property=\"og:site_name\" content=\"Product Video Generator with AI\" \/>\n<meta property=\"article:modified_time\" content=\"2025-05-14T12:34:22+00:00\" \/>\n<meta property=\"og:image\" content=\"https:\/\/i0.wp.com\/productvideo.io\/wp-content\/uploads\/2025\/04\/Logo-Abonnement-Gold-T.png?fit=700%2C700&ssl=1\" \/>\n\t<meta property=\"og:image:width\" content=\"700\" \/>\n\t<meta property=\"og:image:height\" content=\"700\" \/>\n\t<meta property=\"og:image:type\" content=\"image\/png\" \/>\n<meta name=\"twitter:card\" content=\"summary_large_image\" \/>\n<meta name=\"twitter:label1\" content=\"Est. reading time\" \/>\n\t<meta name=\"twitter:data1\" content=\"2 minutes\" \/>\n<script type=\"application\/ld+json\" class=\"yoast-schema-graph\">{\"@context\":\"https:\/\/schema.org\",\"@graph\":[{\"@type\":\"WebPage\",\"@id\":\"https:\/\/productvideo.io\/en\/acheter-plugin-productvideogenerator\/plans\/product-video-generator-gold-yearly\/\",\"url\":\"https:\/\/productvideo.io\/en\/acheter-plugin-productvideogenerator\/plans\/product-video-generator-gold-yearly\/\",\"name\":\"Create animated product sheets with video and AI\",\"isPartOf\":{\"@id\":\"https:\/\/productvideo.io\/en\/#website\"},\"primaryImageOfPage\":{\"@id\":\"https:\/\/productvideo.io\/en\/acheter-plugin-productvideogenerator\/plans\/product-video-generator-gold-yearly\/#primaryimage\"},\"image\":{\"@id\":\"https:\/\/productvideo.io\/en\/acheter-plugin-productvideogenerator\/plans\/product-video-generator-gold-yearly\/#primaryimage\"},\"thumbnailUrl\":\"https:\/\/i0.wp.com\/productvideo.io\/wp-content\/uploads\/2025\/04\/Logo-Abonnement-Gold-T.png?fit=700%2C700&ssl=1\",\"datePublished\":\"2024-10-21T08:46:10+00:00\",\"dateModified\":\"2025-05-14T12:34:22+00:00\",\"description\":\"Create animated product sheets automatically as high-quality videos with DigitalSignage4. Your online sales site is highlighted\",\"breadcrumb\":{\"@id\":\"https:\/\/productvideo.io\/en\/acheter-plugin-productvideogenerator\/plans\/product-video-generator-gold-yearly\/#breadcrumb\"},\"inLanguage\":\"en-US\",\"potentialAction\":[{\"@type\":\"ReadAction\",\"target\":[\"https:\/\/productvideo.io\/en\/acheter-plugin-productvideogenerator\/plans\/product-video-generator-gold-yearly\/\"]}]},{\"@type\":\"ImageObject\",\"inLanguage\":\"en-US\",\"@id\":\"https:\/\/productvideo.io\/en\/acheter-plugin-productvideogenerator\/plans\/product-video-generator-gold-yearly\/#primaryimage\",\"url\":\"https:\/\/i0.wp.com\/productvideo.io\/wp-content\/uploads\/2025\/04\/Logo-Abonnement-Gold-T.png?fit=700%2C700&ssl=1\",\"contentUrl\":\"https:\/\/i0.wp.com\/productvideo.io\/wp-content\/uploads\/2025\/04\/Logo-Abonnement-Gold-T.png?fit=700%2C700&ssl=1\",\"width\":700,\"height\":700,\"caption\":\"Product Video Generator Abonnement-gold-Video automatique e-commerce\"},{\"@type\":\"BreadcrumbList\",\"@id\":\"https:\/\/productvideo.io\/en\/acheter-plugin-productvideogenerator\/plans\/product-video-generator-gold-yearly\/#breadcrumb\",\"itemListElement\":[{\"@type\":\"ListItem\",\"position\":1,\"name\":\"Accueil\",\"item\":\"https:\/\/productvideo.io\/en\/\"},{\"@type\":\"ListItem\",\"position\":2,\"name\":\"Store\",\"item\":\"https:\/\/productvideo.io\/en\/shop\/\"},{\"@type\":\"ListItem\",\"position\":3,\"name\":\"Product Video Generator Gold &#8211; Yearly\"}]},{\"@type\":\"WebSite\",\"@id\":\"https:\/\/productvideo.io\/en\/#website\",\"url\":\"https:\/\/productvideo.io\/en\/\",\"name\":\"Product Video Generator With AI\",\"description\":\"G\u00e9n\u00e9ration de vid\u00e9os pour vos produits e-commerce\",\"publisher\":{\"@id\":\"https:\/\/productvideo.io\/en\/#organization\"},\"alternateName\":\"PVG\",\"potentialAction\":[{\"@type\":\"SearchAction\",\"target\":{\"@type\":\"EntryPoint\",\"urlTemplate\":\"https:\/\/productvideo.io\/en\/?s={search_term_string}\"},\"query-input\":{\"@type\":\"PropertyValueSpecification\",\"valueRequired\":true,\"valueName\":\"search_term_string\"}}],\"inLanguage\":\"en-US\"},{\"@type\":\"Organization\",\"@id\":\"https:\/\/productvideo.io\/en\/#organization\",\"name\":\"I.R.C. Ouest Acacia Dynamic\",\"url\":\"https:\/\/productvideo.io\/en\/\",\"logo\":{\"@type\":\"ImageObject\",\"inLanguage\":\"en-US\",\"@id\":\"https:\/\/productvideo.io\/en\/#\/schema\/logo\/image\/\",\"url\":\"https:\/\/i0.wp.com\/productvideo.io\/wp-content\/uploads\/2024\/09\/cropped-1563199803621.jpg?fit=200%2C133&ssl=1\",\"contentUrl\":\"https:\/\/i0.wp.com\/productvideo.io\/wp-content\/uploads\/2024\/09\/cropped-1563199803621.jpg?fit=200%2C133&ssl=1\",\"width\":200,\"height\":133,\"caption\":\"I.R.C. Ouest Acacia Dynamic\"},\"image\":{\"@id\":\"https:\/\/productvideo.io\/en\/#\/schema\/logo\/image\/\"}}]}<\/script>\n<!-- \/ Yoast SEO plugin. -->","yoast_head_json":{"title":"Create animated product sheets with video and AI","description":"Create animated product sheets automatically as high-quality videos with DigitalSignage4. Your online sales site is highlighted","robots":{"index":"index","follow":"follow","max-snippet":"max-snippet:-1","max-image-preview":"max-image-preview:large","max-video-preview":"max-video-preview:-1"},"canonical":"https:\/\/productvideo.io\/en\/acheter-plugin-productvideogenerator\/plans\/product-video-generator-gold-yearly\/","og_locale":"en_US","og_type":"article","og_title":"Create animated product sheets with video and AI","og_description":"Create animated product sheets automatically as high-quality videos with DigitalSignage4. Your online sales site is highlighted","og_url":"https:\/\/productvideo.io\/en\/acheter-plugin-productvideogenerator\/plans\/product-video-generator-gold-yearly\/","og_site_name":"Product Video Generator with AI","article_modified_time":"2025-05-14T12:34:22+00:00","og_image":[{"width":700,"height":700,"url":"https:\/\/i0.wp.com\/productvideo.io\/wp-content\/uploads\/2025\/04\/Logo-Abonnement-Gold-T.png?fit=700%2C700&ssl=1","type":"image\/png"}],"twitter_card":"summary_large_image","twitter_misc":{"Est. reading time":"2 minutes"},"schema":{"@context":"https:\/\/schema.org","@graph":[{"@type":"WebPage","@id":"https:\/\/productvideo.io\/en\/acheter-plugin-productvideogenerator\/plans\/product-video-generator-gold-yearly\/","url":"https:\/\/productvideo.io\/en\/acheter-plugin-productvideogenerator\/plans\/product-video-generator-gold-yearly\/","name":"Create animated product sheets with video and AI","isPartOf":{"@id":"https:\/\/productvideo.io\/en\/#website"},"primaryImageOfPage":{"@id":"https:\/\/productvideo.io\/en\/acheter-plugin-productvideogenerator\/plans\/product-video-generator-gold-yearly\/#primaryimage"},"image":{"@id":"https:\/\/productvideo.io\/en\/acheter-plugin-productvideogenerator\/plans\/product-video-generator-gold-yearly\/#primaryimage"},"thumbnailUrl":"https:\/\/i0.wp.com\/productvideo.io\/wp-content\/uploads\/2025\/04\/Logo-Abonnement-Gold-T.png?fit=700%2C700&ssl=1","datePublished":"2024-10-21T08:46:10+00:00","dateModified":"2025-05-14T12:34:22+00:00","description":"Create animated product sheets automatically as high-quality videos with DigitalSignage4. Your online sales site is highlighted","breadcrumb":{"@id":"https:\/\/productvideo.io\/en\/acheter-plugin-productvideogenerator\/plans\/product-video-generator-gold-yearly\/#breadcrumb"},"inLanguage":"en-US","potentialAction":[{"@type":"ReadAction","target":["https:\/\/productvideo.io\/en\/acheter-plugin-productvideogenerator\/plans\/product-video-generator-gold-yearly\/"]}]},{"@type":"ImageObject","inLanguage":"en-US","@id":"https:\/\/productvideo.io\/en\/acheter-plugin-productvideogenerator\/plans\/product-video-generator-gold-yearly\/#primaryimage","url":"https:\/\/i0.wp.com\/productvideo.io\/wp-content\/uploads\/2025\/04\/Logo-Abonnement-Gold-T.png?fit=700%2C700&ssl=1","contentUrl":"https:\/\/i0.wp.com\/productvideo.io\/wp-content\/uploads\/2025\/04\/Logo-Abonnement-Gold-T.png?fit=700%2C700&ssl=1","width":700,"height":700,"caption":"Product Video Generator Abonnement-gold-Video automatique e-commerce"},{"@type":"BreadcrumbList","@id":"https:\/\/productvideo.io\/en\/acheter-plugin-productvideogenerator\/plans\/product-video-generator-gold-yearly\/#breadcrumb","itemListElement":[{"@type":"ListItem","position":1,"name":"Accueil","item":"https:\/\/productvideo.io\/en\/"},{"@type":"ListItem","position":2,"name":"Store","item":"https:\/\/productvideo.io\/en\/shop\/"},{"@type":"ListItem","position":3,"name":"Product Video Generator Gold &#8211; Yearly"}]},{"@type":"WebSite","@id":"https:\/\/productvideo.io\/en\/#website","url":"https:\/\/productvideo.io\/en\/","name":"Product Video Generator With AI","description":"G\u00e9n\u00e9ration de vid\u00e9os pour vos produits e-commerce","publisher":{"@id":"https:\/\/productvideo.io\/en\/#organization"},"alternateName":"PVG","potentialAction":[{"@type":"SearchAction","target":{"@type":"EntryPoint","urlTemplate":"https:\/\/productvideo.io\/en\/?s={search_term_string}"},"query-input":{"@type":"PropertyValueSpecification","valueRequired":true,"valueName":"search_term_string"}}],"inLanguage":"en-US"},{"@type":"Organization","@id":"https:\/\/productvideo.io\/en\/#organization","name":"I.R.C. Ouest Acacia Dynamic","url":"https:\/\/productvideo.io\/en\/","logo":{"@type":"ImageObject","inLanguage":"en-US","@id":"https:\/\/productvideo.io\/en\/#\/schema\/logo\/image\/","url":"https:\/\/i0.wp.com\/productvideo.io\/wp-content\/uploads\/2024\/09\/cropped-1563199803621.jpg?fit=200%2C133&ssl=1","contentUrl":"https:\/\/i0.wp.com\/productvideo.io\/wp-content\/uploads\/2024\/09\/cropped-1563199803621.jpg?fit=200%2C133&ssl=1","width":200,"height":133,"caption":"I.R.C. Ouest Acacia Dynamic"},"image":{"@id":"https:\/\/productvideo.io\/en\/#\/schema\/logo\/image\/"}}]}},"_links":{"self":[{"href":"https:\/\/productvideo.io\/en\/wp-json\/wp\/v2\/product\/926","targetHints":{"allow":["GET"]}}],"collection":[{"href":"https:\/\/productvideo.io\/en\/wp-json\/wp\/v2\/product"}],"about":[{"href":"https:\/\/productvideo.io\/en\/wp-json\/wp\/v2\/types\/product"}],"replies":[{"embeddable":true,"href":"https:\/\/productvideo.io\/en\/wp-json\/wp\/v2\/comments?post=926"}],"version-history":[{"count":3,"href":"https:\/\/productvideo.io\/en\/wp-json\/wp\/v2\/product\/926\/revisions"}],"predecessor-version":[{"id":1740,"href":"https:\/\/productvideo.io\/en\/wp-json\/wp\/v2\/product\/926\/revisions\/1740"}],"wp:featuredmedia":[{"embeddable":true,"href":"https:\/\/productvideo.io\/en\/wp-json\/wp\/v2\/media\/1612"}],"wp:attachment":[{"href":"https:\/\/productvideo.io\/en\/wp-json\/wp\/v2\/media?parent=926"}],"wp:term":[{"taxonomy":"product_brand","embeddable":true,"href":"https:\/\/productvideo.io\/en\/wp-json\/wp\/v2\/product_brand?post=926"},{"taxonomy":"product_cat","embeddable":true,"href":"https:\/\/productvideo.io\/en\/wp-json\/wp\/v2\/product_cat?post=926"},{"taxonomy":"product_tag","embeddable":true,"href":"https:\/\/productvideo.io\/en\/wp-json\/wp\/v2\/product_tag?post=926"}],"curies":[{"name":"wp","href":"https:\/\/api.w.org\/{rel}","templated":true}]}}