{"id":924,"date":"2024-10-21T10:48:16","date_gmt":"2024-10-21T08:48:16","guid":{"rendered":"https:\/\/digitalsignage4.com\/produit\/digitalsignage4-premium-monthly\/"},"modified":"2025-05-14T14:22:06","modified_gmt":"2025-05-14T12:22:06","slug":"product-video-generator-premium-monthly","status":"publish","type":"product","link":"https:\/\/productvideo.io\/en\/acheter-plugin-productvideogenerator\/plans\/product-video-generator-premium-monthly\/","title":{"rendered":"Product Video Generator Premium &#8211; Monthly"},"content":{"rendered":"<p><p>Are you looking for the ideal extension to <strong>improve your sales and your product pages<\/strong> easily?<\/p>\n<p>Product Video Generator Premium is the product sheet highlighting tool you need!<\/p>\n<p>Compatible with <strong>WooCommerce et PrestaShop<\/strong>, automatically generate your animated videos from your product sheets and boost your store. Studies have shown that the presence of a video on a web page <strong>increases conversion rates by 60%<\/strong> compared to a page without animated content.<\/p>\n<p>With Product Video Generator Premium, you can <strong>create and manage up to 500 active product sheet videos per month on your site.<\/strong> To meet your specific needs, the tool allows you to very easily create your videos one by one or your series of videos (according to criteria such as category or price).<\/p>\n<h4>Options<\/h4>\n<p>In addition, you can also let Product Video Generator automate the creation of videos for your most popular products or the latest ones added to your store.<\/p>\n<p>Also discover in <a href=\"https:\/\/productvideo.io\/boutique\/\">our shop<\/a> our additional options that allow you to improve your experience and broadcast your videos everywhere. Among these options, you can publish the videos on <a href=\"https:\/\/productvideo.io\/produit\/partager-des-videos-sur-les-reseaux-sociaux\/\">your social networks<\/a> and automate their uploading on YouTube.<\/p>\n<p>If you use your entire quota of 500 videos. You have the possibility to purchase <a href=\"https:\/\/productvideo.io\/produit\/pack-de-videos-automatiques\/\">additional video packs<\/a> to continue to promote your products. If you need more videos, discover <a href=\"https:\/\/productvideo.io\/en\/acheter-plugin-productvideogenerator\/plans\/digitalsignage4-custom-made\/\">Product Video Generator Sur-mesure<\/a>!<\/p>\n<p>Finally, you will regularly benefit from new video models adapted to commercial events (Black Friday, Christmas, birthdays, etc.).<\/p>\n<p>For an optimal start, the Product Video Generator team can <a href=\"https:\/\/productvideo.io\/produit\/installation-mise-en-service\/\">install the plugin for you<\/a>. The configuration of the extension and the creation of the first video <strong>will be taken care of.<\/strong> You are only a few clicks away from <strong>increasing your conversion rates and your sales<\/strong>. Don&#8217;t wait any longer to animate your online store with <strong>Product Video Generator Premium.<\/strong><\/p>\n<p>","protected":false},"excerpt":{"rendered":"<p>Optimize your conversion rates with Product Video Generator. Our solution helps you automatically <strong>produce your animates product sheest<\/strong> as high-quality videos. For your e-commerce sites on PrestaShop or WooCommerce.<br \/>\nWith Digital Signage 4 Premium, easily produce <strong>up to 500 videos per month<\/strong> <strong>to highlight your products <\/strong>and increase your sales. Would you like us to install and configure the module for you? Choose the &#8220;<a href=\"https:\/\/productvideo.io\/en\/acheter-plugin-productvideogenerator\/installation-service\/installation-commissioning\/\">Product Video Generator installation and configuration<\/a>&#8221; option. Start improving your store impact with Product Video Generator Premium today!<\/p>\n","protected":false},"featured_media":1618,"comment_status":"open","ping_status":"closed","template":"","meta":[],"product_brand":[],"product_cat":[37],"product_tag":[],"class_list":{"0":"post-924","1":"product","2":"type-product","3":"status-publish","4":"has-post-thumbnail","6":"product_cat-plans","8":"first","9":"instock","10":"taxable","11":"shipping-taxable","12":"purchasable","13":"product-type-subscription"},"yoast_head":"<!-- This site is optimized with the Yoast SEO plugin v27.1.1 - https:\/\/yoast.com\/product\/yoast-seo-wordpress\/ -->\n<title>Product video sheet - Product Video Generator Premium - Monthly<\/title>\n<meta name=\"description\" content=\"Product video sheet. Maximize your conversion rates with Product Video Generator. Automatically produce your animated product sheets as high-quality videos.\" \/>\n<meta name=\"robots\" content=\"index, follow, max-snippet:-1, max-image-preview:large, max-video-preview:-1\" \/>\n<link rel=\"canonical\" href=\"https:\/\/productvideo.io\/en\/acheter-plugin-productvideogenerator\/plans\/product-video-generator-premium-monthly\/\" \/>\n<meta property=\"og:locale\" content=\"en_US\" \/>\n<meta property=\"og:type\" content=\"article\" \/>\n<meta property=\"og:title\" content=\"Product video sheet - Product Video Generator Premium - Monthly\" \/>\n<meta property=\"og:description\" content=\"Product video sheet. Maximize your conversion rates with Product Video Generator. Automatically produce your animated product sheets as high-quality videos.\" \/>\n<meta property=\"og:url\" content=\"https:\/\/productvideo.io\/en\/acheter-plugin-productvideogenerator\/plans\/product-video-generator-premium-monthly\/\" \/>\n<meta property=\"og:site_name\" content=\"Product Video Generator with AI\" \/>\n<meta property=\"article:modified_time\" content=\"2025-05-14T12:22:06+00:00\" \/>\n<meta property=\"og:image\" content=\"https:\/\/i0.wp.com\/productvideo.io\/wp-content\/uploads\/2025\/04\/Logo-Abonnement-Premium-T.png?fit=700%2C700&ssl=1\" \/>\n\t<meta property=\"og:image:width\" content=\"700\" \/>\n\t<meta property=\"og:image:height\" content=\"700\" \/>\n\t<meta property=\"og:image:type\" content=\"image\/png\" \/>\n<meta name=\"twitter:card\" content=\"summary_large_image\" \/>\n<meta name=\"twitter:label1\" content=\"Est. reading time\" \/>\n\t<meta name=\"twitter:data1\" content=\"2 minutes\" \/>\n<script type=\"application\/ld+json\" class=\"yoast-schema-graph\">{\"@context\":\"https:\/\/schema.org\",\"@graph\":[{\"@type\":\"WebPage\",\"@id\":\"https:\/\/productvideo.io\/en\/acheter-plugin-productvideogenerator\/plans\/product-video-generator-premium-monthly\/\",\"url\":\"https:\/\/productvideo.io\/en\/acheter-plugin-productvideogenerator\/plans\/product-video-generator-premium-monthly\/\",\"name\":\"Product video sheet - Product Video Generator Premium - Monthly\",\"isPartOf\":{\"@id\":\"https:\/\/productvideo.io\/en\/#website\"},\"primaryImageOfPage\":{\"@id\":\"https:\/\/productvideo.io\/en\/acheter-plugin-productvideogenerator\/plans\/product-video-generator-premium-monthly\/#primaryimage\"},\"image\":{\"@id\":\"https:\/\/productvideo.io\/en\/acheter-plugin-productvideogenerator\/plans\/product-video-generator-premium-monthly\/#primaryimage\"},\"thumbnailUrl\":\"https:\/\/i0.wp.com\/productvideo.io\/wp-content\/uploads\/2025\/04\/Logo-Abonnement-Premium-T.png?fit=700%2C700&ssl=1\",\"datePublished\":\"2024-10-21T08:48:16+00:00\",\"dateModified\":\"2025-05-14T12:22:06+00:00\",\"description\":\"Product video sheet. Maximize your conversion rates with Product Video Generator. Automatically produce your animated product sheets as high-quality videos.\",\"breadcrumb\":{\"@id\":\"https:\/\/productvideo.io\/en\/acheter-plugin-productvideogenerator\/plans\/product-video-generator-premium-monthly\/#breadcrumb\"},\"inLanguage\":\"en-US\",\"potentialAction\":[{\"@type\":\"ReadAction\",\"target\":[\"https:\/\/productvideo.io\/en\/acheter-plugin-productvideogenerator\/plans\/product-video-generator-premium-monthly\/\"]}]},{\"@type\":\"ImageObject\",\"inLanguage\":\"en-US\",\"@id\":\"https:\/\/productvideo.io\/en\/acheter-plugin-productvideogenerator\/plans\/product-video-generator-premium-monthly\/#primaryimage\",\"url\":\"https:\/\/i0.wp.com\/productvideo.io\/wp-content\/uploads\/2025\/04\/Logo-Abonnement-Premium-T.png?fit=700%2C700&ssl=1\",\"contentUrl\":\"https:\/\/i0.wp.com\/productvideo.io\/wp-content\/uploads\/2025\/04\/Logo-Abonnement-Premium-T.png?fit=700%2C700&ssl=1\",\"width\":700,\"height\":700,\"caption\":\"Product Video Generator Abonnement-premium-Video automatique e-commerce\"},{\"@type\":\"BreadcrumbList\",\"@id\":\"https:\/\/productvideo.io\/en\/acheter-plugin-productvideogenerator\/plans\/product-video-generator-premium-monthly\/#breadcrumb\",\"itemListElement\":[{\"@type\":\"ListItem\",\"position\":1,\"name\":\"Accueil\",\"item\":\"https:\/\/productvideo.io\/en\/\"},{\"@type\":\"ListItem\",\"position\":2,\"name\":\"Store\",\"item\":\"https:\/\/productvideo.io\/en\/shop\/\"},{\"@type\":\"ListItem\",\"position\":3,\"name\":\"Product Video Generator Premium &#8211; Monthly\"}]},{\"@type\":\"WebSite\",\"@id\":\"https:\/\/productvideo.io\/en\/#website\",\"url\":\"https:\/\/productvideo.io\/en\/\",\"name\":\"Product Video Generator With AI\",\"description\":\"G\u00e9n\u00e9ration de vid\u00e9os pour vos produits e-commerce\",\"publisher\":{\"@id\":\"https:\/\/productvideo.io\/en\/#organization\"},\"alternateName\":\"PVG\",\"potentialAction\":[{\"@type\":\"SearchAction\",\"target\":{\"@type\":\"EntryPoint\",\"urlTemplate\":\"https:\/\/productvideo.io\/en\/?s={search_term_string}\"},\"query-input\":{\"@type\":\"PropertyValueSpecification\",\"valueRequired\":true,\"valueName\":\"search_term_string\"}}],\"inLanguage\":\"en-US\"},{\"@type\":\"Organization\",\"@id\":\"https:\/\/productvideo.io\/en\/#organization\",\"name\":\"I.R.C. Ouest Acacia Dynamic\",\"url\":\"https:\/\/productvideo.io\/en\/\",\"logo\":{\"@type\":\"ImageObject\",\"inLanguage\":\"en-US\",\"@id\":\"https:\/\/productvideo.io\/en\/#\/schema\/logo\/image\/\",\"url\":\"https:\/\/i0.wp.com\/productvideo.io\/wp-content\/uploads\/2024\/09\/cropped-1563199803621.jpg?fit=200%2C133&ssl=1\",\"contentUrl\":\"https:\/\/i0.wp.com\/productvideo.io\/wp-content\/uploads\/2024\/09\/cropped-1563199803621.jpg?fit=200%2C133&ssl=1\",\"width\":200,\"height\":133,\"caption\":\"I.R.C. Ouest Acacia Dynamic\"},\"image\":{\"@id\":\"https:\/\/productvideo.io\/en\/#\/schema\/logo\/image\/\"}}]}<\/script>\n<!-- \/ Yoast SEO plugin. -->","yoast_head_json":{"title":"Product video sheet - Product Video Generator Premium - Monthly","description":"Product video sheet. Maximize your conversion rates with Product Video Generator. Automatically produce your animated product sheets as high-quality videos.","robots":{"index":"index","follow":"follow","max-snippet":"max-snippet:-1","max-image-preview":"max-image-preview:large","max-video-preview":"max-video-preview:-1"},"canonical":"https:\/\/productvideo.io\/en\/acheter-plugin-productvideogenerator\/plans\/product-video-generator-premium-monthly\/","og_locale":"en_US","og_type":"article","og_title":"Product video sheet - Product Video Generator Premium - Monthly","og_description":"Product video sheet. Maximize your conversion rates with Product Video Generator. Automatically produce your animated product sheets as high-quality videos.","og_url":"https:\/\/productvideo.io\/en\/acheter-plugin-productvideogenerator\/plans\/product-video-generator-premium-monthly\/","og_site_name":"Product Video Generator with AI","article_modified_time":"2025-05-14T12:22:06+00:00","og_image":[{"width":700,"height":700,"url":"https:\/\/i0.wp.com\/productvideo.io\/wp-content\/uploads\/2025\/04\/Logo-Abonnement-Premium-T.png?fit=700%2C700&ssl=1","type":"image\/png"}],"twitter_card":"summary_large_image","twitter_misc":{"Est. reading time":"2 minutes"},"schema":{"@context":"https:\/\/schema.org","@graph":[{"@type":"WebPage","@id":"https:\/\/productvideo.io\/en\/acheter-plugin-productvideogenerator\/plans\/product-video-generator-premium-monthly\/","url":"https:\/\/productvideo.io\/en\/acheter-plugin-productvideogenerator\/plans\/product-video-generator-premium-monthly\/","name":"Product video sheet - Product Video Generator Premium - Monthly","isPartOf":{"@id":"https:\/\/productvideo.io\/en\/#website"},"primaryImageOfPage":{"@id":"https:\/\/productvideo.io\/en\/acheter-plugin-productvideogenerator\/plans\/product-video-generator-premium-monthly\/#primaryimage"},"image":{"@id":"https:\/\/productvideo.io\/en\/acheter-plugin-productvideogenerator\/plans\/product-video-generator-premium-monthly\/#primaryimage"},"thumbnailUrl":"https:\/\/i0.wp.com\/productvideo.io\/wp-content\/uploads\/2025\/04\/Logo-Abonnement-Premium-T.png?fit=700%2C700&ssl=1","datePublished":"2024-10-21T08:48:16+00:00","dateModified":"2025-05-14T12:22:06+00:00","description":"Product video sheet. Maximize your conversion rates with Product Video Generator. Automatically produce your animated product sheets as high-quality videos.","breadcrumb":{"@id":"https:\/\/productvideo.io\/en\/acheter-plugin-productvideogenerator\/plans\/product-video-generator-premium-monthly\/#breadcrumb"},"inLanguage":"en-US","potentialAction":[{"@type":"ReadAction","target":["https:\/\/productvideo.io\/en\/acheter-plugin-productvideogenerator\/plans\/product-video-generator-premium-monthly\/"]}]},{"@type":"ImageObject","inLanguage":"en-US","@id":"https:\/\/productvideo.io\/en\/acheter-plugin-productvideogenerator\/plans\/product-video-generator-premium-monthly\/#primaryimage","url":"https:\/\/i0.wp.com\/productvideo.io\/wp-content\/uploads\/2025\/04\/Logo-Abonnement-Premium-T.png?fit=700%2C700&ssl=1","contentUrl":"https:\/\/i0.wp.com\/productvideo.io\/wp-content\/uploads\/2025\/04\/Logo-Abonnement-Premium-T.png?fit=700%2C700&ssl=1","width":700,"height":700,"caption":"Product Video Generator Abonnement-premium-Video automatique e-commerce"},{"@type":"BreadcrumbList","@id":"https:\/\/productvideo.io\/en\/acheter-plugin-productvideogenerator\/plans\/product-video-generator-premium-monthly\/#breadcrumb","itemListElement":[{"@type":"ListItem","position":1,"name":"Accueil","item":"https:\/\/productvideo.io\/en\/"},{"@type":"ListItem","position":2,"name":"Store","item":"https:\/\/productvideo.io\/en\/shop\/"},{"@type":"ListItem","position":3,"name":"Product Video Generator Premium &#8211; Monthly"}]},{"@type":"WebSite","@id":"https:\/\/productvideo.io\/en\/#website","url":"https:\/\/productvideo.io\/en\/","name":"Product Video Generator With AI","description":"G\u00e9n\u00e9ration de vid\u00e9os pour vos produits e-commerce","publisher":{"@id":"https:\/\/productvideo.io\/en\/#organization"},"alternateName":"PVG","potentialAction":[{"@type":"SearchAction","target":{"@type":"EntryPoint","urlTemplate":"https:\/\/productvideo.io\/en\/?s={search_term_string}"},"query-input":{"@type":"PropertyValueSpecification","valueRequired":true,"valueName":"search_term_string"}}],"inLanguage":"en-US"},{"@type":"Organization","@id":"https:\/\/productvideo.io\/en\/#organization","name":"I.R.C. Ouest Acacia Dynamic","url":"https:\/\/productvideo.io\/en\/","logo":{"@type":"ImageObject","inLanguage":"en-US","@id":"https:\/\/productvideo.io\/en\/#\/schema\/logo\/image\/","url":"https:\/\/i0.wp.com\/productvideo.io\/wp-content\/uploads\/2024\/09\/cropped-1563199803621.jpg?fit=200%2C133&ssl=1","contentUrl":"https:\/\/i0.wp.com\/productvideo.io\/wp-content\/uploads\/2024\/09\/cropped-1563199803621.jpg?fit=200%2C133&ssl=1","width":200,"height":133,"caption":"I.R.C. Ouest Acacia Dynamic"},"image":{"@id":"https:\/\/productvideo.io\/en\/#\/schema\/logo\/image\/"}}]}},"_links":{"self":[{"href":"https:\/\/productvideo.io\/en\/wp-json\/wp\/v2\/product\/924","targetHints":{"allow":["GET"]}}],"collection":[{"href":"https:\/\/productvideo.io\/en\/wp-json\/wp\/v2\/product"}],"about":[{"href":"https:\/\/productvideo.io\/en\/wp-json\/wp\/v2\/types\/product"}],"replies":[{"embeddable":true,"href":"https:\/\/productvideo.io\/en\/wp-json\/wp\/v2\/comments?post=924"}],"version-history":[{"count":2,"href":"https:\/\/productvideo.io\/en\/wp-json\/wp\/v2\/product\/924\/revisions"}],"predecessor-version":[{"id":1736,"href":"https:\/\/productvideo.io\/en\/wp-json\/wp\/v2\/product\/924\/revisions\/1736"}],"wp:featuredmedia":[{"embeddable":true,"href":"https:\/\/productvideo.io\/en\/wp-json\/wp\/v2\/media\/1618"}],"wp:attachment":[{"href":"https:\/\/productvideo.io\/en\/wp-json\/wp\/v2\/media?parent=924"}],"wp:term":[{"taxonomy":"product_brand","embeddable":true,"href":"https:\/\/productvideo.io\/en\/wp-json\/wp\/v2\/product_brand?post=924"},{"taxonomy":"product_cat","embeddable":true,"href":"https:\/\/productvideo.io\/en\/wp-json\/wp\/v2\/product_cat?post=924"},{"taxonomy":"product_tag","embeddable":true,"href":"https:\/\/productvideo.io\/en\/wp-json\/wp\/v2\/product_tag?post=924"}],"curies":[{"name":"wp","href":"https:\/\/api.w.org\/{rel}","templated":true}]}}