{"id":2051,"date":"2024-10-28T15:01:36","date_gmt":"2024-10-28T14:01:36","guid":{"rendered":"https:\/\/productvideo.io\/acheter-plugin-productvideogenerator\/uncategorized\/10-videos-pack\/"},"modified":"2025-06-25T09:55:23","modified_gmt":"2025-06-25T07:55:23","slug":"10-videos-pack","status":"publish","type":"product","link":"https:\/\/productvideo.io\/en\/acheter-plugin-productvideogenerator\/options-and-additional-products\/10-videos-pack\/","title":{"rendered":"10 videos pack"},"content":{"rendered":"<p><p>Want to continue promoting your products on your store, but have used up your video quota? It&#8217;s not serious ! With the pack of 10 automatic videos, enjoy 10 videos added to your subscription to continue to highlight your product sheets for 1 month. This way you will continue to boost your store thanks to the automatic videos from Product Video Generator for WooCommerce and Prestashop.<\/p>\n<p>Depending on your needs, you can also purchase multiple packs. You are not limited and can add to cart the automatic &#8220;pack 10 videos&#8221; option as many as you want.<\/p>\n<p>If you regularly use up the video quota included in your package, we remind you that your package can be upgraded at any time. So don\u2019t hesitate to consult our prices page to find the one that best suits your needs.<\/p>\n<h4>There are also other additional options available to enhance your use of Product Video Generator!<\/h4>\n<p>Do you want to increase your presence on social networks? <a href=\"https:\/\/productvideo.io\/en\/acheter-plugin-productvideogenerator\/options-and-additional-products\/social-sharing\/\">It&#8217;s possible with Product Video Generator social sharing<\/a> <\/p>\n<p> This option allows you to share your tool-generated videos anywhere. Additionally, you will also have the option to automatically publish them to YouTube, without having to do anything!<\/p>\n<p>Finally, you&#8217;ll regularly receive new video templates directly in your library. You&#8217;ll also enjoy those dedicated to various business events throughout the year (Black Friday, Christmas, birthdays, etc.). <\/p>\n<p>For a smooth start, <a href=\"https:\/\/productvideo.io\/en\/acheter-plugin-productvideogenerator\/installation-service\/installation-commissioning\/\">the Product Video Generator team can install the module for you.<\/a> The team then installs the extension on your site and takes care of the configuration. The team then installs the extension on your site and takes care of the configuration.<\/p>\n<p><em>Subscribe to this option now* to boost your store, increase your sales and keep your visitors on your product pages! <\/em><\/p>\n<p><em>*To benefit from an additional video pack, you must first have a Product Video Generator plan. You can find them directly in <\/em><a href=\"https:\/\/productvideo.io\/acheter-plugin-productvideogenerator\/\"><em>our store<\/em><\/a><em> or <\/em><a href=\"https:\/\/productvideo.io\/en\/rates\/\"><em>our pricing page<\/em><\/a><em>. <\/em> <\/p>\n<p>","protected":false},"excerpt":{"rendered":"<p>With our packs of 10 additional videos valid for 1 month, continue to promote your products! Packs can be purchased at any time and you are not limited in quantity.<\/p>\n<p>If your package becomes too limited for your needs, do not hesitate to consult our <a href=\"https:\/\/productvideo.io\/en\/rates\/\">rates page<\/a> to find a more suitable one.<\/p>\n<p>Don&#8217;t lose your visitors, buy your video packs now to keep their attention!<\/p>\n","protected":false},"featured_media":870,"comment_status":"open","ping_status":"closed","template":"","meta":[],"product_brand":[],"product_cat":[39],"product_tag":[],"class_list":{"0":"post-2051","1":"product","2":"type-product","3":"status-publish","4":"has-post-thumbnail","6":"product_cat-options-and-additional-products","8":"first","9":"instock","10":"virtual","11":"taxable","12":"purchasable","13":"product-type-simple"},"yoast_head":"<!-- This site is optimized with the Yoast SEO plugin v27.1.1 - https:\/\/yoast.com\/product\/yoast-seo-wordpress\/ -->\n<title>Automatic video pack - Product Video Generator with AI<\/title>\n<meta name=\"description\" content=\"Automatic video pack for your product sheets. 10 videos to use over 1 month in addition to your Product Video Generator package\" \/>\n<meta name=\"robots\" content=\"index, follow, max-snippet:-1, max-image-preview:large, max-video-preview:-1\" \/>\n<link rel=\"canonical\" href=\"https:\/\/productvideo.io\/en\/acheter-plugin-productvideogenerator\/options-and-additional-products\/10-videos-pack\/\" \/>\n<meta property=\"og:locale\" content=\"en_US\" \/>\n<meta property=\"og:type\" content=\"article\" \/>\n<meta property=\"og:title\" content=\"Automatic video pack - Product Video Generator with AI\" \/>\n<meta property=\"og:description\" content=\"Automatic video pack for your product sheets. 10 videos to use over 1 month in addition to your Product Video Generator package\" \/>\n<meta property=\"og:url\" content=\"https:\/\/productvideo.io\/en\/acheter-plugin-productvideogenerator\/options-and-additional-products\/10-videos-pack\/\" \/>\n<meta property=\"og:site_name\" content=\"Product Video Generator with AI\" \/>\n<meta property=\"article:modified_time\" content=\"2025-06-25T07:55:23+00:00\" \/>\n<meta property=\"og:image\" content=\"https:\/\/i0.wp.com\/productvideo.io\/wp-content\/uploads\/2024\/09\/Service-Pack-videos-1.png?fit=700%2C700&ssl=1\" \/>\n\t<meta property=\"og:image:width\" content=\"700\" \/>\n\t<meta property=\"og:image:height\" content=\"700\" \/>\n\t<meta property=\"og:image:type\" content=\"image\/png\" \/>\n<meta name=\"twitter:card\" content=\"summary_large_image\" \/>\n<meta name=\"twitter:label1\" content=\"Est. reading time\" \/>\n\t<meta name=\"twitter:data1\" content=\"2 minutes\" \/>\n<script type=\"application\/ld+json\" class=\"yoast-schema-graph\">{\"@context\":\"https:\/\/schema.org\",\"@graph\":[{\"@type\":\"WebPage\",\"@id\":\"https:\/\/productvideo.io\/en\/acheter-plugin-productvideogenerator\/options-and-additional-products\/10-videos-pack\/\",\"url\":\"https:\/\/productvideo.io\/en\/acheter-plugin-productvideogenerator\/options-and-additional-products\/10-videos-pack\/\",\"name\":\"Automatic video pack - Product Video Generator with AI\",\"isPartOf\":{\"@id\":\"https:\/\/productvideo.io\/en\/#website\"},\"primaryImageOfPage\":{\"@id\":\"https:\/\/productvideo.io\/en\/acheter-plugin-productvideogenerator\/options-and-additional-products\/10-videos-pack\/#primaryimage\"},\"image\":{\"@id\":\"https:\/\/productvideo.io\/en\/acheter-plugin-productvideogenerator\/options-and-additional-products\/10-videos-pack\/#primaryimage\"},\"thumbnailUrl\":\"https:\/\/i0.wp.com\/productvideo.io\/wp-content\/uploads\/2024\/09\/Service-Pack-videos-1.png?fit=700%2C700&ssl=1\",\"datePublished\":\"2024-10-28T14:01:36+00:00\",\"dateModified\":\"2025-06-25T07:55:23+00:00\",\"description\":\"Automatic video pack for your product sheets. 10 videos to use over 1 month in addition to your Product Video Generator package\",\"breadcrumb\":{\"@id\":\"https:\/\/productvideo.io\/en\/acheter-plugin-productvideogenerator\/options-and-additional-products\/10-videos-pack\/#breadcrumb\"},\"inLanguage\":\"en-US\",\"potentialAction\":[{\"@type\":\"ReadAction\",\"target\":[\"https:\/\/productvideo.io\/en\/acheter-plugin-productvideogenerator\/options-and-additional-products\/10-videos-pack\/\"]}]},{\"@type\":\"ImageObject\",\"inLanguage\":\"en-US\",\"@id\":\"https:\/\/productvideo.io\/en\/acheter-plugin-productvideogenerator\/options-and-additional-products\/10-videos-pack\/#primaryimage\",\"url\":\"https:\/\/i0.wp.com\/productvideo.io\/wp-content\/uploads\/2024\/09\/Service-Pack-videos-1.png?fit=700%2C700&ssl=1\",\"contentUrl\":\"https:\/\/i0.wp.com\/productvideo.io\/wp-content\/uploads\/2024\/09\/Service-Pack-videos-1.png?fit=700%2C700&ssl=1\",\"width\":700,\"height\":700,\"caption\":\"DigitalSignage4 - automatic video pack\"},{\"@type\":\"BreadcrumbList\",\"@id\":\"https:\/\/productvideo.io\/en\/acheter-plugin-productvideogenerator\/options-and-additional-products\/10-videos-pack\/#breadcrumb\",\"itemListElement\":[{\"@type\":\"ListItem\",\"position\":1,\"name\":\"Accueil\",\"item\":\"https:\/\/productvideo.io\/en\/\"},{\"@type\":\"ListItem\",\"position\":2,\"name\":\"Store\",\"item\":\"https:\/\/productvideo.io\/en\/shop\/\"},{\"@type\":\"ListItem\",\"position\":3,\"name\":\"10 videos pack\"}]},{\"@type\":\"WebSite\",\"@id\":\"https:\/\/productvideo.io\/en\/#website\",\"url\":\"https:\/\/productvideo.io\/en\/\",\"name\":\"Product Video Generator With AI\",\"description\":\"G\u00e9n\u00e9ration de vid\u00e9os pour vos produits e-commerce\",\"publisher\":{\"@id\":\"https:\/\/productvideo.io\/en\/#organization\"},\"alternateName\":\"PVG\",\"potentialAction\":[{\"@type\":\"SearchAction\",\"target\":{\"@type\":\"EntryPoint\",\"urlTemplate\":\"https:\/\/productvideo.io\/en\/?s={search_term_string}\"},\"query-input\":{\"@type\":\"PropertyValueSpecification\",\"valueRequired\":true,\"valueName\":\"search_term_string\"}}],\"inLanguage\":\"en-US\"},{\"@type\":\"Organization\",\"@id\":\"https:\/\/productvideo.io\/en\/#organization\",\"name\":\"I.R.C. Ouest Acacia Dynamic\",\"url\":\"https:\/\/productvideo.io\/en\/\",\"logo\":{\"@type\":\"ImageObject\",\"inLanguage\":\"en-US\",\"@id\":\"https:\/\/productvideo.io\/en\/#\/schema\/logo\/image\/\",\"url\":\"https:\/\/i0.wp.com\/productvideo.io\/wp-content\/uploads\/2024\/09\/cropped-1563199803621.jpg?fit=200%2C133&ssl=1\",\"contentUrl\":\"https:\/\/i0.wp.com\/productvideo.io\/wp-content\/uploads\/2024\/09\/cropped-1563199803621.jpg?fit=200%2C133&ssl=1\",\"width\":200,\"height\":133,\"caption\":\"I.R.C. Ouest Acacia Dynamic\"},\"image\":{\"@id\":\"https:\/\/productvideo.io\/en\/#\/schema\/logo\/image\/\"}}]}<\/script>\n<!-- \/ Yoast SEO plugin. -->","yoast_head_json":{"title":"Automatic video pack - Product Video Generator with AI","description":"Automatic video pack for your product sheets. 10 videos to use over 1 month in addition to your Product Video Generator package","robots":{"index":"index","follow":"follow","max-snippet":"max-snippet:-1","max-image-preview":"max-image-preview:large","max-video-preview":"max-video-preview:-1"},"canonical":"https:\/\/productvideo.io\/en\/acheter-plugin-productvideogenerator\/options-and-additional-products\/10-videos-pack\/","og_locale":"en_US","og_type":"article","og_title":"Automatic video pack - Product Video Generator with AI","og_description":"Automatic video pack for your product sheets. 10 videos to use over 1 month in addition to your Product Video Generator package","og_url":"https:\/\/productvideo.io\/en\/acheter-plugin-productvideogenerator\/options-and-additional-products\/10-videos-pack\/","og_site_name":"Product Video Generator with AI","article_modified_time":"2025-06-25T07:55:23+00:00","og_image":[{"width":700,"height":700,"url":"https:\/\/i0.wp.com\/productvideo.io\/wp-content\/uploads\/2024\/09\/Service-Pack-videos-1.png?fit=700%2C700&ssl=1","type":"image\/png"}],"twitter_card":"summary_large_image","twitter_misc":{"Est. reading time":"2 minutes"},"schema":{"@context":"https:\/\/schema.org","@graph":[{"@type":"WebPage","@id":"https:\/\/productvideo.io\/en\/acheter-plugin-productvideogenerator\/options-and-additional-products\/10-videos-pack\/","url":"https:\/\/productvideo.io\/en\/acheter-plugin-productvideogenerator\/options-and-additional-products\/10-videos-pack\/","name":"Automatic video pack - Product Video Generator with AI","isPartOf":{"@id":"https:\/\/productvideo.io\/en\/#website"},"primaryImageOfPage":{"@id":"https:\/\/productvideo.io\/en\/acheter-plugin-productvideogenerator\/options-and-additional-products\/10-videos-pack\/#primaryimage"},"image":{"@id":"https:\/\/productvideo.io\/en\/acheter-plugin-productvideogenerator\/options-and-additional-products\/10-videos-pack\/#primaryimage"},"thumbnailUrl":"https:\/\/i0.wp.com\/productvideo.io\/wp-content\/uploads\/2024\/09\/Service-Pack-videos-1.png?fit=700%2C700&ssl=1","datePublished":"2024-10-28T14:01:36+00:00","dateModified":"2025-06-25T07:55:23+00:00","description":"Automatic video pack for your product sheets. 10 videos to use over 1 month in addition to your Product Video Generator package","breadcrumb":{"@id":"https:\/\/productvideo.io\/en\/acheter-plugin-productvideogenerator\/options-and-additional-products\/10-videos-pack\/#breadcrumb"},"inLanguage":"en-US","potentialAction":[{"@type":"ReadAction","target":["https:\/\/productvideo.io\/en\/acheter-plugin-productvideogenerator\/options-and-additional-products\/10-videos-pack\/"]}]},{"@type":"ImageObject","inLanguage":"en-US","@id":"https:\/\/productvideo.io\/en\/acheter-plugin-productvideogenerator\/options-and-additional-products\/10-videos-pack\/#primaryimage","url":"https:\/\/i0.wp.com\/productvideo.io\/wp-content\/uploads\/2024\/09\/Service-Pack-videos-1.png?fit=700%2C700&ssl=1","contentUrl":"https:\/\/i0.wp.com\/productvideo.io\/wp-content\/uploads\/2024\/09\/Service-Pack-videos-1.png?fit=700%2C700&ssl=1","width":700,"height":700,"caption":"DigitalSignage4 - automatic video pack"},{"@type":"BreadcrumbList","@id":"https:\/\/productvideo.io\/en\/acheter-plugin-productvideogenerator\/options-and-additional-products\/10-videos-pack\/#breadcrumb","itemListElement":[{"@type":"ListItem","position":1,"name":"Accueil","item":"https:\/\/productvideo.io\/en\/"},{"@type":"ListItem","position":2,"name":"Store","item":"https:\/\/productvideo.io\/en\/shop\/"},{"@type":"ListItem","position":3,"name":"10 videos pack"}]},{"@type":"WebSite","@id":"https:\/\/productvideo.io\/en\/#website","url":"https:\/\/productvideo.io\/en\/","name":"Product Video Generator With AI","description":"G\u00e9n\u00e9ration de vid\u00e9os pour vos produits e-commerce","publisher":{"@id":"https:\/\/productvideo.io\/en\/#organization"},"alternateName":"PVG","potentialAction":[{"@type":"SearchAction","target":{"@type":"EntryPoint","urlTemplate":"https:\/\/productvideo.io\/en\/?s={search_term_string}"},"query-input":{"@type":"PropertyValueSpecification","valueRequired":true,"valueName":"search_term_string"}}],"inLanguage":"en-US"},{"@type":"Organization","@id":"https:\/\/productvideo.io\/en\/#organization","name":"I.R.C. Ouest Acacia Dynamic","url":"https:\/\/productvideo.io\/en\/","logo":{"@type":"ImageObject","inLanguage":"en-US","@id":"https:\/\/productvideo.io\/en\/#\/schema\/logo\/image\/","url":"https:\/\/i0.wp.com\/productvideo.io\/wp-content\/uploads\/2024\/09\/cropped-1563199803621.jpg?fit=200%2C133&ssl=1","contentUrl":"https:\/\/i0.wp.com\/productvideo.io\/wp-content\/uploads\/2024\/09\/cropped-1563199803621.jpg?fit=200%2C133&ssl=1","width":200,"height":133,"caption":"I.R.C. Ouest Acacia Dynamic"},"image":{"@id":"https:\/\/productvideo.io\/en\/#\/schema\/logo\/image\/"}}]}},"_links":{"self":[{"href":"https:\/\/productvideo.io\/en\/wp-json\/wp\/v2\/product\/2051","targetHints":{"allow":["GET"]}}],"collection":[{"href":"https:\/\/productvideo.io\/en\/wp-json\/wp\/v2\/product"}],"about":[{"href":"https:\/\/productvideo.io\/en\/wp-json\/wp\/v2\/types\/product"}],"replies":[{"embeddable":true,"href":"https:\/\/productvideo.io\/en\/wp-json\/wp\/v2\/comments?post=2051"}],"version-history":[{"count":2,"href":"https:\/\/productvideo.io\/en\/wp-json\/wp\/v2\/product\/2051\/revisions"}],"predecessor-version":[{"id":2135,"href":"https:\/\/productvideo.io\/en\/wp-json\/wp\/v2\/product\/2051\/revisions\/2135"}],"wp:featuredmedia":[{"embeddable":true,"href":"https:\/\/productvideo.io\/en\/wp-json\/wp\/v2\/media\/870"}],"wp:attachment":[{"href":"https:\/\/productvideo.io\/en\/wp-json\/wp\/v2\/media?parent=2051"}],"wp:term":[{"taxonomy":"product_brand","embeddable":true,"href":"https:\/\/productvideo.io\/en\/wp-json\/wp\/v2\/product_brand?post=2051"},{"taxonomy":"product_cat","embeddable":true,"href":"https:\/\/productvideo.io\/en\/wp-json\/wp\/v2\/product_cat?post=2051"},{"taxonomy":"product_tag","embeddable":true,"href":"https:\/\/productvideo.io\/en\/wp-json\/wp\/v2\/product_tag?post=2051"}],"curies":[{"name":"wp","href":"https:\/\/api.w.org\/{rel}","templated":true}]}}