{"id":964,"date":"2024-09-27T17:25:22","date_gmt":"2024-09-27T15:25:22","guid":{"rendered":"https:\/\/digitalsignage4.com\/contact\/"},"modified":"2025-09-10T16:23:37","modified_gmt":"2025-09-10T14:23:37","slug":"contact","status":"publish","type":"page","link":"https:\/\/productvideo.io\/en\/contact\/","title":{"rendered":"Contact"},"content":{"rendered":"<p>\t\t<div data-elementor-type=\"wp-page\" data-elementor-id=\"964\" class=\"elementor elementor-964 elementor-247\" data-elementor-post-type=\"page\">\n\t\t\t\t<div class=\"elementor-element elementor-element-a9755cf e-con-full e-flex e-con e-parent\" data-id=\"a9755cf\" data-element_type=\"container\" data-e-type=\"container\">\n\t\t<div class=\"elementor-element elementor-element-97ec971 e-con-full e-flex e-con e-child\" data-id=\"97ec971\" data-element_type=\"container\" data-e-type=\"container\">\n\t\t\t\t<div class=\"elementor-element elementor-element-a08d5d7 elementor-widget elementor-widget-heading\" data-id=\"a08d5d7\" data-element_type=\"widget\" data-e-type=\"widget\" data-widget_type=\"heading.default\">\n\t\t\t\t<div class=\"elementor-widget-container\">\n\t\t\t\t\t<h1 class=\"elementor-heading-title elementor-size-default\">A question? Contact us <\/h1>\t\t\t\t<\/div>\n\t\t\t\t<\/div>\n\t\t\t\t<\/div>\n\t\t<div class=\"elementor-element elementor-element-664ea9d e-con-full e-flex e-con e-child\" data-id=\"664ea9d\" data-element_type=\"container\" data-e-type=\"container\">\n\t\t\t\t<div class=\"elementor-element elementor-element-8c498d1 color-scheme-inherit text-left elementor-widget elementor-widget-text-editor\" data-id=\"8c498d1\" data-element_type=\"widget\" data-e-type=\"widget\" data-widget_type=\"text-editor.default\">\n\t\t\t\t<div class=\"elementor-widget-container\">\n\t\t\t\t\t\t\t\t\t<p>Complete this form and we will contact you as soon as possible.<\/p>\t\t\t\t\t\t\t\t<\/div>\n\t\t\t\t<\/div>\n\t\t\t\t<\/div>\n\t\t<div class=\"elementor-element elementor-element-56cebd5 e-con-full e-flex e-con e-child\" data-id=\"56cebd5\" data-element_type=\"container\" data-e-type=\"container\">\n\t\t\t\t<div class=\"elementor-element elementor-element-37fbfcd elementor-widget elementor-widget-wd_contact_form_7\" data-id=\"37fbfcd\" data-element_type=\"widget\" data-e-type=\"widget\" data-widget_type=\"wd_contact_form_7.default\">\n\t\t\t\t<div class=\"elementor-widget-container\">\n\t\t\t\t\t\n<div class=\"wpcf7 no-js\" id=\"wpcf7-f2117-o1\" lang=\"en-US\" dir=\"ltr\" data-wpcf7-id=\"2117\">\n<div class=\"screen-reader-response\"><p role=\"status\" aria-live=\"polite\" aria-atomic=\"true\"><\/p> <ul><\/ul><\/div>\n<form action=\"\/en\/wp-json\/wp\/v2\/pages\/964#wpcf7-f2117-o1\" method=\"post\" class=\"wpcf7-form init\" aria-label=\"Contact form\" novalidate=\"novalidate\" data-status=\"init\">\n<fieldset class=\"hidden-fields-container\"><input type=\"hidden\" name=\"_wpcf7\" value=\"2117\" \/><input type=\"hidden\" name=\"_wpcf7_version\" value=\"6.1.5\" \/><input type=\"hidden\" name=\"_wpcf7_locale\" value=\"en_US\" \/><input type=\"hidden\" name=\"_wpcf7_unit_tag\" value=\"wpcf7-f2117-o1\" \/><input type=\"hidden\" name=\"_wpcf7_container_post\" value=\"0\" \/><input type=\"hidden\" name=\"_wpcf7_posted_data_hash\" value=\"\" \/>\n<\/fieldset>\n<p><label> Your name*<br \/>\n<span class=\"wpcf7-form-control-wrap\" data-name=\"your-name\"><input size=\"40\" maxlength=\"400\" class=\"wpcf7-form-control wpcf7-text wpcf7-validates-as-required\" aria-required=\"true\" aria-invalid=\"false\" value=\"\" type=\"text\" name=\"your-name\" \/><\/span> <\/label>\n<\/p>\n<p><label> Your first name*<br \/>\n<span class=\"wpcf7-form-control-wrap\" data-name=\"your-surname\"><input size=\"40\" maxlength=\"400\" class=\"wpcf7-form-control wpcf7-text wpcf7-validates-as-required\" aria-required=\"true\" aria-invalid=\"false\" value=\"\" type=\"text\" name=\"your-surname\" \/><\/span> <\/label>\n<\/p>\n<p><label> Your email*<br \/>\n<span class=\"wpcf7-form-control-wrap\" data-name=\"your-email\"><input size=\"40\" maxlength=\"400\" class=\"wpcf7-form-control wpcf7-email wpcf7-validates-as-required wpcf7-text wpcf7-validates-as-email\" aria-required=\"true\" aria-invalid=\"false\" value=\"\" type=\"email\" name=\"your-email\" \/><\/span> <\/label>\n<\/p>\n<p><label> Your phone number<br \/>\n<span class=\"wpcf7-form-control-wrap\" data-name=\"your-number\"><input size=\"40\" maxlength=\"400\" class=\"wpcf7-form-control wpcf7-text wpcf7-validates-as-required\" aria-required=\"true\" aria-invalid=\"false\" value=\"\" type=\"text\" name=\"your-number\" \/><\/span> <\/label>\n<\/p>\n<p><label> Your country<br \/>\n<span class=\"wpcf7-form-control-wrap\" data-name=\"your-country\"><input size=\"40\" maxlength=\"400\" class=\"wpcf7-form-control wpcf7-text wpcf7-validates-as-required\" aria-required=\"true\" aria-invalid=\"false\" value=\"\" type=\"text\" name=\"your-country\" \/><\/span> <\/label>\n<\/p>\n<p><label> Your firm<br \/>\n<span class=\"wpcf7-form-control-wrap\" data-name=\"your-society\"><input size=\"40\" maxlength=\"400\" class=\"wpcf7-form-control wpcf7-text wpcf7-validates-as-required\" aria-required=\"true\" aria-invalid=\"false\" value=\"\" type=\"text\" name=\"your-society\" \/><\/span> <\/label>\n<\/p>\n<p><label> Subject*<br \/>\n<span class=\"wpcf7-form-control-wrap\" data-name=\"menu-93\"><select class=\"wpcf7-form-control wpcf7-select\" aria-invalid=\"false\" name=\"menu-93\"><option value=\"\">&#8212;Please choose an option&#8212;<\/option><option value=\"Customized quote\">Customized quote<\/option><option value=\"Technical questions\">Technical questions<\/option><option value=\"After-sales service\">After-sales service<\/option><option value=\"Other\">Other<\/option><\/select><\/span><br \/>\n<\/label><label> Your message*<br \/>\n<span class=\"wpcf7-form-control-wrap\" data-name=\"your-message\"><textarea cols=\"40\" rows=\"10\" maxlength=\"2000\" class=\"wpcf7-form-control wpcf7-textarea\" aria-invalid=\"false\" name=\"your-message\"><\/textarea><\/span> <\/label><br \/>\n<input class=\"wpcf7-form-control wpcf7-submit has-spinner\" type=\"submit\" value=\"Send\" \/>\n<\/p>\n<p><span class=\"wpcf7-form-control-wrap\" data-name=\"checkbox-604\"><span class=\"wpcf7-form-control wpcf7-checkbox wpcf7-validates-as-required\"><span class=\"wpcf7-list-item first last\"><label><input type=\"checkbox\" name=\"checkbox-604[]\" value=\"I agree that the data entered in this form will be used to contact me for promotional emails from Acacia Dynamic only.\" \/><span class=\"wpcf7-list-item-label\">I agree that the data entered in this form will be used to contact me for promotional emails from Acacia Dynamic only.<\/span><\/label><\/span><\/span><\/span>\n<\/p><p style=\"display: none !important;\" class=\"akismet-fields-container\" data-prefix=\"_wpcf7_ak_\"><label>&#916;<textarea name=\"_wpcf7_ak_hp_textarea\" cols=\"45\" rows=\"8\" maxlength=\"100\"><\/textarea><\/label><input type=\"hidden\" id=\"ak_js_1\" name=\"_wpcf7_ak_js\" value=\"85\"\/><script data-jetpack-boost=\"ignore\">document.getElementById( \"ak_js_1\" ).setAttribute( \"value\", ( new Date() ).getTime() );<\/script><\/p><div class=\"wpcf7-response-output\" aria-hidden=\"true\"><\/div>\n<\/form>\n<\/div>\n\t\t\t\t<\/div>\n\t\t\t\t<\/div>\n\t\t\t\t<div class=\"elementor-element elementor-element-99d8772 color-scheme-inherit text-left elementor-widget elementor-widget-text-editor\" data-id=\"99d8772\" data-element_type=\"widget\" data-e-type=\"widget\" data-widget_type=\"text-editor.default\">\n\t\t\t\t<div class=\"elementor-widget-container\">\n\t\t\t\t\t\t\t\t\t<p><em>* Required fields<\/em><\/p>\t\t\t\t\t\t\t\t<\/div>\n\t\t\t\t<\/div>\n\t\t\t\t<\/div>\n\t\t<div class=\"elementor-element elementor-element-350e977 e-con-full e-flex e-con e-child\" data-id=\"350e977\" data-element_type=\"container\" data-e-type=\"container\">\n\t\t\t\t<div class=\"elementor-element elementor-element-c7faa6d elementor-widget elementor-widget-heading\" data-id=\"c7faa6d\" data-element_type=\"widget\" data-e-type=\"widget\" data-widget_type=\"heading.default\">\n\t\t\t\t<div class=\"elementor-widget-container\">\n\t\t\t\t\t<h2 class=\"elementor-heading-title elementor-size-default\">Your question may be in our FAQ<\/h2>\t\t\t\t<\/div>\n\t\t\t\t<\/div>\n\t\t\t\t<div class=\"elementor-element elementor-element-9328436 color-scheme-inherit text-left elementor-widget elementor-widget-text-editor\" data-id=\"9328436\" data-element_type=\"widget\" data-e-type=\"widget\" data-widget_type=\"text-editor.default\">\n\t\t\t\t<div class=\"elementor-widget-container\">\n\t\t\t\t\t\t\t\t\t<p><img decoding=\"async\" data-recalc-dims=\"1\" class=\"alignleft\" src=\"https:\/\/i0.wp.com\/productvideo.io\/wp-content\/uploads\/2024\/09\/icone-tel-site.png?resize=40%2C44&#038;ssl=1\" alt=\"\" width=\"40\" height=\"44\"><strong>Phone:<\/strong> +33 (0)5 46 45 47 07<strong><br>Website:<\/strong><a href=\"https:\/\/www.acacia-dynamic.com\/FR\/index.php\" target=\"_blank\" rel=\"noopener\"> www.acacia-dynamic.com<\/a><\/p><p><img decoding=\"async\" data-recalc-dims=\"1\" class=\"alignleft\" src=\"https:\/\/i0.wp.com\/productvideo.io\/wp-content\/uploads\/2024\/09\/icone-lieu.png?resize=40%2C36&#038;ssl=1\" alt=\"\" width=\"40\" height=\"36\"><strong>Address:<\/strong> 1 rue la P\u00e9rouse, 17440 Aytr\u00e9, France<\/p>\t\t\t\t\t\t\t\t<\/div>\n\t\t\t\t<\/div>\n\t\t\t\t<div class=\"elementor-element elementor-element-aaeceb1 elementor-widget-divider--view-line elementor-widget elementor-widget-divider\" data-id=\"aaeceb1\" data-element_type=\"widget\" data-e-type=\"widget\" data-widget_type=\"divider.default\">\n\t\t\t\t<div class=\"elementor-widget-container\">\n\t\t\t\t\t\t\t<div class=\"elementor-divider\">\n\t\t\t<span class=\"elementor-divider-separator\">\n\t\t\t\t\t\t<\/span>\n\t\t<\/div>\n\t\t\t\t\t\t<\/div>\n\t\t\t\t<\/div>\n\t\t\t\t<div class=\"elementor-element elementor-element-cc9d29c color-scheme-inherit text-left elementor-widget elementor-widget-text-editor\" data-id=\"cc9d29c\" data-element_type=\"widget\" data-e-type=\"widget\" data-widget_type=\"text-editor.default\">\n\t\t\t\t<div class=\"elementor-widget-container\">\n\t\t\t\t\t\t\t\t\t<p>Do you want to implement tools or solutions to increase<span style=\"color: #00435c;\"><strong> the commercial performance<\/strong><\/span> of your company? (dynamic display, customer loyalty management, etc.) <\/p><p><a href=\"https:\/\/productvideo.io\/contact\/\">Contact us<\/a> to explain your project !<\/p>\t\t\t\t\t\t\t\t<\/div>\n\t\t\t\t<\/div>\n\t\t\t\t<div class=\"elementor-element elementor-element-5f7e784 elementor-widget elementor-widget-image\" data-id=\"5f7e784\" data-element_type=\"widget\" data-e-type=\"widget\" data-widget_type=\"image.default\">\n\t\t\t\t<div class=\"elementor-widget-container\">\n\t\t\t\t\t\t\t\t\t\t\t\t\t\t\t<img decoding=\"async\" width=\"200\" height=\"133\" src=\"https:\/\/i0.wp.com\/productvideo.io\/wp-content\/uploads\/2024\/09\/cropped-1563199803621.jpg?fit=200%2C133&amp;ssl=1\" class=\"attachment-medium size-medium wp-image-855\" alt=\"\" srcset=\"https:\/\/i0.wp.com\/productvideo.io\/wp-content\/uploads\/2024\/09\/cropped-1563199803621.jpg?w=200&amp;ssl=1 200w, https:\/\/i0.wp.com\/productvideo.io\/wp-content\/uploads\/2024\/09\/cropped-1563199803621.jpg?resize=150%2C100&amp;ssl=1 150w\" sizes=\"(max-width: 200px) 100vw, 200px\" \/>\t\t\t\t\t\t\t\t\t\t\t\t\t\t\t<\/div>\n\t\t\t\t<\/div>\n\t\t\t\t<\/div>\n\t\t\t\t<\/div>\n\t\t\t\t<\/div>\n\t\t<p>","protected":false},"excerpt":{"rendered":"<p>A question? Contact us Complete this form and we will contact you as soon as possible. Votre nom* Votre pr\u00e9nom*<\/p>\n","protected":false},"author":1,"featured_media":0,"parent":0,"menu_order":0,"comment_status":"closed","ping_status":"closed","template":"","meta":{"footnotes":""},"class_list":["post-964","page","type-page","status-publish","hentry"],"yoast_head":"<!-- This site is optimized with the Yoast SEO plugin v27.1.1 - https:\/\/yoast.com\/product\/yoast-seo-wordpress\/ -->\n<title>Contact Product Video Generator<\/title>\n<meta name=\"description\" content=\"If you would like to contact Product Video Generator for information or a quotation, please fill in this form or give us a call.\" \/>\n<meta name=\"robots\" content=\"index, follow, max-snippet:-1, max-image-preview:large, max-video-preview:-1\" \/>\n<link rel=\"canonical\" href=\"https:\/\/productvideo.io\/en\/contact\/\" \/>\n<meta property=\"og:locale\" content=\"en_US\" \/>\n<meta property=\"og:type\" content=\"article\" \/>\n<meta property=\"og:title\" content=\"Contact Product Video Generator\" \/>\n<meta property=\"og:description\" content=\"If you would like to contact Product Video Generator for information or a quotation, please fill in this form or give us a call.\" \/>\n<meta property=\"og:url\" content=\"https:\/\/productvideo.io\/en\/contact\/\" \/>\n<meta property=\"og:site_name\" content=\"Product Video Generator with AI\" \/>\n<meta property=\"article:modified_time\" content=\"2025-09-10T14:23:37+00:00\" \/>\n<meta property=\"og:image\" content=\"https:\/\/productvideo.io\/wp-content\/uploads\/2024\/09\/icone-tel-site.png\" \/>\n<meta name=\"twitter:card\" content=\"summary_large_image\" \/>\n<meta name=\"twitter:label1\" content=\"Est. reading time\" \/>\n\t<meta name=\"twitter:data1\" content=\"1 minute\" \/>\n<script type=\"application\/ld+json\" class=\"yoast-schema-graph\">{\"@context\":\"https:\/\/schema.org\",\"@graph\":[{\"@type\":\"WebPage\",\"@id\":\"https:\/\/productvideo.io\/en\/contact\/\",\"url\":\"https:\/\/productvideo.io\/en\/contact\/\",\"name\":\"Contact Product Video Generator\",\"isPartOf\":{\"@id\":\"https:\/\/productvideo.io\/en\/#website\"},\"primaryImageOfPage\":{\"@id\":\"https:\/\/productvideo.io\/en\/contact\/#primaryimage\"},\"image\":{\"@id\":\"https:\/\/productvideo.io\/en\/contact\/#primaryimage\"},\"thumbnailUrl\":\"https:\/\/productvideo.io\/wp-content\/uploads\/2024\/09\/icone-tel-site.png\",\"datePublished\":\"2024-09-27T15:25:22+00:00\",\"dateModified\":\"2025-09-10T14:23:37+00:00\",\"description\":\"If you would like to contact Product Video Generator for information or a quotation, please fill in this form or give us a call.\",\"breadcrumb\":{\"@id\":\"https:\/\/productvideo.io\/en\/contact\/#breadcrumb\"},\"inLanguage\":\"en-US\",\"potentialAction\":[{\"@type\":\"ReadAction\",\"target\":[\"https:\/\/productvideo.io\/en\/contact\/\"]}]},{\"@type\":\"ImageObject\",\"inLanguage\":\"en-US\",\"@id\":\"https:\/\/productvideo.io\/en\/contact\/#primaryimage\",\"url\":\"https:\/\/productvideo.io\/wp-content\/uploads\/2024\/09\/icone-tel-site.png\",\"contentUrl\":\"https:\/\/productvideo.io\/wp-content\/uploads\/2024\/09\/icone-tel-site.png\"},{\"@type\":\"BreadcrumbList\",\"@id\":\"https:\/\/productvideo.io\/en\/contact\/#breadcrumb\",\"itemListElement\":[{\"@type\":\"ListItem\",\"position\":1,\"name\":\"Accueil\",\"item\":\"https:\/\/productvideo.io\/en\/\"},{\"@type\":\"ListItem\",\"position\":2,\"name\":\"Contact\"}]},{\"@type\":\"WebSite\",\"@id\":\"https:\/\/productvideo.io\/en\/#website\",\"url\":\"https:\/\/productvideo.io\/en\/\",\"name\":\"Product Video Generator With AI\",\"description\":\"G\u00e9n\u00e9ration de vid\u00e9os pour vos produits e-commerce\",\"publisher\":{\"@id\":\"https:\/\/productvideo.io\/en\/#organization\"},\"alternateName\":\"PVG\",\"potentialAction\":[{\"@type\":\"SearchAction\",\"target\":{\"@type\":\"EntryPoint\",\"urlTemplate\":\"https:\/\/productvideo.io\/en\/?s={search_term_string}\"},\"query-input\":{\"@type\":\"PropertyValueSpecification\",\"valueRequired\":true,\"valueName\":\"search_term_string\"}}],\"inLanguage\":\"en-US\"},{\"@type\":\"Organization\",\"@id\":\"https:\/\/productvideo.io\/en\/#organization\",\"name\":\"I.R.C. Ouest Acacia Dynamic\",\"url\":\"https:\/\/productvideo.io\/en\/\",\"logo\":{\"@type\":\"ImageObject\",\"inLanguage\":\"en-US\",\"@id\":\"https:\/\/productvideo.io\/en\/#\/schema\/logo\/image\/\",\"url\":\"https:\/\/i0.wp.com\/productvideo.io\/wp-content\/uploads\/2024\/09\/cropped-1563199803621.jpg?fit=200%2C133&ssl=1\",\"contentUrl\":\"https:\/\/i0.wp.com\/productvideo.io\/wp-content\/uploads\/2024\/09\/cropped-1563199803621.jpg?fit=200%2C133&ssl=1\",\"width\":200,\"height\":133,\"caption\":\"I.R.C. Ouest Acacia Dynamic\"},\"image\":{\"@id\":\"https:\/\/productvideo.io\/en\/#\/schema\/logo\/image\/\"}}]}<\/script>\n<!-- \/ Yoast SEO plugin. -->","yoast_head_json":{"title":"Contact Product Video Generator","description":"If you would like to contact Product Video Generator for information or a quotation, please fill in this form or give us a call.","robots":{"index":"index","follow":"follow","max-snippet":"max-snippet:-1","max-image-preview":"max-image-preview:large","max-video-preview":"max-video-preview:-1"},"canonical":"https:\/\/productvideo.io\/en\/contact\/","og_locale":"en_US","og_type":"article","og_title":"Contact Product Video Generator","og_description":"If you would like to contact Product Video Generator for information or a quotation, please fill in this form or give us a call.","og_url":"https:\/\/productvideo.io\/en\/contact\/","og_site_name":"Product Video Generator with AI","article_modified_time":"2025-09-10T14:23:37+00:00","og_image":[{"url":"https:\/\/productvideo.io\/wp-content\/uploads\/2024\/09\/icone-tel-site.png","type":"","width":"","height":""}],"twitter_card":"summary_large_image","twitter_misc":{"Est. reading time":"1 minute"},"schema":{"@context":"https:\/\/schema.org","@graph":[{"@type":"WebPage","@id":"https:\/\/productvideo.io\/en\/contact\/","url":"https:\/\/productvideo.io\/en\/contact\/","name":"Contact Product Video Generator","isPartOf":{"@id":"https:\/\/productvideo.io\/en\/#website"},"primaryImageOfPage":{"@id":"https:\/\/productvideo.io\/en\/contact\/#primaryimage"},"image":{"@id":"https:\/\/productvideo.io\/en\/contact\/#primaryimage"},"thumbnailUrl":"https:\/\/productvideo.io\/wp-content\/uploads\/2024\/09\/icone-tel-site.png","datePublished":"2024-09-27T15:25:22+00:00","dateModified":"2025-09-10T14:23:37+00:00","description":"If you would like to contact Product Video Generator for information or a quotation, please fill in this form or give us a call.","breadcrumb":{"@id":"https:\/\/productvideo.io\/en\/contact\/#breadcrumb"},"inLanguage":"en-US","potentialAction":[{"@type":"ReadAction","target":["https:\/\/productvideo.io\/en\/contact\/"]}]},{"@type":"ImageObject","inLanguage":"en-US","@id":"https:\/\/productvideo.io\/en\/contact\/#primaryimage","url":"https:\/\/productvideo.io\/wp-content\/uploads\/2024\/09\/icone-tel-site.png","contentUrl":"https:\/\/productvideo.io\/wp-content\/uploads\/2024\/09\/icone-tel-site.png"},{"@type":"BreadcrumbList","@id":"https:\/\/productvideo.io\/en\/contact\/#breadcrumb","itemListElement":[{"@type":"ListItem","position":1,"name":"Accueil","item":"https:\/\/productvideo.io\/en\/"},{"@type":"ListItem","position":2,"name":"Contact"}]},{"@type":"WebSite","@id":"https:\/\/productvideo.io\/en\/#website","url":"https:\/\/productvideo.io\/en\/","name":"Product Video Generator With AI","description":"G\u00e9n\u00e9ration de vid\u00e9os pour vos produits e-commerce","publisher":{"@id":"https:\/\/productvideo.io\/en\/#organization"},"alternateName":"PVG","potentialAction":[{"@type":"SearchAction","target":{"@type":"EntryPoint","urlTemplate":"https:\/\/productvideo.io\/en\/?s={search_term_string}"},"query-input":{"@type":"PropertyValueSpecification","valueRequired":true,"valueName":"search_term_string"}}],"inLanguage":"en-US"},{"@type":"Organization","@id":"https:\/\/productvideo.io\/en\/#organization","name":"I.R.C. Ouest Acacia Dynamic","url":"https:\/\/productvideo.io\/en\/","logo":{"@type":"ImageObject","inLanguage":"en-US","@id":"https:\/\/productvideo.io\/en\/#\/schema\/logo\/image\/","url":"https:\/\/i0.wp.com\/productvideo.io\/wp-content\/uploads\/2024\/09\/cropped-1563199803621.jpg?fit=200%2C133&ssl=1","contentUrl":"https:\/\/i0.wp.com\/productvideo.io\/wp-content\/uploads\/2024\/09\/cropped-1563199803621.jpg?fit=200%2C133&ssl=1","width":200,"height":133,"caption":"I.R.C. Ouest Acacia Dynamic"},"image":{"@id":"https:\/\/productvideo.io\/en\/#\/schema\/logo\/image\/"}}]}},"_links":{"self":[{"href":"https:\/\/productvideo.io\/en\/wp-json\/wp\/v2\/pages\/964","targetHints":{"allow":["GET"]}}],"collection":[{"href":"https:\/\/productvideo.io\/en\/wp-json\/wp\/v2\/pages"}],"about":[{"href":"https:\/\/productvideo.io\/en\/wp-json\/wp\/v2\/types\/page"}],"author":[{"embeddable":true,"href":"https:\/\/productvideo.io\/en\/wp-json\/wp\/v2\/users\/1"}],"replies":[{"embeddable":true,"href":"https:\/\/productvideo.io\/en\/wp-json\/wp\/v2\/comments?post=964"}],"version-history":[{"count":3,"href":"https:\/\/productvideo.io\/en\/wp-json\/wp\/v2\/pages\/964\/revisions"}],"predecessor-version":[{"id":2121,"href":"https:\/\/productvideo.io\/en\/wp-json\/wp\/v2\/pages\/964\/revisions\/2121"}],"wp:attachment":[{"href":"https:\/\/productvideo.io\/en\/wp-json\/wp\/v2\/media?parent=964"}],"curies":[{"name":"wp","href":"https:\/\/api.w.org\/{rel}","templated":true}]}}