{"id":903,"date":"2024-10-28T14:37:47","date_gmt":"2024-10-28T13:37:47","guid":{"rendered":"https:\/\/digitalsignage4.com\/woocommerce-home-update\/"},"modified":"2025-05-23T11:37:34","modified_gmt":"2025-05-23T09:37:34","slug":"woocommerce-home-update","status":"publish","type":"page","link":"https:\/\/productvideo.io\/en\/woocommerce-home-update\/","title":{"rendered":"WooCommerce Home -update"},"content":{"rendered":"<p>\t\t<div data-elementor-type=\"wp-page\" data-elementor-id=\"903\" class=\"elementor elementor-903 elementor-771\" data-elementor-post-type=\"page\">\n\t\t\t\t<div class=\"wd-negative-gap elementor-element elementor-element-50e0ae5 e-flex e-con-boxed e-con e-parent\" data-id=\"50e0ae5\" data-element_type=\"container\" data-e-type=\"container\">\n\t\t\t\t\t<div class=\"e-con-inner\">\n\t\t\t\t<div class=\"elementor-element elementor-element-0718e05 elementor-widget elementor-widget-heading\" data-id=\"0718e05\" data-element_type=\"widget\" data-e-type=\"widget\" data-widget_type=\"heading.default\">\n\t\t\t\t<div class=\"elementor-widget-container\">\n\t\t\t\t\t<h2 class=\"elementor-heading-title elementor-size-default\">It's time to enhance your Product Video Generator features<\/h2>\t\t\t\t<\/div>\n\t\t\t\t<\/div>\n\t\t\t\t<div class=\"elementor-element elementor-element-628c768 color-scheme-inherit text-left elementor-widget elementor-widget-text-editor\" data-id=\"628c768\" data-element_type=\"widget\" data-e-type=\"widget\" data-widget_type=\"text-editor.default\">\n\t\t\t\t<div class=\"elementor-widget-container\">\n\t\t\t\t\t\t\t\t\t<p>Customize your subscription and differentiate your store with our additional options and features<\/p>\t\t\t\t\t\t\t\t<\/div>\n\t\t\t\t<\/div>\n\t\t\t\t\t<\/div>\n\t\t\t\t<\/div>\n\t\t<div class=\"wd-negative-gap elementor-element elementor-element-d492947 e-grid e-con-boxed e-con e-parent\" data-id=\"d492947\" data-element_type=\"container\" data-e-type=\"container\">\n\t\t\t\t\t<div class=\"e-con-inner\">\n\t\t\t\t<div class=\"elementor-element elementor-element-aedb35c elementor-cta--layout-image-left elementor-cta--skin-classic elementor-animated-content elementor-bg-transform elementor-bg-transform-zoom-in elementor-widget elementor-widget-call-to-action\" data-id=\"aedb35c\" data-element_type=\"widget\" data-e-type=\"widget\" data-widget_type=\"call-to-action.default\">\n\t\t\t\t<div class=\"elementor-widget-container\">\n\t\t\t\t\t\t\t<a class=\"elementor-cta\" href=\"https:\/\/productvideo.io\/produit\/pack-de-videos-automatiques-2\/\">\n\t\t\t\t\t\t\t<div class=\"elementor-cta__content\">\n\t\t\t\t\t\t\t\t\t<div class=\"elementor-content-item elementor-cta__content-item elementor-cta__image\">\n\t\t\t\t\t\t<img fetchpriority=\"high\" decoding=\"async\" width=\"300\" height=\"300\" src=\"https:\/\/i0.wp.com\/productvideo.io\/wp-content\/uploads\/2024\/10\/Services-Pack-videos-S.png?resize=300%2C300&amp;ssl=1\" class=\"attachment-woocommerce_thumbnail size-woocommerce_thumbnail wp-image-453\" alt=\"DigitalSignage4 - pack vid\u00e9os automatiques\" srcset=\"https:\/\/i0.wp.com\/productvideo.io\/wp-content\/uploads\/2024\/10\/Services-Pack-videos-S.png?w=700&amp;ssl=1 700w, https:\/\/i0.wp.com\/productvideo.io\/wp-content\/uploads\/2024\/10\/Services-Pack-videos-S.png?resize=600%2C600&amp;ssl=1 600w, https:\/\/i0.wp.com\/productvideo.io\/wp-content\/uploads\/2024\/10\/Services-Pack-videos-S.png?resize=300%2C300&amp;ssl=1 300w, https:\/\/i0.wp.com\/productvideo.io\/wp-content\/uploads\/2024\/10\/Services-Pack-videos-S.png?resize=150%2C150&amp;ssl=1 150w\" sizes=\"(max-width: 300px) 100vw, 300px\" \/>\t\t\t\t\t<\/div>\n\t\t\t\t\n\t\t\t\t\t\t\t\t\t<h2 class=\"elementor-cta__title elementor-cta__content-item elementor-content-item\">\n\t\t\t\t\t\tVideo pack\t\t\t\t\t<\/h2>\n\t\t\t\t\n\t\t\t\t\t\t\t\t\t<div class=\"elementor-cta__description elementor-cta__content-item elementor-content-item\">\n\t\t\t\t\t\tNeed to highlight a collection of products or make more videos? Increase your package with packs   \t\t\t\t\t<\/div>\n\t\t\t\t\n\t\t\t\t\t\t\t\t\t<div class=\"elementor-cta__button-wrapper elementor-cta__content-item elementor-content-item \">\n\t\t\t\t\t<span class=\"elementor-cta__button elementor-button elementor-size-\">\n\t\t\t\t\t\tDetails\t\t\t\t\t<\/span>\n\t\t\t\t\t<\/div>\n\t\t\t\t\t\t\t<\/div>\n\t\t\t\t\t\t<\/a>\n\t\t\t\t\t\t<\/div>\n\t\t\t\t<\/div>\n\t\t\t\t<div class=\"elementor-element elementor-element-5a38ff0 elementor-cta--skin-classic elementor-animated-content elementor-bg-transform elementor-bg-transform-zoom-in elementor-widget elementor-widget-call-to-action\" data-id=\"5a38ff0\" data-element_type=\"widget\" data-e-type=\"widget\" data-widget_type=\"call-to-action.default\">\n\t\t\t\t<div class=\"elementor-widget-container\">\n\t\t\t\t\t\t\t<a class=\"elementor-cta\" href=\"https:\/\/productvideo.io\/produit\/partager-des-videos-sur-les-reseaux-sociaux\/\">\n\t\t\t\t\t\t\t<div class=\"elementor-cta__content\">\n\t\t\t\t\t\t\t\t\t<div class=\"elementor-content-item elementor-cta__content-item elementor-cta__image\">\n\t\t\t\t\t\t<img decoding=\"async\" width=\"300\" height=\"300\" src=\"https:\/\/i0.wp.com\/productvideo.io\/wp-content\/uploads\/2024\/10\/Services-Partage-Social-S.png?resize=300%2C300&amp;ssl=1\" class=\"attachment-woocommerce_thumbnail size-woocommerce_thumbnail wp-image-636\" alt=\"DigitalSignage4 - Partage des vid\u00e9os sur r\u00e9seaux sociaux\" srcset=\"https:\/\/i0.wp.com\/productvideo.io\/wp-content\/uploads\/2024\/10\/Services-Partage-Social-S.png?w=700&amp;ssl=1 700w, https:\/\/i0.wp.com\/productvideo.io\/wp-content\/uploads\/2024\/10\/Services-Partage-Social-S.png?resize=600%2C600&amp;ssl=1 600w, https:\/\/i0.wp.com\/productvideo.io\/wp-content\/uploads\/2024\/10\/Services-Partage-Social-S.png?resize=300%2C300&amp;ssl=1 300w, https:\/\/i0.wp.com\/productvideo.io\/wp-content\/uploads\/2024\/10\/Services-Partage-Social-S.png?resize=150%2C150&amp;ssl=1 150w\" sizes=\"(max-width: 300px) 100vw, 300px\" \/>\t\t\t\t\t<\/div>\n\t\t\t\t\n\t\t\t\t\t\t\t\t\t<h2 class=\"elementor-cta__title elementor-cta__content-item elementor-content-item\">\n\t\t\t\t\t\tSocial sharing\t\t\t\t\t<\/h2>\n\t\t\t\t\n\t\t\t\t\t\t\t\t\t<div class=\"elementor-cta__description elementor-cta__content-item elementor-content-item\">\n\t\t\t\t\t\tShare your videos automatically on your Youtube channel.\nUpload your videos to post them on social networks  \t\t\t\t\t<\/div>\n\t\t\t\t\n\t\t\t\t\t\t\t\t\t<div class=\"elementor-cta__button-wrapper elementor-cta__content-item elementor-content-item \">\n\t\t\t\t\t<span class=\"elementor-cta__button elementor-button elementor-size-\">\n\t\t\t\t\t\tDetails\t\t\t\t\t<\/span>\n\t\t\t\t\t<\/div>\n\t\t\t\t\t\t\t<\/div>\n\t\t\t\t\t\t<\/a>\n\t\t\t\t\t\t<\/div>\n\t\t\t\t<\/div>\n\t\t\t\t\t<\/div>\n\t\t\t\t<\/div>\n\t\t<div class=\"wd-negative-gap elementor-element elementor-element-ad509e4 e-flex e-con-boxed e-con e-parent\" data-id=\"ad509e4\" data-element_type=\"container\" data-e-type=\"container\">\n\t\t\t\t\t<div class=\"e-con-inner\">\n\t\t\t\t<div class=\"elementor-element elementor-element-58fc62d elementor-widget-divider--view-line elementor-widget elementor-widget-divider\" data-id=\"58fc62d\" data-element_type=\"widget\" data-e-type=\"widget\" data-widget_type=\"divider.default\">\n\t\t\t\t<div class=\"elementor-widget-container\">\n\t\t\t\t\t\t\t<div class=\"elementor-divider\">\n\t\t\t<span class=\"elementor-divider-separator\">\n\t\t\t\t\t\t<\/span>\n\t\t<\/div>\n\t\t\t\t\t\t<\/div>\n\t\t\t\t<\/div>\n\t\t\t\t<div class=\"elementor-element elementor-element-2bacfd5 elementor-widget elementor-widget-heading\" data-id=\"2bacfd5\" data-element_type=\"widget\" data-e-type=\"widget\" data-widget_type=\"heading.default\">\n\t\t\t\t<div class=\"elementor-widget-container\">\n\t\t\t\t\t<h2 class=\"elementor-heading-title elementor-size-default\">Would you like more information on how best to use the product video generator? <\/h2>\t\t\t\t<\/div>\n\t\t\t\t<\/div>\n\t\t\t\t<div class=\"elementor-element elementor-element-b77e7b5 elementor-align-center elementor-widget elementor-widget-button\" data-id=\"b77e7b5\" data-element_type=\"widget\" data-e-type=\"widget\" data-widget_type=\"button.default\">\n\t\t\t\t<div class=\"elementor-widget-container\">\n\t\t\t\t\t\t\t\t\t<div class=\"elementor-button-wrapper\">\n\t\t\t\t\t<a class=\"elementor-button elementor-button-link elementor-size-sm\" href=\"https:\/\/productvideo.io\/en\/woocommerce-tutorials\/\">\n\t\t\t\t\t\t<span class=\"elementor-button-content-wrapper\">\n\t\t\t\t\t\t\t\t\t<span class=\"elementor-button-text\">Access tutorials for WooCommerce<\/span>\n\t\t\t\t\t<\/span>\n\t\t\t\t\t<\/a>\n\t\t\t\t<\/div>\n\t\t\t\t\t\t\t\t<\/div>\n\t\t\t\t<\/div>\n\t\t\t\t\t<\/div>\n\t\t\t\t<\/div>\n\t\t\t\t<\/div>\n\t\t<p>","protected":false},"excerpt":{"rendered":"<p>It&#8217;s time to enhance your Product Video Generator features Customize your subscription and differentiate your store with our additional options<\/p>\n","protected":false},"author":1,"featured_media":0,"parent":0,"menu_order":0,"comment_status":"closed","ping_status":"closed","template":"","meta":{"footnotes":""},"class_list":["post-903","page","type-page","status-publish","hentry"],"yoast_head":"<!-- This site is optimized with the Yoast SEO plugin v27.1.1 - https:\/\/yoast.com\/product\/yoast-seo-wordpress\/ -->\n<title>Product Video Generator Home WooCommerce update<\/title>\n<meta name=\"description\" content=\"Product Video Generator Home WooCommerce update. Discover the options you need to boost your package\" \/>\n<meta name=\"robots\" content=\"index, follow, max-snippet:-1, max-image-preview:large, max-video-preview:-1\" \/>\n<link rel=\"canonical\" href=\"https:\/\/productvideo.io\/en\/woocommerce-home-update\/\" \/>\n<meta property=\"og:locale\" content=\"en_US\" \/>\n<meta property=\"og:type\" content=\"article\" \/>\n<meta property=\"og:title\" content=\"Product Video Generator Home WooCommerce update\" \/>\n<meta property=\"og:description\" content=\"Product Video Generator Home WooCommerce update. Discover the options you need to boost your package\" \/>\n<meta property=\"og:url\" content=\"https:\/\/productvideo.io\/en\/woocommerce-home-update\/\" \/>\n<meta property=\"og:site_name\" content=\"Product Video Generator with AI\" \/>\n<meta property=\"article:modified_time\" content=\"2025-05-23T09:37:34+00:00\" \/>\n<meta property=\"og:image\" content=\"https:\/\/productvideo.io\/wp-content\/uploads\/2024\/10\/Services-Pack-videos-S-300x300.png\" \/>\n<meta name=\"twitter:card\" content=\"summary_large_image\" \/>\n<script type=\"application\/ld+json\" class=\"yoast-schema-graph\">{\"@context\":\"https:\/\/schema.org\",\"@graph\":[{\"@type\":\"WebPage\",\"@id\":\"https:\/\/productvideo.io\/en\/woocommerce-home-update\/\",\"url\":\"https:\/\/productvideo.io\/en\/woocommerce-home-update\/\",\"name\":\"Product Video Generator Home WooCommerce update\",\"isPartOf\":{\"@id\":\"https:\/\/productvideo.io\/en\/#website\"},\"primaryImageOfPage\":{\"@id\":\"https:\/\/productvideo.io\/en\/woocommerce-home-update\/#primaryimage\"},\"image\":{\"@id\":\"https:\/\/productvideo.io\/en\/woocommerce-home-update\/#primaryimage\"},\"thumbnailUrl\":\"https:\/\/productvideo.io\/wp-content\/uploads\/2024\/10\/Services-Pack-videos-S-300x300.png\",\"datePublished\":\"2024-10-28T13:37:47+00:00\",\"dateModified\":\"2025-05-23T09:37:34+00:00\",\"description\":\"Product Video Generator Home WooCommerce update. Discover the options you need to boost your package\",\"breadcrumb\":{\"@id\":\"https:\/\/productvideo.io\/en\/woocommerce-home-update\/#breadcrumb\"},\"inLanguage\":\"en-US\",\"potentialAction\":[{\"@type\":\"ReadAction\",\"target\":[\"https:\/\/productvideo.io\/en\/woocommerce-home-update\/\"]}]},{\"@type\":\"ImageObject\",\"inLanguage\":\"en-US\",\"@id\":\"https:\/\/productvideo.io\/en\/woocommerce-home-update\/#primaryimage\",\"url\":\"https:\/\/productvideo.io\/wp-content\/uploads\/2024\/10\/Services-Pack-videos-S-300x300.png\",\"contentUrl\":\"https:\/\/productvideo.io\/wp-content\/uploads\/2024\/10\/Services-Pack-videos-S-300x300.png\"},{\"@type\":\"BreadcrumbList\",\"@id\":\"https:\/\/productvideo.io\/en\/woocommerce-home-update\/#breadcrumb\",\"itemListElement\":[{\"@type\":\"ListItem\",\"position\":1,\"name\":\"Accueil\",\"item\":\"https:\/\/productvideo.io\/en\/\"},{\"@type\":\"ListItem\",\"position\":2,\"name\":\"WooCommerce Home -update\"}]},{\"@type\":\"WebSite\",\"@id\":\"https:\/\/productvideo.io\/en\/#website\",\"url\":\"https:\/\/productvideo.io\/en\/\",\"name\":\"Product Video Generator With AI\",\"description\":\"G\u00e9n\u00e9ration de vid\u00e9os pour vos produits e-commerce\",\"publisher\":{\"@id\":\"https:\/\/productvideo.io\/en\/#organization\"},\"alternateName\":\"PVG\",\"potentialAction\":[{\"@type\":\"SearchAction\",\"target\":{\"@type\":\"EntryPoint\",\"urlTemplate\":\"https:\/\/productvideo.io\/en\/?s={search_term_string}\"},\"query-input\":{\"@type\":\"PropertyValueSpecification\",\"valueRequired\":true,\"valueName\":\"search_term_string\"}}],\"inLanguage\":\"en-US\"},{\"@type\":\"Organization\",\"@id\":\"https:\/\/productvideo.io\/en\/#organization\",\"name\":\"I.R.C. Ouest Acacia Dynamic\",\"url\":\"https:\/\/productvideo.io\/en\/\",\"logo\":{\"@type\":\"ImageObject\",\"inLanguage\":\"en-US\",\"@id\":\"https:\/\/productvideo.io\/en\/#\/schema\/logo\/image\/\",\"url\":\"https:\/\/i0.wp.com\/productvideo.io\/wp-content\/uploads\/2024\/09\/cropped-1563199803621.jpg?fit=200%2C133&ssl=1\",\"contentUrl\":\"https:\/\/i0.wp.com\/productvideo.io\/wp-content\/uploads\/2024\/09\/cropped-1563199803621.jpg?fit=200%2C133&ssl=1\",\"width\":200,\"height\":133,\"caption\":\"I.R.C. Ouest Acacia Dynamic\"},\"image\":{\"@id\":\"https:\/\/productvideo.io\/en\/#\/schema\/logo\/image\/\"}}]}<\/script>\n<!-- \/ Yoast SEO plugin. -->","yoast_head_json":{"title":"Product Video Generator Home WooCommerce update","description":"Product Video Generator Home WooCommerce update. Discover the options you need to boost your package","robots":{"index":"index","follow":"follow","max-snippet":"max-snippet:-1","max-image-preview":"max-image-preview:large","max-video-preview":"max-video-preview:-1"},"canonical":"https:\/\/productvideo.io\/en\/woocommerce-home-update\/","og_locale":"en_US","og_type":"article","og_title":"Product Video Generator Home WooCommerce update","og_description":"Product Video Generator Home WooCommerce update. Discover the options you need to boost your package","og_url":"https:\/\/productvideo.io\/en\/woocommerce-home-update\/","og_site_name":"Product Video Generator with AI","article_modified_time":"2025-05-23T09:37:34+00:00","og_image":[{"url":"https:\/\/productvideo.io\/wp-content\/uploads\/2024\/10\/Services-Pack-videos-S-300x300.png","type":"","width":"","height":""}],"twitter_card":"summary_large_image","schema":{"@context":"https:\/\/schema.org","@graph":[{"@type":"WebPage","@id":"https:\/\/productvideo.io\/en\/woocommerce-home-update\/","url":"https:\/\/productvideo.io\/en\/woocommerce-home-update\/","name":"Product Video Generator Home WooCommerce update","isPartOf":{"@id":"https:\/\/productvideo.io\/en\/#website"},"primaryImageOfPage":{"@id":"https:\/\/productvideo.io\/en\/woocommerce-home-update\/#primaryimage"},"image":{"@id":"https:\/\/productvideo.io\/en\/woocommerce-home-update\/#primaryimage"},"thumbnailUrl":"https:\/\/productvideo.io\/wp-content\/uploads\/2024\/10\/Services-Pack-videos-S-300x300.png","datePublished":"2024-10-28T13:37:47+00:00","dateModified":"2025-05-23T09:37:34+00:00","description":"Product Video Generator Home WooCommerce update. Discover the options you need to boost your package","breadcrumb":{"@id":"https:\/\/productvideo.io\/en\/woocommerce-home-update\/#breadcrumb"},"inLanguage":"en-US","potentialAction":[{"@type":"ReadAction","target":["https:\/\/productvideo.io\/en\/woocommerce-home-update\/"]}]},{"@type":"ImageObject","inLanguage":"en-US","@id":"https:\/\/productvideo.io\/en\/woocommerce-home-update\/#primaryimage","url":"https:\/\/productvideo.io\/wp-content\/uploads\/2024\/10\/Services-Pack-videos-S-300x300.png","contentUrl":"https:\/\/productvideo.io\/wp-content\/uploads\/2024\/10\/Services-Pack-videos-S-300x300.png"},{"@type":"BreadcrumbList","@id":"https:\/\/productvideo.io\/en\/woocommerce-home-update\/#breadcrumb","itemListElement":[{"@type":"ListItem","position":1,"name":"Accueil","item":"https:\/\/productvideo.io\/en\/"},{"@type":"ListItem","position":2,"name":"WooCommerce Home -update"}]},{"@type":"WebSite","@id":"https:\/\/productvideo.io\/en\/#website","url":"https:\/\/productvideo.io\/en\/","name":"Product Video Generator With AI","description":"G\u00e9n\u00e9ration de vid\u00e9os pour vos produits e-commerce","publisher":{"@id":"https:\/\/productvideo.io\/en\/#organization"},"alternateName":"PVG","potentialAction":[{"@type":"SearchAction","target":{"@type":"EntryPoint","urlTemplate":"https:\/\/productvideo.io\/en\/?s={search_term_string}"},"query-input":{"@type":"PropertyValueSpecification","valueRequired":true,"valueName":"search_term_string"}}],"inLanguage":"en-US"},{"@type":"Organization","@id":"https:\/\/productvideo.io\/en\/#organization","name":"I.R.C. Ouest Acacia Dynamic","url":"https:\/\/productvideo.io\/en\/","logo":{"@type":"ImageObject","inLanguage":"en-US","@id":"https:\/\/productvideo.io\/en\/#\/schema\/logo\/image\/","url":"https:\/\/i0.wp.com\/productvideo.io\/wp-content\/uploads\/2024\/09\/cropped-1563199803621.jpg?fit=200%2C133&ssl=1","contentUrl":"https:\/\/i0.wp.com\/productvideo.io\/wp-content\/uploads\/2024\/09\/cropped-1563199803621.jpg?fit=200%2C133&ssl=1","width":200,"height":133,"caption":"I.R.C. Ouest Acacia Dynamic"},"image":{"@id":"https:\/\/productvideo.io\/en\/#\/schema\/logo\/image\/"}}]}},"_links":{"self":[{"href":"https:\/\/productvideo.io\/en\/wp-json\/wp\/v2\/pages\/903","targetHints":{"allow":["GET"]}}],"collection":[{"href":"https:\/\/productvideo.io\/en\/wp-json\/wp\/v2\/pages"}],"about":[{"href":"https:\/\/productvideo.io\/en\/wp-json\/wp\/v2\/types\/page"}],"author":[{"embeddable":true,"href":"https:\/\/productvideo.io\/en\/wp-json\/wp\/v2\/users\/1"}],"replies":[{"embeddable":true,"href":"https:\/\/productvideo.io\/en\/wp-json\/wp\/v2\/comments?post=903"}],"version-history":[{"count":5,"href":"https:\/\/productvideo.io\/en\/wp-json\/wp\/v2\/pages\/903\/revisions"}],"predecessor-version":[{"id":1887,"href":"https:\/\/productvideo.io\/en\/wp-json\/wp\/v2\/pages\/903\/revisions\/1887"}],"wp:attachment":[{"href":"https:\/\/productvideo.io\/en\/wp-json\/wp\/v2\/media?parent=903"}],"curies":[{"name":"wp","href":"https:\/\/api.w.org\/{rel}","templated":true}]}}