{"id":897,"date":"2024-09-25T17:00:39","date_gmt":"2024-09-25T15:00:39","guid":{"rendered":"https:\/\/digitalsignage4.com\/cookie-policy\/"},"modified":"2025-05-23T12:09:12","modified_gmt":"2025-05-23T10:09:12","slug":"cookie-policy","status":"publish","type":"page","link":"https:\/\/productvideo.io\/en\/cookie-policy\/","title":{"rendered":"Cookie Policy"},"content":{"rendered":"<p>\n<h5 class=\"wp-block-heading\"><strong>Cookie Policy for Product Video Generator<\/strong><\/h5>\n\n<p>At I.R.C. OUEST, located at <a href=\"https:\/\/www.google.com\/url?sa=t&amp;source=web&amp;rct=j&amp;opi=89978449&amp;url=\/maps\/place\/\/data%3D!4m2!3m1!1s0x48015454c00a03c1:0x503f2a5a57157524%3Fsa%3DX%26ved%3D1t:8290%26ictx%3D111&amp;ved=2ahUKEwiUyJ2Io_GFAxUyUKQEHSA8DCgQ4kB6BAhBEAM&amp;usg=AOvVaw3fKVw5AHSn4SHGUScvPhop\">1 Rue la P\u00e9rouse, 17440 Aytr\u00e9 &#8211; La Rochelle<\/a>, we use cookies to improve our visitors&#8217; experience on our website https:\/\/productvideo.io, operated by I.R.C. OUEST. Our use of cookies helps us provide you with a personalized experience, analyze site usage, and target advertising to your interests. <\/p>\n\n<p><strong>What is a Cookie?<\/strong>  A cookie is a small text file sent to your browser by the websites you visit. It helps the site remember information about your visit, such as your preferred language and other settings. This can make your next visit easier and the site more useful to you.  <\/p>\n\n<h2 class=\"wp-block-heading has-small-font-size\"><strong>How do we use cookies?<\/strong> <\/h2>\n\n<p>We use the following types of cookies on our site:<\/p>\n\n<ul class=\"wp-block-list\">\n<li><strong>Essential cookies<\/strong>: Necessary for browsing the site and using its basic functions. They are generally installed only in response to actions on your part. <\/li>\n\n\n\n<li><strong>Performance cookies<\/strong>: Collect information on the use of our site, enabling us to improve its operation.<\/li>\n\n\n\n<li><strong>Functionality cookies<\/strong>: enable the site to remember the choices you make (such as your username or region) and provide enhanced, more personal functionality.<\/li>\n\n\n\n<li><strong>Advertising Cookies<\/strong>: Used to deliver ads that are more relevant to you and your interests.<\/li>\n<\/ul>\n\n<p><strong>Your Choice Regarding Cookies<\/strong> When you first visit our site, a cookie banner appears, providing you with information about cookies and allowing you to choose which ones you accept. You can change your preferences at any time by returning to our site. <\/p>\n\n<p><strong>How do I manage cookies?<\/strong> You can control and\/or delete cookies as you wish &#8211; see <a href=\"https:\/\/www.aboutcookies.org\">aboutcookies.org<\/a> for details. You can delete any cookies that are already on your computer, and you can configure most browsers to prevent them from being set. <\/p>\n\n<p><strong>Privacy Policy<\/strong> For more information on how we use personal information collected on this site, please see our <a href=\"https:\/\/productvideo.io\/politique-de-confidentialite\/\">privacy policy<\/a>.<\/p>\n\n<p><strong>Contact<\/strong> If you have any questions about our use of cookies, please contact us using the <a href=\"https:\/\/productvideo.io\/contacter-digitalsignage4\/\">contact<\/a> form.<\/p>\n<div class=\"wp-block-image\">\n<figure class=\"aligncenter size-full is-resized\"><img data-recalc-dims=\"1\" decoding=\"async\" width=\"300\" height=\"105\" src=\"https:\/\/i0.wp.com\/productvideo.io\/wp-content\/uploads\/2025\/04\/logo_PVG_300_.png?resize=300%2C105&#038;ssl=1\" alt=\"Logo Product Video Generator - Generate videos from e-commerce product sheets\" class=\"wp-image-1584\" style=\"width:200px\" srcset=\"https:\/\/i0.wp.com\/productvideo.io\/wp-content\/uploads\/2025\/04\/logo_PVG_300_.png?w=300&amp;ssl=1 300w, https:\/\/i0.wp.com\/productvideo.io\/wp-content\/uploads\/2025\/04\/logo_PVG_300_.png?resize=150%2C53&amp;ssl=1 150w\" sizes=\"(max-width: 300px) 100vw, 300px\" \/><\/figure>\n<\/div>\n<p><\/p>\n<p>","protected":false},"excerpt":{"rendered":"<p>Cookie Policy for Product Video Generator At I.R.C. OUEST, located at 1 Rue la P\u00e9rouse, 17440 Aytr\u00e9 &#8211; La Rochelle,<\/p>\n","protected":false},"author":1,"featured_media":0,"parent":0,"menu_order":0,"comment_status":"closed","ping_status":"closed","template":"","meta":{"footnotes":""},"class_list":["post-897","page","type-page","status-publish","hentry"],"yoast_head":"<!-- This site is optimized with the Yoast SEO plugin v27.1.1 - https:\/\/yoast.com\/product\/yoast-seo-wordpress\/ -->\n<title>Product Video Generator Cookie Policy<\/title>\n<meta name=\"description\" content=\"Cookie Policy Product Video Generator. How we use cookies to improve our visitors&#039; experience on this site.\" \/>\n<meta name=\"robots\" content=\"index, follow, max-snippet:-1, max-image-preview:large, max-video-preview:-1\" \/>\n<link rel=\"canonical\" href=\"https:\/\/productvideo.io\/en\/cookie-policy\/\" \/>\n<meta property=\"og:locale\" content=\"en_US\" \/>\n<meta property=\"og:type\" content=\"article\" \/>\n<meta property=\"og:title\" content=\"Product Video Generator Cookie Policy\" \/>\n<meta property=\"og:description\" content=\"Cookie Policy Product Video Generator. How we use cookies to improve our visitors&#039; experience on this site.\" \/>\n<meta property=\"og:url\" content=\"https:\/\/productvideo.io\/en\/cookie-policy\/\" \/>\n<meta property=\"og:site_name\" content=\"Product Video Generator with AI\" \/>\n<meta property=\"article:modified_time\" content=\"2025-05-23T10:09:12+00:00\" \/>\n<meta property=\"og:image\" content=\"https:\/\/productvideo.io\/wp-content\/uploads\/2025\/04\/logo_PVG_300_.png\" \/>\n<meta name=\"twitter:card\" content=\"summary_large_image\" \/>\n<meta name=\"twitter:label1\" content=\"Est. reading time\" \/>\n\t<meta name=\"twitter:data1\" content=\"2 minutes\" \/>\n<script type=\"application\/ld+json\" class=\"yoast-schema-graph\">{\"@context\":\"https:\/\/schema.org\",\"@graph\":[{\"@type\":\"WebPage\",\"@id\":\"https:\/\/productvideo.io\/en\/cookie-policy\/\",\"url\":\"https:\/\/productvideo.io\/en\/cookie-policy\/\",\"name\":\"Product Video Generator Cookie Policy\",\"isPartOf\":{\"@id\":\"https:\/\/productvideo.io\/en\/#website\"},\"primaryImageOfPage\":{\"@id\":\"https:\/\/productvideo.io\/en\/cookie-policy\/#primaryimage\"},\"image\":{\"@id\":\"https:\/\/productvideo.io\/en\/cookie-policy\/#primaryimage\"},\"thumbnailUrl\":\"https:\/\/productvideo.io\/wp-content\/uploads\/2025\/04\/logo_PVG_300_.png\",\"datePublished\":\"2024-09-25T15:00:39+00:00\",\"dateModified\":\"2025-05-23T10:09:12+00:00\",\"description\":\"Cookie Policy Product Video Generator. How we use cookies to improve our visitors' experience on this site.\",\"breadcrumb\":{\"@id\":\"https:\/\/productvideo.io\/en\/cookie-policy\/#breadcrumb\"},\"inLanguage\":\"en-US\",\"potentialAction\":[{\"@type\":\"ReadAction\",\"target\":[\"https:\/\/productvideo.io\/en\/cookie-policy\/\"]}]},{\"@type\":\"ImageObject\",\"inLanguage\":\"en-US\",\"@id\":\"https:\/\/productvideo.io\/en\/cookie-policy\/#primaryimage\",\"url\":\"https:\/\/productvideo.io\/wp-content\/uploads\/2025\/04\/logo_PVG_300_.png\",\"contentUrl\":\"https:\/\/productvideo.io\/wp-content\/uploads\/2025\/04\/logo_PVG_300_.png\"},{\"@type\":\"BreadcrumbList\",\"@id\":\"https:\/\/productvideo.io\/en\/cookie-policy\/#breadcrumb\",\"itemListElement\":[{\"@type\":\"ListItem\",\"position\":1,\"name\":\"Accueil\",\"item\":\"https:\/\/productvideo.io\/en\/\"},{\"@type\":\"ListItem\",\"position\":2,\"name\":\"Cookie Policy\"}]},{\"@type\":\"WebSite\",\"@id\":\"https:\/\/productvideo.io\/en\/#website\",\"url\":\"https:\/\/productvideo.io\/en\/\",\"name\":\"Product Video Generator With AI\",\"description\":\"G\u00e9n\u00e9ration de vid\u00e9os pour vos produits e-commerce\",\"publisher\":{\"@id\":\"https:\/\/productvideo.io\/en\/#organization\"},\"alternateName\":\"PVG\",\"potentialAction\":[{\"@type\":\"SearchAction\",\"target\":{\"@type\":\"EntryPoint\",\"urlTemplate\":\"https:\/\/productvideo.io\/en\/?s={search_term_string}\"},\"query-input\":{\"@type\":\"PropertyValueSpecification\",\"valueRequired\":true,\"valueName\":\"search_term_string\"}}],\"inLanguage\":\"en-US\"},{\"@type\":\"Organization\",\"@id\":\"https:\/\/productvideo.io\/en\/#organization\",\"name\":\"I.R.C. Ouest Acacia Dynamic\",\"url\":\"https:\/\/productvideo.io\/en\/\",\"logo\":{\"@type\":\"ImageObject\",\"inLanguage\":\"en-US\",\"@id\":\"https:\/\/productvideo.io\/en\/#\/schema\/logo\/image\/\",\"url\":\"https:\/\/i0.wp.com\/productvideo.io\/wp-content\/uploads\/2024\/09\/cropped-1563199803621.jpg?fit=200%2C133&ssl=1\",\"contentUrl\":\"https:\/\/i0.wp.com\/productvideo.io\/wp-content\/uploads\/2024\/09\/cropped-1563199803621.jpg?fit=200%2C133&ssl=1\",\"width\":200,\"height\":133,\"caption\":\"I.R.C. Ouest Acacia Dynamic\"},\"image\":{\"@id\":\"https:\/\/productvideo.io\/en\/#\/schema\/logo\/image\/\"}}]}<\/script>\n<!-- \/ Yoast SEO plugin. -->","yoast_head_json":{"title":"Product Video Generator Cookie Policy","description":"Cookie Policy Product Video Generator. How we use cookies to improve our visitors' experience on this site.","robots":{"index":"index","follow":"follow","max-snippet":"max-snippet:-1","max-image-preview":"max-image-preview:large","max-video-preview":"max-video-preview:-1"},"canonical":"https:\/\/productvideo.io\/en\/cookie-policy\/","og_locale":"en_US","og_type":"article","og_title":"Product Video Generator Cookie Policy","og_description":"Cookie Policy Product Video Generator. How we use cookies to improve our visitors' experience on this site.","og_url":"https:\/\/productvideo.io\/en\/cookie-policy\/","og_site_name":"Product Video Generator with AI","article_modified_time":"2025-05-23T10:09:12+00:00","og_image":[{"url":"https:\/\/productvideo.io\/wp-content\/uploads\/2025\/04\/logo_PVG_300_.png","type":"","width":"","height":""}],"twitter_card":"summary_large_image","twitter_misc":{"Est. reading time":"2 minutes"},"schema":{"@context":"https:\/\/schema.org","@graph":[{"@type":"WebPage","@id":"https:\/\/productvideo.io\/en\/cookie-policy\/","url":"https:\/\/productvideo.io\/en\/cookie-policy\/","name":"Product Video Generator Cookie Policy","isPartOf":{"@id":"https:\/\/productvideo.io\/en\/#website"},"primaryImageOfPage":{"@id":"https:\/\/productvideo.io\/en\/cookie-policy\/#primaryimage"},"image":{"@id":"https:\/\/productvideo.io\/en\/cookie-policy\/#primaryimage"},"thumbnailUrl":"https:\/\/productvideo.io\/wp-content\/uploads\/2025\/04\/logo_PVG_300_.png","datePublished":"2024-09-25T15:00:39+00:00","dateModified":"2025-05-23T10:09:12+00:00","description":"Cookie Policy Product Video Generator. How we use cookies to improve our visitors' experience on this site.","breadcrumb":{"@id":"https:\/\/productvideo.io\/en\/cookie-policy\/#breadcrumb"},"inLanguage":"en-US","potentialAction":[{"@type":"ReadAction","target":["https:\/\/productvideo.io\/en\/cookie-policy\/"]}]},{"@type":"ImageObject","inLanguage":"en-US","@id":"https:\/\/productvideo.io\/en\/cookie-policy\/#primaryimage","url":"https:\/\/productvideo.io\/wp-content\/uploads\/2025\/04\/logo_PVG_300_.png","contentUrl":"https:\/\/productvideo.io\/wp-content\/uploads\/2025\/04\/logo_PVG_300_.png"},{"@type":"BreadcrumbList","@id":"https:\/\/productvideo.io\/en\/cookie-policy\/#breadcrumb","itemListElement":[{"@type":"ListItem","position":1,"name":"Accueil","item":"https:\/\/productvideo.io\/en\/"},{"@type":"ListItem","position":2,"name":"Cookie Policy"}]},{"@type":"WebSite","@id":"https:\/\/productvideo.io\/en\/#website","url":"https:\/\/productvideo.io\/en\/","name":"Product Video Generator With AI","description":"G\u00e9n\u00e9ration de vid\u00e9os pour vos produits e-commerce","publisher":{"@id":"https:\/\/productvideo.io\/en\/#organization"},"alternateName":"PVG","potentialAction":[{"@type":"SearchAction","target":{"@type":"EntryPoint","urlTemplate":"https:\/\/productvideo.io\/en\/?s={search_term_string}"},"query-input":{"@type":"PropertyValueSpecification","valueRequired":true,"valueName":"search_term_string"}}],"inLanguage":"en-US"},{"@type":"Organization","@id":"https:\/\/productvideo.io\/en\/#organization","name":"I.R.C. Ouest Acacia Dynamic","url":"https:\/\/productvideo.io\/en\/","logo":{"@type":"ImageObject","inLanguage":"en-US","@id":"https:\/\/productvideo.io\/en\/#\/schema\/logo\/image\/","url":"https:\/\/i0.wp.com\/productvideo.io\/wp-content\/uploads\/2024\/09\/cropped-1563199803621.jpg?fit=200%2C133&ssl=1","contentUrl":"https:\/\/i0.wp.com\/productvideo.io\/wp-content\/uploads\/2024\/09\/cropped-1563199803621.jpg?fit=200%2C133&ssl=1","width":200,"height":133,"caption":"I.R.C. Ouest Acacia Dynamic"},"image":{"@id":"https:\/\/productvideo.io\/en\/#\/schema\/logo\/image\/"}}]}},"_links":{"self":[{"href":"https:\/\/productvideo.io\/en\/wp-json\/wp\/v2\/pages\/897","targetHints":{"allow":["GET"]}}],"collection":[{"href":"https:\/\/productvideo.io\/en\/wp-json\/wp\/v2\/pages"}],"about":[{"href":"https:\/\/productvideo.io\/en\/wp-json\/wp\/v2\/types\/page"}],"author":[{"embeddable":true,"href":"https:\/\/productvideo.io\/en\/wp-json\/wp\/v2\/users\/1"}],"replies":[{"embeddable":true,"href":"https:\/\/productvideo.io\/en\/wp-json\/wp\/v2\/comments?post=897"}],"version-history":[{"count":3,"href":"https:\/\/productvideo.io\/en\/wp-json\/wp\/v2\/pages\/897\/revisions"}],"predecessor-version":[{"id":1905,"href":"https:\/\/productvideo.io\/en\/wp-json\/wp\/v2\/pages\/897\/revisions\/1905"}],"wp:attachment":[{"href":"https:\/\/productvideo.io\/en\/wp-json\/wp\/v2\/media?parent=897"}],"curies":[{"name":"wp","href":"https:\/\/api.w.org\/{rel}","templated":true}]}}