{"id":830,"date":"2024-09-23T15:20:30","date_gmt":"2024-09-23T13:20:30","guid":{"rendered":"https:\/\/digitalsignage4.com\/cart\/"},"modified":"2025-05-23T12:07:22","modified_gmt":"2025-05-23T10:07:22","slug":"cart","status":"publish","type":"page","link":"https:\/\/productvideo.io\/en\/cart\/","title":{"rendered":"Cart"},"content":{"rendered":"<p>\n<div data-block-name=\"woocommerce\/cart\" class=\"wp-block-woocommerce-cart alignwide is-loading\">\n<div data-block-name=\"woocommerce\/filled-cart-block\" class=\"wp-block-woocommerce-filled-cart-block\">\n<div data-block-name=\"woocommerce\/cart-items-block\" class=\"wp-block-woocommerce-cart-items-block\">\n<div data-block-name=\"woocommerce\/cart-line-items-block\" class=\"wp-block-woocommerce-cart-line-items-block\"><\/div>\n\n\n\n<div data-block-name=\"woocommerce\/cart-cross-sells-block\" class=\"wp-block-woocommerce-cart-cross-sells-block\">\n<h2 class=\"wp-block-heading has-large-font-size\">You may be interested in&#8230;<\/h2>\n\n\n\n<div data-block-name=\"woocommerce\/cart-cross-sells-products-block\" class=\"wp-block-woocommerce-cart-cross-sells-products-block\"><\/div>\n<\/div>\n<\/div>\n\n\n\n<div data-block-name=\"woocommerce\/cart-totals-block\" class=\"wp-block-woocommerce-cart-totals-block\">\n<div data-block-name=\"woocommerce\/cart-order-summary-block\" class=\"wp-block-woocommerce-cart-order-summary-block\">\n<div data-block-name=\"woocommerce\/cart-order-summary-heading-block\" data-content=\"Cart total\" class=\"wp-block-woocommerce-cart-order-summary-heading-block\"><\/div>\n\n\n\n<div data-block-name=\"woocommerce\/cart-order-summary-coupon-form-block\" class=\"wp-block-woocommerce-cart-order-summary-coupon-form-block\"><\/div>\n\n\n\n<div data-block-name=\"woocommerce\/cart-order-summary-totals-block\" class=\"wp-block-woocommerce-cart-order-summary-totals-block\">\n<div data-block-name=\"woocommerce\/cart-order-summary-subtotal-block\" class=\"wp-block-woocommerce-cart-order-summary-subtotal-block\"><\/div>\n\n\n\n<div data-block-name=\"woocommerce\/cart-order-summary-fee-block\" class=\"wp-block-woocommerce-cart-order-summary-fee-block\"><\/div>\n\n\n\n<div data-block-name=\"woocommerce\/cart-order-summary-discount-block\" class=\"wp-block-woocommerce-cart-order-summary-discount-block\"><\/div>\n\n\n\n<div data-block-name=\"woocommerce\/cart-order-summary-shipping-block\" class=\"wp-block-woocommerce-cart-order-summary-shipping-block\"><\/div>\n\n\n\n<div data-block-name=\"woocommerce\/cart-order-summary-taxes-block\" class=\"wp-block-woocommerce-cart-order-summary-taxes-block\"><\/div>\n<\/div>\n<\/div>\n\n\n\n\n\n<div data-block-name=\"woocommerce\/cart-express-payment-block\" class=\"wp-block-woocommerce-cart-express-payment-block\"><\/div>\n\n\n\n<div data-block-name=\"woocommerce\/proceed-to-checkout-block\" class=\"wp-block-woocommerce-proceed-to-checkout-block\"><\/div>\n<div id=\"ppcp-recaptcha-v2-container\" style=\"margin:20px 0;\"><\/div>\n\n\n<div data-block-name=\"woocommerce\/cart-accepted-payment-methods-block\" class=\"wp-block-woocommerce-cart-accepted-payment-methods-block\"><\/div>\n<\/div>\n<\/div>\n\n\n\n<div data-block-name=\"woocommerce\/empty-cart-block\" class=\"wp-block-woocommerce-empty-cart-block\">\n<h2 class=\"wp-block-heading has-text-align-center with-empty-cart-icon wc-block-cart__empty-cart__title\">Your shopping cart is currently empty!<\/h2>\n\n\n\n<hr class=\"wp-block-separator has-alpha-channel-opacity is-style-dots\"\/>\n\n\n\n<h2 class=\"wp-block-heading has-text-align-center\">New in the shop<\/h2>\n\n\n<div data-block-name=\"woocommerce\/product-new\" data-columns=\"4\" data-rows=\"1\" class=\"wc-block-grid wp-block-product-new wp-block-woocommerce-product-new wc-block-product-new has-4-columns\"><ul class=\"wc-block-grid__products\"><li class=\"wc-block-grid__product\">\n\t\t\t\t<a href=\"https:\/\/productvideo.io\/en\/acheter-plugin-productvideogenerator\/options-and-additional-products\/10-videos-pack\/\" class=\"wc-block-grid__product-link\">\n\t\t\t\t\t\n\t\t\t\t\t<div class=\"wc-block-grid__product-image\"><img fetchpriority=\"high\" decoding=\"async\" width=\"300\" height=\"300\" src=\"https:\/\/i0.wp.com\/productvideo.io\/wp-content\/uploads\/2024\/09\/Service-Pack-videos-1.png?resize=300%2C300&amp;ssl=1\" class=\"attachment-woocommerce_thumbnail size-woocommerce_thumbnail\" alt=\"DigitalSignage4 - automatic video pack\" srcset=\"https:\/\/i0.wp.com\/productvideo.io\/wp-content\/uploads\/2024\/09\/Service-Pack-videos-1.png?w=700&amp;ssl=1 700w, https:\/\/i0.wp.com\/productvideo.io\/wp-content\/uploads\/2024\/09\/Service-Pack-videos-1.png?resize=600%2C600&amp;ssl=1 600w, https:\/\/i0.wp.com\/productvideo.io\/wp-content\/uploads\/2024\/09\/Service-Pack-videos-1.png?resize=300%2C300&amp;ssl=1 300w, https:\/\/i0.wp.com\/productvideo.io\/wp-content\/uploads\/2024\/09\/Service-Pack-videos-1.png?resize=150%2C150&amp;ssl=1 150w\" sizes=\"(max-width: 300px) 100vw, 300px\" \/><\/div>\n\t\t\t\t\t<div class=\"wc-block-grid__product-title\">10 videos pack<\/div>\n\t\t\t\t<\/a>\n\t\t\t\t<div class=\"wc-block-grid__product-price price\"><span class=\"woocommerce-Price-amount amount\">25&nbsp;<span class=\"woocommerce-Price-currencySymbol\">&euro;<\/span><\/span> <small class=\"woocommerce-price-suffix\">HT<\/small><\/div>\n\t\t\t\t\n\t\t\t\t<div class=\"wp-block-button wc-block-grid__product-add-to-cart\"><a href=\"\/en\/wp-json\/wp\/v2\/pages\/830?add-to-cart=2051\" aria-label=\"Add to cart: &ldquo;10 videos pack&rdquo;\" data-quantity=\"1\" data-product_id=\"2051\" data-product_sku=\"\" data-price=\"25\" rel=\"nofollow\" class=\"wp-block-button__link  add_to_cart_button ajax_add_to_cart\">Add to cart<\/a><\/div>\n\t\t\t<\/li><li class=\"wc-block-grid__product\">\n\t\t\t\t<a href=\"https:\/\/productvideo.io\/en\/acheter-plugin-productvideogenerator\/plans\/product-video-generator-premium-yearly\/\" class=\"wc-block-grid__product-link\">\n\t\t\t\t\t\n\t\t\t\t\t<div class=\"wc-block-grid__product-image\"><img decoding=\"async\" width=\"300\" height=\"300\" src=\"https:\/\/i0.wp.com\/productvideo.io\/wp-content\/uploads\/2025\/04\/Logo-Abonnement-Premium-T.png?resize=300%2C300&amp;ssl=1\" class=\"attachment-woocommerce_thumbnail size-woocommerce_thumbnail\" alt=\"Product Video Generator Abonnement-premium-Video automatique e-commerce\" srcset=\"https:\/\/i0.wp.com\/productvideo.io\/wp-content\/uploads\/2025\/04\/Logo-Abonnement-Premium-T.png?w=700&amp;ssl=1 700w, https:\/\/i0.wp.com\/productvideo.io\/wp-content\/uploads\/2025\/04\/Logo-Abonnement-Premium-T.png?resize=600%2C600&amp;ssl=1 600w, https:\/\/i0.wp.com\/productvideo.io\/wp-content\/uploads\/2025\/04\/Logo-Abonnement-Premium-T.png?resize=300%2C300&amp;ssl=1 300w, https:\/\/i0.wp.com\/productvideo.io\/wp-content\/uploads\/2025\/04\/Logo-Abonnement-Premium-T.png?resize=150%2C150&amp;ssl=1 150w\" sizes=\"(max-width: 300px) 100vw, 300px\" \/><\/div>\n\t\t\t\t\t<div class=\"wc-block-grid__product-title\">Product Video Generator Premium &#8211; yearly<\/div>\n\t\t\t\t<\/a>\n\t\t\t\t<div class=\"wc-block-grid__product-price price\"><span class=\"woocommerce-Price-amount amount\">4990&nbsp;<span class=\"woocommerce-Price-currencySymbol\">&euro;<\/span><\/span> <small class=\"woocommerce-price-suffix\">HT<\/small> <span class=\"subscription-details\"> \/ year<\/span><\/div>\n\t\t\t\t\n\t\t\t\t<div class=\"wp-block-button wc-block-grid__product-add-to-cart\"><a href=\"\/en\/wp-json\/wp\/v2\/pages\/830?add-to-cart=925\" aria-label=\"Ajouter au panier: &ldquo;Product Video Generator Premium - yearly&rdquo;\" data-quantity=\"1\" data-product_id=\"925\" data-product_sku=\"\" data-price=\"4990\" rel=\"nofollow\" class=\"wp-block-button__link  add_to_cart_button ajax_add_to_cart\">Ajouter au panier<\/a><\/div>\n\t\t\t<\/li><li class=\"wc-block-grid__product\">\n\t\t\t\t<a href=\"https:\/\/productvideo.io\/en\/acheter-plugin-productvideogenerator\/plans\/product-video-generator-premium-monthly\/\" class=\"wc-block-grid__product-link\">\n\t\t\t\t\t\n\t\t\t\t\t<div class=\"wc-block-grid__product-image\"><img decoding=\"async\" width=\"300\" height=\"300\" src=\"https:\/\/i0.wp.com\/productvideo.io\/wp-content\/uploads\/2025\/04\/Logo-Abonnement-Premium-T.png?resize=300%2C300&amp;ssl=1\" class=\"attachment-woocommerce_thumbnail size-woocommerce_thumbnail\" alt=\"Product Video Generator Abonnement-premium-Video automatique e-commerce\" srcset=\"https:\/\/i0.wp.com\/productvideo.io\/wp-content\/uploads\/2025\/04\/Logo-Abonnement-Premium-T.png?w=700&amp;ssl=1 700w, https:\/\/i0.wp.com\/productvideo.io\/wp-content\/uploads\/2025\/04\/Logo-Abonnement-Premium-T.png?resize=600%2C600&amp;ssl=1 600w, https:\/\/i0.wp.com\/productvideo.io\/wp-content\/uploads\/2025\/04\/Logo-Abonnement-Premium-T.png?resize=300%2C300&amp;ssl=1 300w, https:\/\/i0.wp.com\/productvideo.io\/wp-content\/uploads\/2025\/04\/Logo-Abonnement-Premium-T.png?resize=150%2C150&amp;ssl=1 150w\" sizes=\"(max-width: 300px) 100vw, 300px\" \/><\/div>\n\t\t\t\t\t<div class=\"wc-block-grid__product-title\">Product Video Generator Premium &#8211; Monthly<\/div>\n\t\t\t\t<\/a>\n\t\t\t\t<div class=\"wc-block-grid__product-price price\"><span class=\"woocommerce-Price-amount amount\">499&nbsp;<span class=\"woocommerce-Price-currencySymbol\">&euro;<\/span><\/span> <small class=\"woocommerce-price-suffix\">HT<\/small> <span class=\"subscription-details\"> \/ month<\/span><\/div>\n\t\t\t\t\n\t\t\t\t<div class=\"wp-block-button wc-block-grid__product-add-to-cart\"><a href=\"\/en\/wp-json\/wp\/v2\/pages\/830?add-to-cart=924\" aria-label=\"Ajouter au panier: &ldquo;Product Video Generator Premium - Monthly&rdquo;\" data-quantity=\"1\" data-product_id=\"924\" data-product_sku=\"\" data-price=\"499\" rel=\"nofollow\" class=\"wp-block-button__link  add_to_cart_button ajax_add_to_cart\">Ajouter au panier<\/a><\/div>\n\t\t\t<\/li><li class=\"wc-block-grid__product\">\n\t\t\t\t<a href=\"https:\/\/productvideo.io\/en\/acheter-plugin-productvideogenerator\/plans\/product-video-generator-gold-yearly\/\" class=\"wc-block-grid__product-link\">\n\t\t\t\t\t\n\t\t\t\t\t<div class=\"wc-block-grid__product-image\"><img decoding=\"async\" width=\"300\" height=\"300\" src=\"https:\/\/i0.wp.com\/productvideo.io\/wp-content\/uploads\/2025\/04\/Logo-Abonnement-Gold-T.png?resize=300%2C300&amp;ssl=1\" class=\"attachment-woocommerce_thumbnail size-woocommerce_thumbnail\" alt=\"Product Video Generator Abonnement-gold-Video automatique e-commerce\" srcset=\"https:\/\/i0.wp.com\/productvideo.io\/wp-content\/uploads\/2025\/04\/Logo-Abonnement-Gold-T.png?w=700&amp;ssl=1 700w, https:\/\/i0.wp.com\/productvideo.io\/wp-content\/uploads\/2025\/04\/Logo-Abonnement-Gold-T.png?resize=600%2C600&amp;ssl=1 600w, https:\/\/i0.wp.com\/productvideo.io\/wp-content\/uploads\/2025\/04\/Logo-Abonnement-Gold-T.png?resize=300%2C300&amp;ssl=1 300w, https:\/\/i0.wp.com\/productvideo.io\/wp-content\/uploads\/2025\/04\/Logo-Abonnement-Gold-T.png?resize=150%2C150&amp;ssl=1 150w\" sizes=\"(max-width: 300px) 100vw, 300px\" \/><\/div>\n\t\t\t\t\t<div class=\"wc-block-grid__product-title\">Product Video Generator Gold &#8211; Yearly<\/div>\n\t\t\t\t<\/a>\n\t\t\t\t<div class=\"wc-block-grid__product-price price\"><span class=\"woocommerce-Price-amount amount\">1490&nbsp;<span class=\"woocommerce-Price-currencySymbol\">&euro;<\/span><\/span> <small class=\"woocommerce-price-suffix\">HT<\/small> <span class=\"subscription-details\"> \/ year<\/span><\/div>\n\t\t\t\t\n\t\t\t\t<div class=\"wp-block-button wc-block-grid__product-add-to-cart\"><a href=\"\/en\/wp-json\/wp\/v2\/pages\/830?add-to-cart=926\" aria-label=\"Ajouter au panier: &ldquo;Product Video Generator Gold - Yearly&rdquo;\" data-quantity=\"1\" data-product_id=\"926\" data-product_sku=\"\" data-price=\"1490\" rel=\"nofollow\" class=\"wp-block-button__link  add_to_cart_button ajax_add_to_cart\">Ajouter au panier<\/a><\/div>\n\t\t\t<\/li><\/ul><\/div><\/div>\n<\/div>\n<p>","protected":false},"excerpt":{"rendered":"","protected":false},"author":1,"featured_media":0,"parent":0,"menu_order":0,"comment_status":"closed","ping_status":"closed","template":"","meta":{"footnotes":""},"class_list":["post-830","page","type-page","status-publish","hentry"],"yoast_head":"<!-- This site is optimized with the Yoast SEO plugin v27.1.1 - https:\/\/yoast.com\/product\/yoast-seo-wordpress\/ -->\n<title>Cart - Product Video Generator with AI<\/title>\n<meta name=\"description\" content=\"Cart Product Video Generator. Your subscriptions and packages are currently being ordered. Simply complete your purchases.\" \/>\n<meta name=\"robots\" content=\"index, follow, max-snippet:-1, max-image-preview:large, max-video-preview:-1\" \/>\n<link rel=\"canonical\" href=\"https:\/\/productvideo.io\/en\/cart\/\" \/>\n<meta property=\"og:locale\" content=\"en_US\" \/>\n<meta property=\"og:type\" content=\"article\" \/>\n<meta property=\"og:title\" content=\"Cart - Product Video Generator with AI\" \/>\n<meta property=\"og:description\" content=\"Cart Product Video Generator. Your subscriptions and packages are currently being ordered. Simply complete your purchases.\" \/>\n<meta property=\"og:url\" content=\"https:\/\/productvideo.io\/en\/cart\/\" \/>\n<meta property=\"og:site_name\" content=\"Product Video Generator with AI\" \/>\n<meta property=\"article:modified_time\" content=\"2025-05-23T10:07:22+00:00\" \/>\n<meta name=\"twitter:card\" content=\"summary_large_image\" \/>\n<script type=\"application\/ld+json\" class=\"yoast-schema-graph\">{\"@context\":\"https:\/\/schema.org\",\"@graph\":[{\"@type\":\"WebPage\",\"@id\":\"https:\/\/productvideo.io\/en\/cart\/\",\"url\":\"https:\/\/productvideo.io\/en\/cart\/\",\"name\":\"Cart - Product Video Generator with AI\",\"isPartOf\":{\"@id\":\"https:\/\/productvideo.io\/en\/#website\"},\"datePublished\":\"2024-09-23T13:20:30+00:00\",\"dateModified\":\"2025-05-23T10:07:22+00:00\",\"description\":\"Cart Product Video Generator. Your subscriptions and packages are currently being ordered. Simply complete your purchases.\",\"breadcrumb\":{\"@id\":\"https:\/\/productvideo.io\/en\/cart\/#breadcrumb\"},\"inLanguage\":\"en-US\",\"potentialAction\":[{\"@type\":\"ReadAction\",\"target\":[\"https:\/\/productvideo.io\/en\/cart\/\"]}]},{\"@type\":\"BreadcrumbList\",\"@id\":\"https:\/\/productvideo.io\/en\/cart\/#breadcrumb\",\"itemListElement\":[{\"@type\":\"ListItem\",\"position\":1,\"name\":\"Accueil\",\"item\":\"https:\/\/productvideo.io\/en\/\"},{\"@type\":\"ListItem\",\"position\":2,\"name\":\"Cart\"}]},{\"@type\":\"WebSite\",\"@id\":\"https:\/\/productvideo.io\/en\/#website\",\"url\":\"https:\/\/productvideo.io\/en\/\",\"name\":\"Product Video Generator With AI\",\"description\":\"G\u00e9n\u00e9ration de vid\u00e9os pour vos produits e-commerce\",\"publisher\":{\"@id\":\"https:\/\/productvideo.io\/en\/#organization\"},\"alternateName\":\"PVG\",\"potentialAction\":[{\"@type\":\"SearchAction\",\"target\":{\"@type\":\"EntryPoint\",\"urlTemplate\":\"https:\/\/productvideo.io\/en\/?s={search_term_string}\"},\"query-input\":{\"@type\":\"PropertyValueSpecification\",\"valueRequired\":true,\"valueName\":\"search_term_string\"}}],\"inLanguage\":\"en-US\"},{\"@type\":\"Organization\",\"@id\":\"https:\/\/productvideo.io\/en\/#organization\",\"name\":\"I.R.C. Ouest Acacia Dynamic\",\"url\":\"https:\/\/productvideo.io\/en\/\",\"logo\":{\"@type\":\"ImageObject\",\"inLanguage\":\"en-US\",\"@id\":\"https:\/\/productvideo.io\/en\/#\/schema\/logo\/image\/\",\"url\":\"https:\/\/i0.wp.com\/productvideo.io\/wp-content\/uploads\/2024\/09\/cropped-1563199803621.jpg?fit=200%2C133&ssl=1\",\"contentUrl\":\"https:\/\/i0.wp.com\/productvideo.io\/wp-content\/uploads\/2024\/09\/cropped-1563199803621.jpg?fit=200%2C133&ssl=1\",\"width\":200,\"height\":133,\"caption\":\"I.R.C. Ouest Acacia Dynamic\"},\"image\":{\"@id\":\"https:\/\/productvideo.io\/en\/#\/schema\/logo\/image\/\"}}]}<\/script>\n<!-- \/ Yoast SEO plugin. -->","yoast_head_json":{"title":"Cart - Product Video Generator with AI","description":"Cart Product Video Generator. Your subscriptions and packages are currently being ordered. Simply complete your purchases.","robots":{"index":"index","follow":"follow","max-snippet":"max-snippet:-1","max-image-preview":"max-image-preview:large","max-video-preview":"max-video-preview:-1"},"canonical":"https:\/\/productvideo.io\/en\/cart\/","og_locale":"en_US","og_type":"article","og_title":"Cart - Product Video Generator with AI","og_description":"Cart Product Video Generator. Your subscriptions and packages are currently being ordered. Simply complete your purchases.","og_url":"https:\/\/productvideo.io\/en\/cart\/","og_site_name":"Product Video Generator with AI","article_modified_time":"2025-05-23T10:07:22+00:00","twitter_card":"summary_large_image","schema":{"@context":"https:\/\/schema.org","@graph":[{"@type":"WebPage","@id":"https:\/\/productvideo.io\/en\/cart\/","url":"https:\/\/productvideo.io\/en\/cart\/","name":"Cart - Product Video Generator with AI","isPartOf":{"@id":"https:\/\/productvideo.io\/en\/#website"},"datePublished":"2024-09-23T13:20:30+00:00","dateModified":"2025-05-23T10:07:22+00:00","description":"Cart Product Video Generator. Your subscriptions and packages are currently being ordered. Simply complete your purchases.","breadcrumb":{"@id":"https:\/\/productvideo.io\/en\/cart\/#breadcrumb"},"inLanguage":"en-US","potentialAction":[{"@type":"ReadAction","target":["https:\/\/productvideo.io\/en\/cart\/"]}]},{"@type":"BreadcrumbList","@id":"https:\/\/productvideo.io\/en\/cart\/#breadcrumb","itemListElement":[{"@type":"ListItem","position":1,"name":"Accueil","item":"https:\/\/productvideo.io\/en\/"},{"@type":"ListItem","position":2,"name":"Cart"}]},{"@type":"WebSite","@id":"https:\/\/productvideo.io\/en\/#website","url":"https:\/\/productvideo.io\/en\/","name":"Product Video Generator With AI","description":"G\u00e9n\u00e9ration de vid\u00e9os pour vos produits e-commerce","publisher":{"@id":"https:\/\/productvideo.io\/en\/#organization"},"alternateName":"PVG","potentialAction":[{"@type":"SearchAction","target":{"@type":"EntryPoint","urlTemplate":"https:\/\/productvideo.io\/en\/?s={search_term_string}"},"query-input":{"@type":"PropertyValueSpecification","valueRequired":true,"valueName":"search_term_string"}}],"inLanguage":"en-US"},{"@type":"Organization","@id":"https:\/\/productvideo.io\/en\/#organization","name":"I.R.C. Ouest Acacia Dynamic","url":"https:\/\/productvideo.io\/en\/","logo":{"@type":"ImageObject","inLanguage":"en-US","@id":"https:\/\/productvideo.io\/en\/#\/schema\/logo\/image\/","url":"https:\/\/i0.wp.com\/productvideo.io\/wp-content\/uploads\/2024\/09\/cropped-1563199803621.jpg?fit=200%2C133&ssl=1","contentUrl":"https:\/\/i0.wp.com\/productvideo.io\/wp-content\/uploads\/2024\/09\/cropped-1563199803621.jpg?fit=200%2C133&ssl=1","width":200,"height":133,"caption":"I.R.C. Ouest Acacia Dynamic"},"image":{"@id":"https:\/\/productvideo.io\/en\/#\/schema\/logo\/image\/"}}]}},"_links":{"self":[{"href":"https:\/\/productvideo.io\/en\/wp-json\/wp\/v2\/pages\/830","targetHints":{"allow":["GET"]}}],"collection":[{"href":"https:\/\/productvideo.io\/en\/wp-json\/wp\/v2\/pages"}],"about":[{"href":"https:\/\/productvideo.io\/en\/wp-json\/wp\/v2\/types\/page"}],"author":[{"embeddable":true,"href":"https:\/\/productvideo.io\/en\/wp-json\/wp\/v2\/users\/1"}],"replies":[{"embeddable":true,"href":"https:\/\/productvideo.io\/en\/wp-json\/wp\/v2\/comments?post=830"}],"version-history":[{"count":2,"href":"https:\/\/productvideo.io\/en\/wp-json\/wp\/v2\/pages\/830\/revisions"}],"predecessor-version":[{"id":1903,"href":"https:\/\/productvideo.io\/en\/wp-json\/wp\/v2\/pages\/830\/revisions\/1903"}],"wp:attachment":[{"href":"https:\/\/productvideo.io\/en\/wp-json\/wp\/v2\/media?parent=830"}],"curies":[{"name":"wp","href":"https:\/\/api.w.org\/{rel}","templated":true}]}}