{"id":2127,"date":"2024-09-25T17:01:41","date_gmt":"2024-09-25T15:01:41","guid":{"rendered":"https:\/\/productvideo.io\/mentions-legales\/"},"modified":"2025-09-10T16:31:06","modified_gmt":"2025-09-10T14:31:06","slug":"mentions-legales","status":"publish","type":"page","link":"https:\/\/productvideo.io\/en\/mentions-legales\/","title":{"rendered":"Mentions l\u00e9gales"},"content":{"rendered":"<p>\n<p>Le site www.productvideo.io est \u00e9dit\u00e9 par :<\/p>\n\n<p><strong>I.R.C. Ouest, nom commercial Acacia Dynamic<\/strong><br\/>1, rue La P\u00e9rouse 17440 Aytr\u00e9 \u2013 La Rochelle &#8211; France<\/p>\n\n<p>T\u00e9l\u00e9phone : +33 (0)5 46 45 47 07<\/p>\n\n<p><em>SARL au capital de 53 349 euros<br\/><\/em>SIRET 42181396500058<br\/><em>RCS La Rochelle 421 813 965<\/em><\/p>\n\n<p>N\u00b0 de TVA intracommunautaire FR83421813965<\/p>\n\n<p>Responsable de la publication : Emmanuel Brulavoine<\/p>\n\n<p>Le site www.productvideo.io est h\u00e9berg\u00e9 par : <em>Acacia Dynamic<\/em><\/p>\n\n<p>Ce site respecte le droit d\u2019auteur. Tous les droits des auteurs des \u0152uvres prot\u00e9g\u00e9es reproduites et communiqu\u00e9es sur ce site, sont r\u00e9serv\u00e9s. Sauf autorisation, toute utilisation des \u0152uvres autres que la reproduction et la consultation individuelles et priv\u00e9es sont interdites.  <\/p>\n\n<hr class=\"wp-block-separator has-alpha-channel-opacity\"\/>\n\n<h2 class=\"wp-block-heading has-small-font-size\"><strong>Informatique et libert\u00e9s\/protection des donn\u00e9es personnelles<\/strong><\/h2>\n\n<p>Acacia Dynamic recueille des informations vous concernant lors de la cr\u00e9ation de votre compte client (nom, pr\u00e9nom, adresse \u00e9lectronique, adresse postale, num\u00e9ro de t\u00e9l\u00e9phone). Ces informations nous permettent d\u2019assurer le suivi de vos achats. Ces donn\u00e9es ne sont pas transmises \u00e0 des tiers mais peuvent \u00eatre utilis\u00e9es pour l\u2019envoi d\u2019informations et offres promotionnelles exclusives de la part de Acacia Dynamic, dont vous pouvez vous d\u00e9sinscrire \u00e0 tout moment en cliquant sur le lien indiqu\u00e9 en bas du message. Seule notre soci\u00e9t\u00e9 est destinataire des informations que vous nous communiquez.   <\/p>\n\n<p>Nous nous sommes engag\u00e9s \u00e0 assurer la s\u00e9curit\u00e9 des donn\u00e9es \u00e0 caract\u00e8re personnel via des proc\u00e9dures strictes au sein de notre entreprise. Pour les donn\u00e9es collect\u00e9es \u00ab en ligne \u00bb, les communications sur la partie cliente sont crypt\u00e9es entre le poste de l\u2019internaute et nos serveurs (zone s\u00e9curis\u00e9e HTTPS). <\/p>\n\n<p>Conform\u00e9ment aux dispositions de la Loi Informatique et Libert\u00e9s du 6 janvier 1978 (modifi\u00e9e par la loi du 6 ao\u00fbt 2004 relative \u00e0 la protection des personnes physiques \u00e0 l\u2019\u00e9gard des traitements de donn\u00e9es \u00e0 caract\u00e8re personnel), vous b\u00e9n\u00e9ficiez d\u2019un droit d\u2019acc\u00e8s, de rectification ou d\u2019opposition sur les donn\u00e9es nominatives collect\u00e9es vous concernant. Ces droits peuvent \u00eatre exerc\u00e9s en nous contactant \u00e0 l\u2019adresse suivante : info@acacia-dynamic.com <\/p>\n\n<p>Acacia Dynamic a pour politique de ne pas c\u00e9der les donn\u00e9es concernant ses clients. Acacia Dynamic est seule destinataire des donn\u00e9es que vous nous avez transmises. <\/p>\n\n<p>Nous vous informons que nous utilisons des cookies. Les informations collect\u00e9es par les cookies sont uniquement et strictement destin\u00e9es \u00e0 un usage interne et ne sont jamais transmises \u00e0 des tiers. <\/p>\n\n<p>A &#8220;Cookie&#8221; allows the identification of the user of a site, the personalization of his consultation of the site and the acceleration of the display of the site thanks to the recording of a data file on his computer. The site is likely to use &#8220;Cookies&#8221; mainly for <\/p>\n\n<p>1) obtenir des statistiques de navigation afin d&#8217;am\u00e9liorer l&#8217;exp\u00e9rience de l&#8217;Utilisateur, et<\/p>\n\n<p>2) permettre l&#8217;acc\u00e8s \u00e0 un compte de membre et \u00e0 du contenu qui n&#8217;est pas accessible sans connexion.<\/p>\n\n<p>L&#8217;Utilisateur reconna\u00eet \u00eatre inform\u00e9 de cette pratique et autorise l&#8217;\u00e9diteur du site \u00e0 y recourir. L&#8217;\u00e9diteur s&#8217;engage \u00e0 ne jamais communiquer le contenu de ces \u00ab Cookies \u00bb \u00e0 des tierces personnes, sauf en cas de r\u00e9quisition l\u00e9gale. L&#8217;Utilisateur peut refuser l&#8217;enregistrement de \u00ab Cookies \u00bb ou configurer son navigateur pour \u00eatre pr\u00e9venu pr\u00e9alablement \u00e0 l&#8217;acception les \u00ab Cookies \u00bb. Pour ce faire, l&#8217;Utilisateur proc\u00e9dera au param\u00e9trage de son navigateur en suivant la documentation recommand\u00e9e par l\u2019\u00e9diteur de son navigateur :   <\/p>\n\n<p>&#8211; Pour Safari : <a href=\"https:\/\/support.apple.com\/fr-fr\/ht1677\">https:\/\/support.apple.com\/fr-fr\/ht1677<\/a><\/p>\n\n<p>&#8211; Pour Google Chrome : <a href=\"https:\/\/support.google.com\/chrome\/answer\/95647?hl=fr&amp;hlrm=en&amp;safe=on\">https:\/\/support.google.com\/chrome\/answer\/95647?hl=fr&amp;hlrm=en&amp;safe=on<\/a><\/p>\n\n<p>&#8211; Pour Firefox : <a href=\"https:\/\/support.mozilla.org\/fr\/kb\/activer-desactiver-cookies\">https:\/\/support.mozilla.org\/fr\/kb\/activer-desactiver-cookies<\/a><\/p>\n\n<p>&#8211; Pour Opera : <a href=\"http:\/\/help.opera.com\/Windows\/10.20\/fr\/cookies.html\">http:\/\/help.opera.com\/Windows\/10.20\/fr\/cookies.html<\/a><\/p>\n\n<hr class=\"wp-block-separator has-alpha-channel-opacity\"\/>\n\n<p><\/p>\n\n<p><strong>Acc\u00e8s aux services<\/strong><\/p>\n\n<p>Pour acc\u00e9der aux diff\u00e9rents services en ligne, l\u2019utilisateur est tenu d\u2019accepter les conditions particuli\u00e8res de chaque service auquel il souhaite adh\u00e9rer qui feront l\u2019objet d\u2019un contrat s\u00e9par\u00e9.<\/p>\n\n<p><strong>Configuration informatique minimum<\/strong><\/p>\n\n<p>The user of the site &#8220;productvideo.io&#8221; acknowledges having the skills and means necessary to access and use this site. Access to the site &#8220;productvideo.io&#8221; is optimized for a resolution of 1280 X 720, FireFox, Chrome or Safari. To this end, the user acknowledges having verified that the computer configuration used does not contain any viruses and that it is in good working order. Furthermore, before any use of the site &#8220;productvideo.io&#8221;, the user acknowledges having ensured that the browser used allows secure access to the site.   <\/p>\n\n<p><\/p>\n\n<p><strong>Respect des r\u00e9glementations fran\u00e7aises et communautaires<\/strong><\/p>\n\n<p>La structure g\u00e9n\u00e9rale, ainsi que les logiciels, textes, images anim\u00e9es ou fixes, sons, savoir-faire, dessins, graphismes et tout autre \u00e9l\u00e9ment composant le site sont la propri\u00e9t\u00e9 exclusive de IRC OUEST SARL. Toute repr\u00e9sentation totale ou partielle de ce site par quelque proc\u00e9d\u00e9 que ce soit, sans l\u2019autorisation expresse de IRC OUEST SARL, est interdite et constituerait une contrefa\u00e7on sanctionn\u00e9e par les articles L. 335-2 et suivants du Code de la propri\u00e9t\u00e9 intellectuelle. Il en est de m\u00eame des bases de donn\u00e9es figurant sur le site web, qui sont prot\u00e9g\u00e9es par les dispositions de la loi du 1er juillet 1998 portant transposition dans le Code de la propri\u00e9t\u00e9 intellectuelle de la directive europ\u00e9enne du 11 mars 1996 relative \u00e0 la protection juridique des bases de donn\u00e9es et dont IRC OUEST SARL est productrice. Les logos figurant sur le site sont d\u00e9pos\u00e9s. Toute reproduction totale ou partielle de ces logos, toute modification, toute alt\u00e9ration, ainsi que toute repr\u00e9sentation totale ou partielle de ces logos, effectu\u00e9es \u00e0 partir des \u00e9l\u00e9ments du site sans l\u2019autorisation expresse de IRC OUEST SARL sont donc prohib\u00e9es, au sens de l\u2019article L. 713-2 du Code de la propri\u00e9t\u00e9 intellectuelle.    <\/p>\n\n<p><\/p>\n\n<p><strong>Liens hypertextes<\/strong><\/p>\n\n<p>Les utilisateurs sont formellement inform\u00e9s que les sites auxquels ils peuvent acc\u00e9der par l\u2019interm\u00e9diaire des liens hypertextes pr\u00e9sents sur le site n\u2019appartiennent pas \u00e0 IRC OUEST SARL. Cette derni\u00e8re d\u00e9cline toute responsabilit\u00e9 quant au contenu des informations fournies sur ces sites au titre de l\u2019activation de l\u2019hyperlien. Les utilisateurs du site &#8221; productvideo.io &#8221; ne peuvent mettre en place un hyperlien en direction de ce site sans l\u2019autorisation expresse et pr\u00e9alable de IRC OUEST SARL.  <\/p>\n\n<p><\/p>\n\n<p><strong>Avertissement l\u00e9gal aux utilisateurs<\/strong><\/p>\n\n<p>L\u2019utilisateur d\u00e9clare accepter les caract\u00e9ristiques et les limites d\u2019internet et, en particulier, reconna\u00eetre :<\/p>\n\n<ul class=\"wp-block-list\">\n<li>avoir connaissance de la nature du r\u00e9seau de l\u2019internet et en particulier, de ses performances techniques et des temps de r\u00e9ponse, pour consulter, interroger ou transf\u00e9rer les donn\u00e9es d\u2019informations ;<\/li>\n\n\n\n<li>que les donn\u00e9es circulant sur l\u2019internet ne sont pas n\u00e9cessairement prot\u00e9g\u00e9es, notamment contre les d\u00e9tournements \u00e9ventuels ;<\/li>\n\n\n\n<li>que la communication, par l\u2019utilisateur \u00e0 des tiers de ses identifiants et d\u2019une mani\u00e8re g\u00e9n\u00e9rale, de toute information jug\u00e9e par l\u2019utilisateur comme personnelle ou confidentielle se fait \u00e0 ses risques et p\u00e9rils ;<\/li>\n\n\n\n<li>qu\u2019il appartient \u00e0 l\u2019utilisateur de prendre toutes les mesures appropri\u00e9es de fa\u00e7on \u00e0 prot\u00e9ger ses propres donn\u00e9es et\/ou logiciels de la contamination par des \u00e9ventuels virus sur le r\u00e9seau de l\u2019internet ;<\/li>\n\n\n\n<li>que les donn\u00e9es circulant sur l\u2019internet peuvent \u00eatre r\u00e9glement\u00e9es en terme d\u2019usage ou prot\u00e9g\u00e9es par un droit de propri\u00e9t\u00e9.<\/li>\n<\/ul>\n\n<p>D\u2019une mani\u00e8re g\u00e9n\u00e9rale, l\u2019utilisateur est seul responsable du choix, de l\u2019utilisation et de l\u2019interpr\u00e9tation des donn\u00e9es qu\u2019il consulte, interroge et transf\u00e8re sur l\u2019internet et de l\u2019usage des services en ligne propos\u00e9s par IRC OUEST SARL, dont la responsabilit\u00e9 ne saurait \u00eatre engag\u00e9e \u00e0 quelque titre que ce soit. IRC OUEST SARL met tout en \u0153uvre pour offrir aux utilisateurs des informations et\/ou outils disponibles et v\u00e9rifi\u00e9s, mais ne saurait \u00eatre tenue pour responsable des erreurs, d\u2019une absence de disponibilit\u00e9 des informations et\/ou de la pr\u00e9sence de virus sur son site. <\/p>\n\n<p><\/p>\n\n<h2 class=\"wp-block-heading has-small-font-size\"><strong>Propri\u00e9t\u00e9 intellectuelle<\/strong><\/h2>\n\n<p>Nous vous informons que toute reproduction ou repr\u00e9sentation totale ou partielle, par quelque proc\u00e9d\u00e9 que ce soit, de ce site, des logos, des images pouvant y figurer est interdite sans l\u2019autorisation expresse de Acacia Dynamic.<\/p>\n\n<p>Si vous souhaitez mettre en place un lien en direction de ce site, vous n\u2019avez pas \u00e0 demander l\u2019autorisation expresse et pr\u00e9alable de Acacia Dynamic.<\/p>\n\n<p>En cas d\u2019\u00e9ventuelles omissions, erreurs, corrections, nous vous remercions de nous en faire part en adressant un courrier \u00e9lectronique \u00e0 l\u2019adresse suivante : info@acacia-dynamic.com<\/p>\n\n<p>Tous les \u00e9l\u00e9ments figurant sur ce site (texte, \u00e9l\u00e9ments graphiques ou multim\u00e9dia) sont la propri\u00e9t\u00e9 de la soci\u00e9t\u00e9 Acacia Dynamic ainsi que de leurs auteurs respectifs. Le fait de pouvoir consulter et enregistrer les donn\u00e9es de ce site sur un autre support ne donne en aucun cas le droit d\u2019effacer, de retirer ou de modifier les mentions de copyright figurant sur les ressources de ce site, ou de modifier les ressources elles m\u00eames de ce site. Les donn\u00e9es de ce site sont fournies \u00e0 titre indicatif sans aucune garantie implicite ou explicite. La soci\u00e9t\u00e9 Acacia Dynamic se d\u00e9sengage de toute utilisation licite ou illicite des donn\u00e9es figurant sur ce site. Toutes les informations donn\u00e9es sur ce site peuvent contenir des erreurs techniques et\/ou typographiques.    <\/p>\n\n<p>La soci\u00e9t\u00e9 Acacia Dynamic n\u2019est pas responsable du contenu des pages li\u00e9es par son site Internet, ou de l\u2019utilisation du contenu des ces pages. Le fait de fournir un lien vers un logiciel, un patch ou une mise \u00e0 jour, ne signifie pas leur bon \u00e9tat de marche. La soci\u00e9t\u00e9 Acacia Dynamic ne pourrait \u00eatre tenue responsable de tout d\u00e9g\u00e2t engendr\u00e9 par l\u2019utilisation de ces logiciels, patchs et mises \u00e0 jour.  <\/p>\n\n<p>Copyright 1998-2024 IRC OUEST SARL &#8211; Acacia Dynamic \u00a9 \u2013 Tous droits r\u00e9serv\u00e9s<\/p>\n\n<hr class=\"wp-block-separator has-alpha-channel-opacity\"\/>\n\n<h2 class=\"wp-block-heading has-small-font-size\"><strong>D\u00e9veloppement et h\u00e9bergement :<\/strong><\/h2>\n\n<p>IRC OUEST &#8211; Acacia Dynamic<br\/>1, rue La P\u00e9rouse<br\/>17440 Aytr\u00e9 \u2013 La Rochelle &#8211; France<\/p>\n<div class=\"wp-block-image\">\n<figure class=\"aligncenter size-full is-resized\"><img data-recalc-dims=\"1\" decoding=\"async\" width=\"300\" height=\"105\" src=\"https:\/\/i0.wp.com\/productvideo.io\/wp-content\/uploads\/2025\/04\/logo_PVG_300_.png?resize=300%2C105&#038;ssl=1\" alt=\"Logo Product Video Generator - Generate videos from e-commerce product sheets\" class=\"wp-image-1584\" style=\"width:200px\" srcset=\"https:\/\/i0.wp.com\/productvideo.io\/wp-content\/uploads\/2025\/04\/logo_PVG_300_.png?w=300&amp;ssl=1 300w, https:\/\/i0.wp.com\/productvideo.io\/wp-content\/uploads\/2025\/04\/logo_PVG_300_.png?resize=150%2C53&amp;ssl=1 150w\" sizes=\"(max-width: 300px) 100vw, 300px\" \/><\/figure>\n<\/div>\n<p><\/p>\n<p>","protected":false},"excerpt":{"rendered":"<p>Le site www.productvideo.io est \u00e9dit\u00e9 par : I.R.C. Ouest, nom commercial Acacia Dynamic1, rue La P\u00e9rouse 17440 Aytr\u00e9 \u2013 La<\/p>\n","protected":false},"author":1,"featured_media":0,"parent":0,"menu_order":0,"comment_status":"closed","ping_status":"closed","template":"","meta":{"footnotes":""},"class_list":["post-2127","page","type-page","status-publish","hentry"],"yoast_head":"<!-- This site is optimized with the Yoast SEO plugin v27.1.1 - https:\/\/yoast.com\/product\/yoast-seo-wordpress\/ -->\n<title>mentions l\u00e9gales Product Video Generator<\/title>\n<meta name=\"description\" content=\"Mentions l\u00e9gales Product Video Generator. Retrouvez sur cette page les mentions et informations l\u00e9gales concernant Product Video Generator\" \/>\n<meta name=\"robots\" content=\"index, follow, max-snippet:-1, max-image-preview:large, max-video-preview:-1\" \/>\n<link rel=\"canonical\" href=\"https:\/\/productvideo.io\/en\/mentions-legales\/\" \/>\n<meta property=\"og:locale\" content=\"en_US\" \/>\n<meta property=\"og:type\" content=\"article\" \/>\n<meta property=\"og:title\" content=\"mentions l\u00e9gales Product Video Generator\" \/>\n<meta property=\"og:description\" content=\"Mentions l\u00e9gales Product Video Generator. Retrouvez sur cette page les mentions et informations l\u00e9gales concernant Product Video Generator\" \/>\n<meta property=\"og:url\" content=\"https:\/\/productvideo.io\/en\/mentions-legales\/\" \/>\n<meta property=\"og:site_name\" content=\"Product Video Generator with AI\" \/>\n<meta property=\"article:modified_time\" content=\"2025-09-10T14:31:06+00:00\" \/>\n<meta property=\"og:image\" content=\"https:\/\/productvideo.io\/wp-content\/uploads\/2025\/04\/logo_PVG_300_.png\" \/>\n<meta name=\"twitter:card\" content=\"summary_large_image\" \/>\n<meta name=\"twitter:label1\" content=\"Est. reading time\" \/>\n\t<meta name=\"twitter:data1\" content=\"8 minutes\" \/>\n<script type=\"application\/ld+json\" class=\"yoast-schema-graph\">{\"@context\":\"https:\/\/schema.org\",\"@graph\":[{\"@type\":\"WebPage\",\"@id\":\"https:\/\/productvideo.io\/en\/mentions-legales\/\",\"url\":\"https:\/\/productvideo.io\/en\/mentions-legales\/\",\"name\":\"mentions l\u00e9gales Product Video Generator\",\"isPartOf\":{\"@id\":\"https:\/\/productvideo.io\/en\/#website\"},\"primaryImageOfPage\":{\"@id\":\"https:\/\/productvideo.io\/en\/mentions-legales\/#primaryimage\"},\"image\":{\"@id\":\"https:\/\/productvideo.io\/en\/mentions-legales\/#primaryimage\"},\"thumbnailUrl\":\"https:\/\/productvideo.io\/wp-content\/uploads\/2025\/04\/logo_PVG_300_.png\",\"datePublished\":\"2024-09-25T15:01:41+00:00\",\"dateModified\":\"2025-09-10T14:31:06+00:00\",\"description\":\"Mentions l\u00e9gales Product Video Generator. Retrouvez sur cette page les mentions et informations l\u00e9gales concernant Product Video Generator\",\"breadcrumb\":{\"@id\":\"https:\/\/productvideo.io\/en\/mentions-legales\/#breadcrumb\"},\"inLanguage\":\"en-US\",\"potentialAction\":[{\"@type\":\"ReadAction\",\"target\":[\"https:\/\/productvideo.io\/en\/mentions-legales\/\"]}]},{\"@type\":\"ImageObject\",\"inLanguage\":\"en-US\",\"@id\":\"https:\/\/productvideo.io\/en\/mentions-legales\/#primaryimage\",\"url\":\"https:\/\/productvideo.io\/wp-content\/uploads\/2025\/04\/logo_PVG_300_.png\",\"contentUrl\":\"https:\/\/productvideo.io\/wp-content\/uploads\/2025\/04\/logo_PVG_300_.png\"},{\"@type\":\"BreadcrumbList\",\"@id\":\"https:\/\/productvideo.io\/en\/mentions-legales\/#breadcrumb\",\"itemListElement\":[{\"@type\":\"ListItem\",\"position\":1,\"name\":\"Accueil\",\"item\":\"https:\/\/productvideo.io\/en\/\"},{\"@type\":\"ListItem\",\"position\":2,\"name\":\"Mentions l\u00e9gales\"}]},{\"@type\":\"WebSite\",\"@id\":\"https:\/\/productvideo.io\/en\/#website\",\"url\":\"https:\/\/productvideo.io\/en\/\",\"name\":\"Product Video Generator With AI\",\"description\":\"G\u00e9n\u00e9ration de vid\u00e9os pour vos produits e-commerce\",\"publisher\":{\"@id\":\"https:\/\/productvideo.io\/en\/#organization\"},\"alternateName\":\"PVG\",\"potentialAction\":[{\"@type\":\"SearchAction\",\"target\":{\"@type\":\"EntryPoint\",\"urlTemplate\":\"https:\/\/productvideo.io\/en\/?s={search_term_string}\"},\"query-input\":{\"@type\":\"PropertyValueSpecification\",\"valueRequired\":true,\"valueName\":\"search_term_string\"}}],\"inLanguage\":\"en-US\"},{\"@type\":\"Organization\",\"@id\":\"https:\/\/productvideo.io\/en\/#organization\",\"name\":\"I.R.C. Ouest Acacia Dynamic\",\"url\":\"https:\/\/productvideo.io\/en\/\",\"logo\":{\"@type\":\"ImageObject\",\"inLanguage\":\"en-US\",\"@id\":\"https:\/\/productvideo.io\/en\/#\/schema\/logo\/image\/\",\"url\":\"https:\/\/i0.wp.com\/productvideo.io\/wp-content\/uploads\/2024\/09\/cropped-1563199803621.jpg?fit=200%2C133&ssl=1\",\"contentUrl\":\"https:\/\/i0.wp.com\/productvideo.io\/wp-content\/uploads\/2024\/09\/cropped-1563199803621.jpg?fit=200%2C133&ssl=1\",\"width\":200,\"height\":133,\"caption\":\"I.R.C. Ouest Acacia Dynamic\"},\"image\":{\"@id\":\"https:\/\/productvideo.io\/en\/#\/schema\/logo\/image\/\"}}]}<\/script>\n<!-- \/ Yoast SEO plugin. -->","yoast_head_json":{"title":"mentions l\u00e9gales Product Video Generator","description":"Mentions l\u00e9gales Product Video Generator. Retrouvez sur cette page les mentions et informations l\u00e9gales concernant Product Video Generator","robots":{"index":"index","follow":"follow","max-snippet":"max-snippet:-1","max-image-preview":"max-image-preview:large","max-video-preview":"max-video-preview:-1"},"canonical":"https:\/\/productvideo.io\/en\/mentions-legales\/","og_locale":"en_US","og_type":"article","og_title":"mentions l\u00e9gales Product Video Generator","og_description":"Mentions l\u00e9gales Product Video Generator. Retrouvez sur cette page les mentions et informations l\u00e9gales concernant Product Video Generator","og_url":"https:\/\/productvideo.io\/en\/mentions-legales\/","og_site_name":"Product Video Generator with AI","article_modified_time":"2025-09-10T14:31:06+00:00","og_image":[{"url":"https:\/\/productvideo.io\/wp-content\/uploads\/2025\/04\/logo_PVG_300_.png","type":"","width":"","height":""}],"twitter_card":"summary_large_image","twitter_misc":{"Est. reading time":"8 minutes"},"schema":{"@context":"https:\/\/schema.org","@graph":[{"@type":"WebPage","@id":"https:\/\/productvideo.io\/en\/mentions-legales\/","url":"https:\/\/productvideo.io\/en\/mentions-legales\/","name":"mentions l\u00e9gales Product Video Generator","isPartOf":{"@id":"https:\/\/productvideo.io\/en\/#website"},"primaryImageOfPage":{"@id":"https:\/\/productvideo.io\/en\/mentions-legales\/#primaryimage"},"image":{"@id":"https:\/\/productvideo.io\/en\/mentions-legales\/#primaryimage"},"thumbnailUrl":"https:\/\/productvideo.io\/wp-content\/uploads\/2025\/04\/logo_PVG_300_.png","datePublished":"2024-09-25T15:01:41+00:00","dateModified":"2025-09-10T14:31:06+00:00","description":"Mentions l\u00e9gales Product Video Generator. Retrouvez sur cette page les mentions et informations l\u00e9gales concernant Product Video Generator","breadcrumb":{"@id":"https:\/\/productvideo.io\/en\/mentions-legales\/#breadcrumb"},"inLanguage":"en-US","potentialAction":[{"@type":"ReadAction","target":["https:\/\/productvideo.io\/en\/mentions-legales\/"]}]},{"@type":"ImageObject","inLanguage":"en-US","@id":"https:\/\/productvideo.io\/en\/mentions-legales\/#primaryimage","url":"https:\/\/productvideo.io\/wp-content\/uploads\/2025\/04\/logo_PVG_300_.png","contentUrl":"https:\/\/productvideo.io\/wp-content\/uploads\/2025\/04\/logo_PVG_300_.png"},{"@type":"BreadcrumbList","@id":"https:\/\/productvideo.io\/en\/mentions-legales\/#breadcrumb","itemListElement":[{"@type":"ListItem","position":1,"name":"Accueil","item":"https:\/\/productvideo.io\/en\/"},{"@type":"ListItem","position":2,"name":"Mentions l\u00e9gales"}]},{"@type":"WebSite","@id":"https:\/\/productvideo.io\/en\/#website","url":"https:\/\/productvideo.io\/en\/","name":"Product Video Generator With AI","description":"G\u00e9n\u00e9ration de vid\u00e9os pour vos produits e-commerce","publisher":{"@id":"https:\/\/productvideo.io\/en\/#organization"},"alternateName":"PVG","potentialAction":[{"@type":"SearchAction","target":{"@type":"EntryPoint","urlTemplate":"https:\/\/productvideo.io\/en\/?s={search_term_string}"},"query-input":{"@type":"PropertyValueSpecification","valueRequired":true,"valueName":"search_term_string"}}],"inLanguage":"en-US"},{"@type":"Organization","@id":"https:\/\/productvideo.io\/en\/#organization","name":"I.R.C. Ouest Acacia Dynamic","url":"https:\/\/productvideo.io\/en\/","logo":{"@type":"ImageObject","inLanguage":"en-US","@id":"https:\/\/productvideo.io\/en\/#\/schema\/logo\/image\/","url":"https:\/\/i0.wp.com\/productvideo.io\/wp-content\/uploads\/2024\/09\/cropped-1563199803621.jpg?fit=200%2C133&ssl=1","contentUrl":"https:\/\/i0.wp.com\/productvideo.io\/wp-content\/uploads\/2024\/09\/cropped-1563199803621.jpg?fit=200%2C133&ssl=1","width":200,"height":133,"caption":"I.R.C. Ouest Acacia Dynamic"},"image":{"@id":"https:\/\/productvideo.io\/en\/#\/schema\/logo\/image\/"}}]}},"_links":{"self":[{"href":"https:\/\/productvideo.io\/en\/wp-json\/wp\/v2\/pages\/2127","targetHints":{"allow":["GET"]}}],"collection":[{"href":"https:\/\/productvideo.io\/en\/wp-json\/wp\/v2\/pages"}],"about":[{"href":"https:\/\/productvideo.io\/en\/wp-json\/wp\/v2\/types\/page"}],"author":[{"embeddable":true,"href":"https:\/\/productvideo.io\/en\/wp-json\/wp\/v2\/users\/1"}],"replies":[{"embeddable":true,"href":"https:\/\/productvideo.io\/en\/wp-json\/wp\/v2\/comments?post=2127"}],"version-history":[{"count":1,"href":"https:\/\/productvideo.io\/en\/wp-json\/wp\/v2\/pages\/2127\/revisions"}],"predecessor-version":[{"id":2128,"href":"https:\/\/productvideo.io\/en\/wp-json\/wp\/v2\/pages\/2127\/revisions\/2128"}],"wp:attachment":[{"href":"https:\/\/productvideo.io\/en\/wp-json\/wp\/v2\/media?parent=2127"}],"curies":[{"name":"wp","href":"https:\/\/api.w.org\/{rel}","templated":true}]}}