{"id":1097,"date":"2024-11-25T14:54:38","date_gmt":"2024-11-25T13:54:38","guid":{"rendered":"https:\/\/digitalsignage4.com\/installation-digitalsignage4\/"},"modified":"2025-09-12T15:10:52","modified_gmt":"2025-09-12T13:10:52","slug":"installation-productvideogenerator","status":"publish","type":"page","link":"https:\/\/productvideo.io\/en\/installation-productvideogenerator\/","title":{"rendered":"Installation Product Video Generator"},"content":{"rendered":"<p>\t\t<div data-elementor-type=\"wp-page\" data-elementor-id=\"1097\" class=\"elementor elementor-1097 elementor-1019\" data-elementor-post-type=\"page\">\n\t\t\t\t<div class=\"wd-negative-gap elementor-element elementor-element-3a8b91a e-flex e-con-boxed e-con e-parent\" data-id=\"3a8b91a\" data-element_type=\"container\" data-e-type=\"container\">\n\t\t\t\t\t<div class=\"e-con-inner\">\n\t\t\t\t<div class=\"elementor-element elementor-element-8ec443e elementor-widget elementor-widget-heading\" data-id=\"8ec443e\" data-element_type=\"widget\" data-e-type=\"widget\" data-widget_type=\"heading.default\">\n\t\t\t\t<div class=\"elementor-widget-container\">\n\t\t\t\t\t<h1 class=\"elementor-heading-title elementor-size-default\">Install Product Video Generator\n<\/h1>\t\t\t\t<\/div>\n\t\t\t\t<\/div>\n\t\t\t\t<div class=\"elementor-element elementor-element-073a512 elementor-widget elementor-widget-spacer\" data-id=\"073a512\" data-element_type=\"widget\" data-e-type=\"widget\" data-widget_type=\"spacer.default\">\n\t\t\t\t<div class=\"elementor-widget-container\">\n\t\t\t\t\t\t\t<div class=\"elementor-spacer\">\n\t\t\t<div class=\"elementor-spacer-inner\"><\/div>\n\t\t<\/div>\n\t\t\t\t\t\t<\/div>\n\t\t\t\t<\/div>\n\t\t\t\t\t<\/div>\n\t\t\t\t<\/div>\n\t\t<div class=\"wd-negative-gap elementor-element elementor-element-9bc2424 e-flex e-con-boxed e-con e-parent\" data-id=\"9bc2424\" data-element_type=\"container\" data-e-type=\"container\">\n\t\t\t\t\t<div class=\"e-con-inner\">\n\t\t<div class=\"elementor-element elementor-element-bb8df48 e-con-full e-flex e-con e-child\" data-id=\"bb8df48\" data-element_type=\"container\" data-e-type=\"container\">\n\t\t\t\t<div class=\"elementor-element elementor-element-59549d8 elementor-widget elementor-widget-image\" data-id=\"59549d8\" data-element_type=\"widget\" data-e-type=\"widget\" data-widget_type=\"image.default\">\n\t\t\t\t<div class=\"elementor-widget-container\">\n\t\t\t\t\t\t\t\t\t\t\t\t\t\t\t<img data-recalc-dims=\"1\" decoding=\"async\" src=\"https:\/\/i0.wp.com\/productvideo.io\/wp-content\/uploads\/elementor\/thumbs\/PVG-Woo-commerce-e1746795035939-r6dbah0iqvuj93bsw2r48n4h6kzw07dzfp6vmd3zii.png?ssl=1\" title=\"PVG + Woo commerce\" alt=\"Product Video Generator with AI pour WooCommerce\" loading=\"lazy\" \/>\t\t\t\t\t\t\t\t\t\t\t\t\t\t\t<\/div>\n\t\t\t\t<\/div>\n\t\t\t\t<div class=\"elementor-element elementor-element-86e94d2 elementor-widget elementor-widget-spacer\" data-id=\"86e94d2\" data-element_type=\"widget\" data-e-type=\"widget\" data-widget_type=\"spacer.default\">\n\t\t\t\t<div class=\"elementor-widget-container\">\n\t\t\t\t\t\t\t<div class=\"elementor-spacer\">\n\t\t\t<div class=\"elementor-spacer-inner\"><\/div>\n\t\t<\/div>\n\t\t\t\t\t\t<\/div>\n\t\t\t\t<\/div>\n\t\t\t\t<div class=\"elementor-element elementor-element-60263e1 color-scheme-inherit text-left elementor-widget elementor-widget-text-editor\" data-id=\"60263e1\" data-element_type=\"widget\" data-e-type=\"widget\" data-widget_type=\"text-editor.default\">\n\t\t\t\t<div class=\"elementor-widget-container\">\n\t\t\t\t\t\t\t\t\t<h4>Instructions for installing Product Video Generator for WordPress and WooCommerce.<\/h4><ol><li> Download the plugin.<\/li><li>In the WordPress Extensions menu, click Add Extension and upload the zip file.<\/li><li>Create your account for free from your store&#8217;s back office and start creating your product videos.<\/li><li>If you want advanced features, opt for an annual or monthly plan<\/li><\/ol>\t\t\t\t\t\t\t\t<\/div>\n\t\t\t\t<\/div>\n\t\t\t\t<div class=\"elementor-element elementor-element-cb21483 elementor-align-center elementor-widget elementor-widget-button\" data-id=\"cb21483\" data-element_type=\"widget\" data-e-type=\"widget\" data-widget_type=\"button.default\">\n\t\t\t\t<div class=\"elementor-widget-container\">\n\t\t\t\t\t\t\t\t\t<div class=\"elementor-button-wrapper\">\n\t\t\t\t\t<a class=\"elementor-button elementor-button-link elementor-size-sm\" href=\"https:\/\/productvideo.io\/wp-content\/uploads\/2025\/05\/ProductVideoGenerator-WooCommerce-1.zip\" target=\"_blank\">\n\t\t\t\t\t\t<span class=\"elementor-button-content-wrapper\">\n\t\t\t\t\t\t\t\t\t<span class=\"elementor-button-text\">I download Product Video Generator for WooCommerce<\/span>\n\t\t\t\t\t<\/span>\n\t\t\t\t\t<\/a>\n\t\t\t\t<\/div>\n\t\t\t\t\t\t\t\t<\/div>\n\t\t\t\t<\/div>\n\t\t\t\t<\/div>\n\t\t<div class=\"elementor-element elementor-element-c797c7c e-con-full e-flex e-con e-child\" data-id=\"c797c7c\" data-element_type=\"container\" data-e-type=\"container\">\n\t\t\t\t<div class=\"elementor-element elementor-element-3a2ee64 elementor-widget elementor-widget-image\" data-id=\"3a2ee64\" data-element_type=\"widget\" data-e-type=\"widget\" data-widget_type=\"image.default\">\n\t\t\t\t<div class=\"elementor-widget-container\">\n\t\t\t\t\t\t\t\t\t\t\t\t\t\t\t<img data-recalc-dims=\"1\" decoding=\"async\" src=\"https:\/\/i0.wp.com\/productvideo.io\/wp-content\/uploads\/elementor\/thumbs\/PVG-PrestaShop-1-e1746795121103-r6dbah0iqvuj93bsw2r48n4h6kzw07dzfp6vmd3zi8.png?ssl=1\" title=\"PVG + PrestaShop\" alt=\"Product Video Generator with AI pour PrestaShop\" loading=\"lazy\" \/>\t\t\t\t\t\t\t\t\t\t\t\t\t\t\t<\/div>\n\t\t\t\t<\/div>\n\t\t\t\t<div class=\"elementor-element elementor-element-bf11ce5 elementor-widget elementor-widget-spacer\" data-id=\"bf11ce5\" data-element_type=\"widget\" data-e-type=\"widget\" data-widget_type=\"spacer.default\">\n\t\t\t\t<div class=\"elementor-widget-container\">\n\t\t\t\t\t\t\t<div class=\"elementor-spacer\">\n\t\t\t<div class=\"elementor-spacer-inner\"><\/div>\n\t\t<\/div>\n\t\t\t\t\t\t<\/div>\n\t\t\t\t<\/div>\n\t\t\t\t<div class=\"elementor-element elementor-element-be8d392 color-scheme-inherit text-left elementor-widget elementor-widget-text-editor\" data-id=\"be8d392\" data-element_type=\"widget\" data-e-type=\"widget\" data-widget_type=\"text-editor.default\">\n\t\t\t\t<div class=\"elementor-widget-container\">\n\t\t\t\t\t\t\t\t\t<h4>Instructions for installing Product Video Generator for PrestaShop.<\/h4><ol><li> Download the plugin.<\/li><li>In the PrestaShop Modules menu, click Add Module and upload the zip file.<\/li><li>Create your account for free from your store&#8217;s back office and start creating your product videos.<\/li><li>If you want advanced features, opt for an annual or monthly plan<\/li><\/ol>\t\t\t\t\t\t\t\t<\/div>\n\t\t\t\t<\/div>\n\t\t\t\t<div class=\"elementor-element elementor-element-c3826b3 elementor-align-center elementor-widget elementor-widget-button\" data-id=\"c3826b3\" data-element_type=\"widget\" data-e-type=\"widget\" data-widget_type=\"button.default\">\n\t\t\t\t<div class=\"elementor-widget-container\">\n\t\t\t\t\t\t\t\t\t<div class=\"elementor-button-wrapper\">\n\t\t\t\t\t<a class=\"elementor-button elementor-button-link elementor-size-sm\" href=\"https:\/\/productvideo.io\/wp-content\/uploads\/2025\/05\/ProductVideoGenerator-PrestaShop-1.zip\" target=\"_blank\">\n\t\t\t\t\t\t<span class=\"elementor-button-content-wrapper\">\n\t\t\t\t\t\t\t\t\t<span class=\"elementor-button-text\">I download Product Video Generator for PrestaShop<\/span>\n\t\t\t\t\t<\/span>\n\t\t\t\t\t<\/a>\n\t\t\t\t<\/div>\n\t\t\t\t\t\t\t\t<\/div>\n\t\t\t\t<\/div>\n\t\t\t\t<\/div>\n\t\t\t\t\t<\/div>\n\t\t\t\t<\/div>\n\t\t\t\t<\/div>\n\t\t<p>","protected":false},"excerpt":{"rendered":"<p>Install Product Video Generator Instructions for installing Product Video Generator for WordPress and WooCommerce. Download the plugin. In the WordPress<\/p>\n","protected":false},"author":1,"featured_media":0,"parent":0,"menu_order":0,"comment_status":"closed","ping_status":"closed","template":"","meta":{"footnotes":""},"class_list":["post-1097","page","type-page","status-publish","hentry"],"yoast_head":"<!-- This site is optimized with the Yoast SEO plugin v27.1.1 - https:\/\/yoast.com\/product\/yoast-seo-wordpress\/ -->\n<title>Installation Product Video Generator with AI<\/title>\n<meta name=\"description\" content=\"Install Product Video Generator. Simply download the plugin for PrestaShop or WooCommerce and install it in your website&#039;s BO.\" \/>\n<meta name=\"robots\" content=\"index, follow, max-snippet:-1, max-image-preview:large, max-video-preview:-1\" \/>\n<link rel=\"canonical\" href=\"https:\/\/productvideo.io\/en\/installation-productvideogenerator\/\" \/>\n<meta property=\"og:locale\" content=\"en_US\" \/>\n<meta property=\"og:type\" content=\"article\" \/>\n<meta property=\"og:title\" content=\"Installation Product Video Generator with AI\" \/>\n<meta property=\"og:description\" content=\"Install Product Video Generator. Simply download the plugin for PrestaShop or WooCommerce and install it in your website&#039;s BO.\" \/>\n<meta property=\"og:url\" content=\"https:\/\/productvideo.io\/en\/installation-productvideogenerator\/\" \/>\n<meta property=\"og:site_name\" content=\"Product Video Generator with AI\" \/>\n<meta property=\"article:modified_time\" content=\"2025-09-12T13:10:52+00:00\" \/>\n<meta property=\"og:image\" content=\"https:\/\/productvideo.io\/wp-content\/uploads\/elementor\/thumbs\/PVG-Woo-commerce-e1746795035939-r6dbah0iqvuj93bsw2r48n4h6kzw07dzfp6vmd3zii.png\" \/>\n<meta name=\"twitter:card\" content=\"summary_large_image\" \/>\n<meta name=\"twitter:label1\" content=\"Est. reading time\" \/>\n\t<meta name=\"twitter:data1\" content=\"1 minute\" \/>\n<script type=\"application\/ld+json\" class=\"yoast-schema-graph\">{\"@context\":\"https:\/\/schema.org\",\"@graph\":[{\"@type\":\"WebPage\",\"@id\":\"https:\/\/productvideo.io\/en\/installation-productvideogenerator\/\",\"url\":\"https:\/\/productvideo.io\/en\/installation-productvideogenerator\/\",\"name\":\"Installation Product Video Generator with AI\",\"isPartOf\":{\"@id\":\"https:\/\/productvideo.io\/en\/#website\"},\"primaryImageOfPage\":{\"@id\":\"https:\/\/productvideo.io\/en\/installation-productvideogenerator\/#primaryimage\"},\"image\":{\"@id\":\"https:\/\/productvideo.io\/en\/installation-productvideogenerator\/#primaryimage\"},\"thumbnailUrl\":\"https:\/\/productvideo.io\/wp-content\/uploads\/elementor\/thumbs\/PVG-Woo-commerce-e1746795035939-r6dbah0iqvuj93bsw2r48n4h6kzw07dzfp6vmd3zii.png\",\"datePublished\":\"2024-11-25T13:54:38+00:00\",\"dateModified\":\"2025-09-12T13:10:52+00:00\",\"description\":\"Install Product Video Generator. Simply download the plugin for PrestaShop or WooCommerce and install it in your website's BO.\",\"breadcrumb\":{\"@id\":\"https:\/\/productvideo.io\/en\/installation-productvideogenerator\/#breadcrumb\"},\"inLanguage\":\"en-US\",\"potentialAction\":[{\"@type\":\"ReadAction\",\"target\":[\"https:\/\/productvideo.io\/en\/installation-productvideogenerator\/\"]}]},{\"@type\":\"ImageObject\",\"inLanguage\":\"en-US\",\"@id\":\"https:\/\/productvideo.io\/en\/installation-productvideogenerator\/#primaryimage\",\"url\":\"https:\/\/productvideo.io\/wp-content\/uploads\/elementor\/thumbs\/PVG-Woo-commerce-e1746795035939-r6dbah0iqvuj93bsw2r48n4h6kzw07dzfp6vmd3zii.png\",\"contentUrl\":\"https:\/\/productvideo.io\/wp-content\/uploads\/elementor\/thumbs\/PVG-Woo-commerce-e1746795035939-r6dbah0iqvuj93bsw2r48n4h6kzw07dzfp6vmd3zii.png\"},{\"@type\":\"BreadcrumbList\",\"@id\":\"https:\/\/productvideo.io\/en\/installation-productvideogenerator\/#breadcrumb\",\"itemListElement\":[{\"@type\":\"ListItem\",\"position\":1,\"name\":\"Accueil\",\"item\":\"https:\/\/productvideo.io\/en\/\"},{\"@type\":\"ListItem\",\"position\":2,\"name\":\"Installation Product Video Generator\"}]},{\"@type\":\"WebSite\",\"@id\":\"https:\/\/productvideo.io\/en\/#website\",\"url\":\"https:\/\/productvideo.io\/en\/\",\"name\":\"Product Video Generator With AI\",\"description\":\"G\u00e9n\u00e9ration de vid\u00e9os pour vos produits e-commerce\",\"publisher\":{\"@id\":\"https:\/\/productvideo.io\/en\/#organization\"},\"alternateName\":\"PVG\",\"potentialAction\":[{\"@type\":\"SearchAction\",\"target\":{\"@type\":\"EntryPoint\",\"urlTemplate\":\"https:\/\/productvideo.io\/en\/?s={search_term_string}\"},\"query-input\":{\"@type\":\"PropertyValueSpecification\",\"valueRequired\":true,\"valueName\":\"search_term_string\"}}],\"inLanguage\":\"en-US\"},{\"@type\":\"Organization\",\"@id\":\"https:\/\/productvideo.io\/en\/#organization\",\"name\":\"I.R.C. Ouest Acacia Dynamic\",\"url\":\"https:\/\/productvideo.io\/en\/\",\"logo\":{\"@type\":\"ImageObject\",\"inLanguage\":\"en-US\",\"@id\":\"https:\/\/productvideo.io\/en\/#\/schema\/logo\/image\/\",\"url\":\"https:\/\/i0.wp.com\/productvideo.io\/wp-content\/uploads\/2024\/09\/cropped-1563199803621.jpg?fit=200%2C133&ssl=1\",\"contentUrl\":\"https:\/\/i0.wp.com\/productvideo.io\/wp-content\/uploads\/2024\/09\/cropped-1563199803621.jpg?fit=200%2C133&ssl=1\",\"width\":200,\"height\":133,\"caption\":\"I.R.C. Ouest Acacia Dynamic\"},\"image\":{\"@id\":\"https:\/\/productvideo.io\/en\/#\/schema\/logo\/image\/\"}}]}<\/script>\n<!-- \/ Yoast SEO plugin. -->","yoast_head_json":{"title":"Installation Product Video Generator with AI","description":"Install Product Video Generator. Simply download the plugin for PrestaShop or WooCommerce and install it in your website's BO.","robots":{"index":"index","follow":"follow","max-snippet":"max-snippet:-1","max-image-preview":"max-image-preview:large","max-video-preview":"max-video-preview:-1"},"canonical":"https:\/\/productvideo.io\/en\/installation-productvideogenerator\/","og_locale":"en_US","og_type":"article","og_title":"Installation Product Video Generator with AI","og_description":"Install Product Video Generator. Simply download the plugin for PrestaShop or WooCommerce and install it in your website's BO.","og_url":"https:\/\/productvideo.io\/en\/installation-productvideogenerator\/","og_site_name":"Product Video Generator with AI","article_modified_time":"2025-09-12T13:10:52+00:00","og_image":[{"url":"https:\/\/productvideo.io\/wp-content\/uploads\/elementor\/thumbs\/PVG-Woo-commerce-e1746795035939-r6dbah0iqvuj93bsw2r48n4h6kzw07dzfp6vmd3zii.png","type":"","width":"","height":""}],"twitter_card":"summary_large_image","twitter_misc":{"Est. reading time":"1 minute"},"schema":{"@context":"https:\/\/schema.org","@graph":[{"@type":"WebPage","@id":"https:\/\/productvideo.io\/en\/installation-productvideogenerator\/","url":"https:\/\/productvideo.io\/en\/installation-productvideogenerator\/","name":"Installation Product Video Generator with AI","isPartOf":{"@id":"https:\/\/productvideo.io\/en\/#website"},"primaryImageOfPage":{"@id":"https:\/\/productvideo.io\/en\/installation-productvideogenerator\/#primaryimage"},"image":{"@id":"https:\/\/productvideo.io\/en\/installation-productvideogenerator\/#primaryimage"},"thumbnailUrl":"https:\/\/productvideo.io\/wp-content\/uploads\/elementor\/thumbs\/PVG-Woo-commerce-e1746795035939-r6dbah0iqvuj93bsw2r48n4h6kzw07dzfp6vmd3zii.png","datePublished":"2024-11-25T13:54:38+00:00","dateModified":"2025-09-12T13:10:52+00:00","description":"Install Product Video Generator. Simply download the plugin for PrestaShop or WooCommerce and install it in your website's BO.","breadcrumb":{"@id":"https:\/\/productvideo.io\/en\/installation-productvideogenerator\/#breadcrumb"},"inLanguage":"en-US","potentialAction":[{"@type":"ReadAction","target":["https:\/\/productvideo.io\/en\/installation-productvideogenerator\/"]}]},{"@type":"ImageObject","inLanguage":"en-US","@id":"https:\/\/productvideo.io\/en\/installation-productvideogenerator\/#primaryimage","url":"https:\/\/productvideo.io\/wp-content\/uploads\/elementor\/thumbs\/PVG-Woo-commerce-e1746795035939-r6dbah0iqvuj93bsw2r48n4h6kzw07dzfp6vmd3zii.png","contentUrl":"https:\/\/productvideo.io\/wp-content\/uploads\/elementor\/thumbs\/PVG-Woo-commerce-e1746795035939-r6dbah0iqvuj93bsw2r48n4h6kzw07dzfp6vmd3zii.png"},{"@type":"BreadcrumbList","@id":"https:\/\/productvideo.io\/en\/installation-productvideogenerator\/#breadcrumb","itemListElement":[{"@type":"ListItem","position":1,"name":"Accueil","item":"https:\/\/productvideo.io\/en\/"},{"@type":"ListItem","position":2,"name":"Installation Product Video Generator"}]},{"@type":"WebSite","@id":"https:\/\/productvideo.io\/en\/#website","url":"https:\/\/productvideo.io\/en\/","name":"Product Video Generator With AI","description":"G\u00e9n\u00e9ration de vid\u00e9os pour vos produits e-commerce","publisher":{"@id":"https:\/\/productvideo.io\/en\/#organization"},"alternateName":"PVG","potentialAction":[{"@type":"SearchAction","target":{"@type":"EntryPoint","urlTemplate":"https:\/\/productvideo.io\/en\/?s={search_term_string}"},"query-input":{"@type":"PropertyValueSpecification","valueRequired":true,"valueName":"search_term_string"}}],"inLanguage":"en-US"},{"@type":"Organization","@id":"https:\/\/productvideo.io\/en\/#organization","name":"I.R.C. Ouest Acacia Dynamic","url":"https:\/\/productvideo.io\/en\/","logo":{"@type":"ImageObject","inLanguage":"en-US","@id":"https:\/\/productvideo.io\/en\/#\/schema\/logo\/image\/","url":"https:\/\/i0.wp.com\/productvideo.io\/wp-content\/uploads\/2024\/09\/cropped-1563199803621.jpg?fit=200%2C133&ssl=1","contentUrl":"https:\/\/i0.wp.com\/productvideo.io\/wp-content\/uploads\/2024\/09\/cropped-1563199803621.jpg?fit=200%2C133&ssl=1","width":200,"height":133,"caption":"I.R.C. Ouest Acacia Dynamic"},"image":{"@id":"https:\/\/productvideo.io\/en\/#\/schema\/logo\/image\/"}}]}},"_links":{"self":[{"href":"https:\/\/productvideo.io\/en\/wp-json\/wp\/v2\/pages\/1097","targetHints":{"allow":["GET"]}}],"collection":[{"href":"https:\/\/productvideo.io\/en\/wp-json\/wp\/v2\/pages"}],"about":[{"href":"https:\/\/productvideo.io\/en\/wp-json\/wp\/v2\/types\/page"}],"author":[{"embeddable":true,"href":"https:\/\/productvideo.io\/en\/wp-json\/wp\/v2\/users\/1"}],"replies":[{"embeddable":true,"href":"https:\/\/productvideo.io\/en\/wp-json\/wp\/v2\/comments?post=1097"}],"version-history":[{"count":5,"href":"https:\/\/productvideo.io\/en\/wp-json\/wp\/v2\/pages\/1097\/revisions"}],"predecessor-version":[{"id":2122,"href":"https:\/\/productvideo.io\/en\/wp-json\/wp\/v2\/pages\/1097\/revisions\/2122"}],"wp:attachment":[{"href":"https:\/\/productvideo.io\/en\/wp-json\/wp\/v2\/media?parent=1097"}],"curies":[{"name":"wp","href":"https:\/\/api.w.org\/{rel}","templated":true}]}}